{"id":72,"date":"2021-09-08T15:37:11","date_gmt":"2021-09-08T18:37:11","guid":{"rendered":"https:\/\/cbhcvsm.meioambiente.go.gov.br\/?page_id=72"},"modified":"2024-02-23T18:29:47","modified_gmt":"2024-02-23T21:29:47","slug":"enquadramento","status":"publish","type":"page","link":"https:\/\/cbhcvsm.meioambiente.go.gov.br\/?page_id=72","title":{"rendered":"Enquadramento"},"content":{"rendered":"\n<p>O enquadramento dos corpos d\u2019\u00e1gua \u00e9 um dos instrumentos de gest\u00e3o dos recursos h\u00eddricos definidos pela&nbsp;<a href=\"http:\/\/www.planalto.gov.br\/ccivil_03\/leis\/l9433.htm\">Lei 9.433\/97<\/a>&nbsp;(Lei das \u00c1guas) e estabelece o n\u00edvel de qualidade da \u00e1gua (classe) a ser alcan\u00e7ado ou mantido em um segmento de corpo d\u2019\u00e1gua ao longo do tempo.<\/p>\n\n\n\n<p>Este instrumento visa \u201cassegurar \u00e0s \u00e1guas qualidade compat\u00edvel com os usos mais exigentes a que forem destinadas\u201d e \u201cdiminuir os custos de combate \u00e0 polui\u00e7\u00e3o das \u00e1guas, mediante a\u00e7\u00f5es preventivas permanentes\u201d (Art. 9o ,&nbsp;<a href=\"http:\/\/www.planalto.gov.br\/ccivil_03\/leis\/l9433.htm\">Lei 9.433\/97<\/a>).<\/p>\n\n\n\n<p>As metas de qualidade da \u00e1gua indicadas pelo enquadramento constituem a express\u00e3o dos objetivos p\u00fablicos para a gest\u00e3o dos recursos h\u00eddricos. Deste modo, essas metas devem corresponder ao resultado final de um processo que leve em conta os fatores ambientais, sociais e econ\u00f4micos.<\/p>\n\n\n\n<p>De acordo com a&nbsp;<a href=\"http:\/\/pnqa.ana.gov.br\/Publicacao\/RESOLU%C3%87%C3%83O%20CNRH%20n%C2%BA%2091.pdf\"><strong>Resolu\u00e7\u00e3o CNRH n\u00ba 91\/2008<\/strong><\/a>, deve ser elaborado um programa para efetiva\u00e7\u00e3o do enquadramento com propostas de a\u00e7\u00f5es de gest\u00e3o e seus prazos de execu\u00e7\u00e3o, os planos de investimentos e os instrumentos de compromisso que compreendam:<\/p>\n\n\n\n<ul class=\"wp-block-list\">\n<li>Recomenda\u00e7\u00f5es de a\u00e7\u00f5es educativas, preventivas e corretivas, de mobiliza\u00e7\u00e3o social e de gest\u00e3o, identificando-se os custos e as principais fontes de financiamento;<\/li>\n\n\n\n<li>Recomenda\u00e7\u00f5es aos agentes p\u00fablicos e privados envolvidos, para viabilizar o alcance das metas e os mecanismos de formaliza\u00e7\u00e3o, indicando as atribui\u00e7\u00f5es e compromissos a serem assumidos;<\/li>\n\n\n\n<li>Propostas a serem apresentadas aos poderes p\u00fablicos federal, estadual e municipal para adequa\u00e7\u00e3o dos respectivos planos, programas e projetos de desenvolvimento e dos planos de uso e ocupa\u00e7\u00e3o do solo \u00e0s metas estabelecidas na proposta de enquadramento; e<\/li>\n\n\n\n<li>Subs\u00eddios t\u00e9cnicos e recomenda\u00e7\u00f5es para a atua\u00e7\u00e3o dos comit\u00eas de bacia hidrogr\u00e1fica.<\/li>\n<\/ul>\n\n\n\n<p>Classes de Uso<\/p>\n\n\n\n<p>A classifica\u00e7\u00e3o da qualidade da \u00e1gua de cursos d\u2019\u00e1gua em classes segue as orienta\u00e7\u00f5es contidas nas Resolu\u00e7\u00f5es do Conselho Nacional do Meio Ambiente (CONAMA) e do Conselho Nacional de Recursos H\u00eddricos (CNRH), sendo elas:<\/p>\n\n\n\n<ul class=\"wp-block-list\">\n<li><a href=\"https:\/\/www.icmbio.gov.br\/cepsul\/images\/stories\/legislacao\/Resolucao\/2005\/res_conama_357_2005_classificacao_corpos_agua_rtfcda_altrd_res_393_2007_397_2008_410_2009_430_2011.pdf\"><strong>Resolu\u00e7\u00e3o CONAMA n\u00ba 357\/2005<\/strong><\/a>, que disp\u00f5e sobre a classifica\u00e7\u00e3o dos corpos de \u00e1gua e diretrizes para o seu enquadramento, bem como estabelece as condi\u00e7\u00f5es e padr\u00f5es de lan\u00e7amento de efluentes, e d\u00e1 outras provid\u00eancias.<\/li>\n\n\n\n<li><a href=\"https:\/\/www.legisweb.com.br\/legislacao\/?id=108783\"><strong>Resolu\u00e7\u00e3o CONAMA n\u00b0 397\/2008<\/strong><\/a>, que altera o art. 34 da Resolu\u00e7\u00e3o CONAMA 357\/2005.<\/li>\n\n\n\n<li><a href=\"http:\/\/pnqa.ana.gov.br\/Publicacao\/RESOLU%C3%87%C3%83O%20CNRH%20n%C2%BA%2091.pdf\"><strong>Resolu\u00e7\u00e3o CNRH n\u00ba 91\/2008<\/strong><\/a>, que estabelece os procedimentos gerais para o enquadramento dos corpos d\u2019\u00e1gua superficiais e subterr\u00e2neos.<\/li>\n\n\n\n<li><a href=\"http:\/\/portalpnqa.ana.gov.br\/Publicacao\/RESOLU%C3%87%C3%83O%20CONAMA%20n%C2%BA%20396.pdf\"><strong>Resolu\u00e7\u00e3o CONAMA n\u00ba 396\/2008<\/strong><\/a>, que estabelece o enquadramento das \u00e1guas subterr\u00e2neas.<\/li>\n<\/ul>\n\n\n\n<p>Os documentos listados apresentam os limites de uso da \u00e1gua para os diferentes usos, al\u00e9m de prever restri\u00e7\u00f5es relativas aos efluentes lan\u00e7ados nos corpos d\u2019\u00e1gua superficiais. Estes limites nortear\u00e3o a classifica\u00e7\u00e3o dos cursos d\u2019\u00e1gua da UPGRH na sua condi\u00e7\u00e3o atual e a partir destes ser\u00e3o sugeridas a\u00e7\u00f5es para a melhoria da qualidade da \u00e1gua dos rios da bacia.<\/p>\n\n\n\n<p>A classe de enquadramento dos corpos d\u2019\u00e1gua deve ser acordada com os diferentes usu\u00e1rios do manancial incluindo a manuten\u00e7\u00e3o das comunidades aqu\u00e1ticas. As \u00e1guas com melhor qualidade permitem usos mais exigentes. ANA (2013) estabelece que para definir a qualidade da \u00e1gua de um manancial, seja ele superficial ou subterr\u00e2neo, \u00e9 necess\u00e1rio analisar tr\u00eas condi\u00e7\u00f5es:<\/p>\n\n\n\n<ul class=\"wp-block-list\">\n<li>a condi\u00e7\u00e3o atual do corpo d\u2019\u00e1gua ou o \u201crio que temos\u201d;<\/li>\n\n\n\n<li>discutir com a popula\u00e7\u00e3o e usu\u00e1rios a qualidade desejada para aquele corpo d\u2019\u00e1gua ou o \u201crio que queremos\u201d; e<\/li>\n\n\n\n<li>por fim, a an\u00e1lise racional sob o ponto de vista t\u00e9cnico sobre o que \u00e9 poss\u00edvel ser feito dentro das condi\u00e7\u00f5es existentes ou o \u201crio que podemos\u201d (<a href=\"http:\/\/pnqa.ana.gov.br\/Publicacao\/PANORAMA_DO_ENQUADRAMENTO.pdf\">ANA, 2013<\/a>).<\/li>\n<\/ul>\n\n\n\n<p>Seguindo essas orienta\u00e7\u00f5es, as classes consideradas para o enquadramento dos rios seguem a classifica\u00e7\u00e3o mostrada na Figura abaixo.<\/p>\n\n\n\n<p><\/p>\n\n\n<div class=\"wp-block-image\">\n<figure class=\"aligncenter size-large\"><img data-recalc-dims=\"1\" fetchpriority=\"high\" decoding=\"async\" width=\"1024\" height=\"385\" src=\"https:\/\/i0.wp.com\/cbhcvsm.meioambiente.go.gov.br\/wp-content\/uploads\/2023\/02\/figura-PG-15-2.png?resize=1024%2C385&#038;ssl=1\" alt=\"\" class=\"wp-image-583\" srcset=\"https:\/\/i0.wp.com\/cbhcvsm.meioambiente.go.gov.br\/wp-content\/uploads\/2023\/02\/figura-PG-15-2.png?resize=1024%2C385&amp;ssl=1 1024w, https:\/\/i0.wp.com\/cbhcvsm.meioambiente.go.gov.br\/wp-content\/uploads\/2023\/02\/figura-PG-15-2.png?resize=300%2C113&amp;ssl=1 300w, https:\/\/i0.wp.com\/cbhcvsm.meioambiente.go.gov.br\/wp-content\/uploads\/2023\/02\/figura-PG-15-2.png?resize=768%2C289&amp;ssl=1 768w, https:\/\/i0.wp.com\/cbhcvsm.meioambiente.go.gov.br\/wp-content\/uploads\/2023\/02\/figura-PG-15-2.png?resize=1536%2C577&amp;ssl=1 1536w, https:\/\/i0.wp.com\/cbhcvsm.meioambiente.go.gov.br\/wp-content\/uploads\/2023\/02\/figura-PG-15-2.png?w=1689&amp;ssl=1 1689w\" sizes=\"(max-width: 1000px) 100vw, 1000px\" \/><figcaption class=\"wp-element-caption\"><strong>Figura 1 &#8211; <\/strong>Classes de qualidade da \u00e1gua e rela\u00e7\u00e3o com os usos, segundo Resolu\u00e7\u00e3o CONAMA n\u00ba357\/2005. <br>Fonte: http:\/\/pbapgo.meioambiente.go.gov.br\/wp-content\/uploads\/2021\/10\/RT-05-Enquadramento-UPGRH-Rio-Corumba-Sao-Marcos-e-Verissimo-V05.pdf &#8211; pg. 15<\/figcaption><\/figure>\n<\/div>\n\n\n<p>De acordo com a resolu\u00e7\u00e3o CONAMA 357\/2005, as \u00e1guas doces s\u00e3o classificadas em:<\/p>\n\n\n\n<p><strong>I \u2013 classe especial: \u00e1guas destinadas:<\/strong><\/p>\n\n\n\n<p>a) ao abastecimento para consumo humano, com desinfec\u00e7\u00e3o;<\/p>\n\n\n\n<p>b) \u00e0 preserva\u00e7\u00e3o do equil\u00edbrio natural das comunidades aqu\u00e1ticas; e,<\/p>\n\n\n\n<p>c) \u00e0 preserva\u00e7\u00e3o dos ambientes aqu\u00e1ticos em unidades de conserva\u00e7\u00e3o de prote\u00e7\u00e3o integral.<\/p>\n\n\n\n<p><strong>II \u2013 classe 1: \u00e1guas que podem ser destinadas:<\/strong><\/p>\n\n\n\n<p>a) ao abastecimento para consumo humano, ap\u00f3s tratamento simplificado;<\/p>\n\n\n\n<p>b) \u00e0 prote\u00e7\u00e3o das comunidades aqu\u00e1ticas;<\/p>\n\n\n\n<p>c) \u00e0 recrea\u00e7\u00e3o de contato prim\u00e1rio, tais como nata\u00e7\u00e3o, esqui aqu\u00e1tico e mergulho, conforme&nbsp;<a href=\"http:\/\/pnqa.ana.gov.br\/Publicacao\/Resolu%C3%A7%C3%A3o_Conama_274_Balneabilidade.pdf\">Resolu\u00e7\u00e3o CONAMA n\u00b0 274, de 2000<\/a>;<\/p>\n\n\n\n<p>d) \u00e0 irriga\u00e7\u00e3o de hortali\u00e7as que s\u00e3o consumidas cruas e de frutas que se desenvolvam rentes ao solo e que sejam ingeridas cruas sem remo\u00e7\u00e3o de pel\u00edcula; e<\/p>\n\n\n\n<p>e) \u00e0 prote\u00e7\u00e3o das comunidades aqu\u00e1ticas em Terras Ind\u00edgenas.<\/p>\n\n\n\n<p><strong>III \u2013 classe 2: \u00e1guas que podem ser destinadas:<\/strong><\/p>\n\n\n\n<p>a) ao abastecimento para consumo humano, ap\u00f3s tratamento convencional;<\/p>\n\n\n\n<p>b) \u00e0 prote\u00e7\u00e3o das comunidades aqu\u00e1ticas;<\/p>\n\n\n\n<p>c) \u00e0 recrea\u00e7\u00e3o de contato prim\u00e1rio, tais como nata\u00e7\u00e3o, esqui aqu\u00e1tico e mergulho, conforme&nbsp;<a href=\"http:\/\/pnqa.ana.gov.br\/Publicacao\/Resolu%C3%A7%C3%A3o_Conama_274_Balneabilidade.pdf\">Resolu\u00e7\u00e3o CONAMA n\u00b0 274, de 2000<\/a>;<\/p>\n\n\n\n<p>d) \u00e0 irriga\u00e7\u00e3o de hortali\u00e7as, plantas frut\u00edferas e de parques, jardins, campos de esporte e lazer, com os quais o p\u00fablico possa vir a ter contato direto; e<\/p>\n\n\n\n<p>e) \u00e0 aquicultura e \u00e0 atividade de pesca.<\/p>\n\n\n\n<p><strong>IV \u2013 classe 3: \u00e1guas que podem ser destinadas:<\/strong><\/p>\n\n\n\n<p>a) ao abastecimento para consumo humano, ap\u00f3s tratamento convencional ou avan\u00e7ado;<\/p>\n\n\n\n<p>b) \u00e0 irriga\u00e7\u00e3o de culturas arb\u00f3reas, cereal\u00edferas e forrageiras;<\/p>\n\n\n\n<p>c) \u00e0 pesca amadora;<\/p>\n\n\n\n<p>d) \u00e0 recrea\u00e7\u00e3o de contato secund\u00e1rio; e<\/p>\n\n\n\n<p>e) \u00e0 dessedenta\u00e7\u00e3o de animais.<\/p>\n\n\n\n<p><strong>V \u2013 classe 4: \u00e1guas que podem ser destinadas:<\/strong><\/p>\n\n\n\n<p>a) \u00e0 navega\u00e7\u00e3o; e<\/p>\n\n\n\n<p>b) \u00e0 harmonia paisag\u00edstica.<\/p>\n\n\n\n<p>A Figura abaixo mostra as recomenda\u00e7\u00f5es de uso previstas para cada Classe pela&nbsp;<a href=\"https:\/\/www.icmbio.gov.br\/cepsul\/images\/stories\/legislacao\/Resolucao\/2005\/res_conama_357_2005_classificacao_corpos_agua_rtfcda_altrd_res_393_2007_397_2008_410_2009_430_2011.pdf\"><strong>Resolu\u00e7\u00e3o CONAMA n\u00ba 357\/2005<\/strong><\/a>.<\/p>\n\n\n\n<p>FIGURA DA PG 16<\/p>\n\n\n\n<figure class=\"wp-block-image size-large\"><img data-recalc-dims=\"1\" decoding=\"async\" width=\"1024\" height=\"590\" src=\"https:\/\/i0.wp.com\/cbhcvsm.meioambiente.go.gov.br\/wp-content\/uploads\/2023\/02\/figura-PG-16-1.png?resize=1024%2C590&#038;ssl=1\" alt=\"\" class=\"wp-image-584\" srcset=\"https:\/\/i0.wp.com\/cbhcvsm.meioambiente.go.gov.br\/wp-content\/uploads\/2023\/02\/figura-PG-16-1.png?resize=1024%2C590&amp;ssl=1 1024w, https:\/\/i0.wp.com\/cbhcvsm.meioambiente.go.gov.br\/wp-content\/uploads\/2023\/02\/figura-PG-16-1.png?resize=300%2C173&amp;ssl=1 300w, https:\/\/i0.wp.com\/cbhcvsm.meioambiente.go.gov.br\/wp-content\/uploads\/2023\/02\/figura-PG-16-1.png?resize=768%2C442&amp;ssl=1 768w, https:\/\/i0.wp.com\/cbhcvsm.meioambiente.go.gov.br\/wp-content\/uploads\/2023\/02\/figura-PG-16-1.png?resize=1536%2C885&amp;ssl=1 1536w, https:\/\/i0.wp.com\/cbhcvsm.meioambiente.go.gov.br\/wp-content\/uploads\/2023\/02\/figura-PG-16-1.png?w=1771&amp;ssl=1 1771w\" sizes=\"(max-width: 1000px) 100vw, 1000px\" \/><figcaption class=\"wp-element-caption\"><strong>Figura 2 &#8211;<\/strong> Classes de enquadramento da Resolu\u00e7\u00e3o CONAMA 357\/05 para os diferentes usos<br>Fonte: http:\/\/pbapgo.meioambiente.go.gov.br\/wp-content\/uploads\/2021\/10\/RT-05-Enquadramento-UPGRH-Rio-Corumba-Sao-Marcos-e-Verissimo-V05.pdf&nbsp; &#8211; pg. 16&nbsp;<\/figcaption><\/figure>\n\n\n\n<p><\/p>\n\n\n\n<h1 class=\"wp-block-heading\">A Proposta de Enquadramento na Bacia dos Rios Corumb\u00e1, Ver\u00edssimo e S\u00e3o Marcos<\/h1>\n\n\n\n<p>O estudo para proposi\u00e7\u00e3o do Enquadramento na bacia do Rio dos Rios Corumb\u00e1, Ver\u00edssimo e S\u00e3o Marcos considerou os dados de vaz\u00e3o e de lan\u00e7amentos e classificou os diferentes trechos de cursos d\u2019\u00e1gua que comp\u00f5em a UPGRH de acordo com seus usos preponderantes e seus par\u00e2metros de influ\u00eancia.<\/p>\n\n\n\n<p>A proposta de enquadramento foi elaborada com base nas caracter\u00edsticas e din\u00e2mica dos corpos h\u00eddricos da UPGRH dos Rios Corumb\u00e1, Ver\u00edssimo e S\u00e3o Marcos, considerando as condi\u00e7\u00f5es atuais e previstas de usos na bacia, tanto da \u00e1gua como do solo, levando em conta a qualidade requerida e os poss\u00edveis impactos que podem ocorrer nesses usos.<\/p>\n\n\n\n<p>A proposta foi debatida, validada e aprovada no Comit\u00ea de Bacia e ser\u00e1 enviada em breve para avalia\u00e7\u00e3o do Conselho Estadual de Recursos H\u00eddricos. A discuss\u00e3o nos Grupos de Trabalho e no colegiado do Comit\u00ea de Bacia foi fundamental para integrar a vis\u00e3o dos diferentes atores e segmentos definidores dos usos priorit\u00e1rios de \u00e1gua na Bacia Hidrogr\u00e1fica.<\/p>\n\n\n\n<p>Al\u00e9m disto, esta participa\u00e7\u00e3o dos membros do Comit\u00ea formaliza o compromisso com a melhoria da qualidade da \u00e1gua naqueles trechos de rio onde verificou-se que deve haver uma redu\u00e7\u00e3o da Classe atual e a manuten\u00e7\u00e3o nos corpos h\u00eddricos da bacia onde a qualidade atual \u00e9 satisfat\u00f3ria.<\/p>\n\n\n\n<p>Abaixo s\u00e3o mostrados os cen\u00e1rios para cada horizonte e mapas com a distribui\u00e7\u00e3o espacial na UPGRH destacando as \u00e1reas onde ocorrem mudan\u00e7as entre cada horizonte.<\/p>\n\n\n\n<h2 class=\"wp-block-heading\">Situa\u00e7\u00e3o Atual<\/h2>\n\n\n<div class=\"wp-block-image\">\n<figure class=\"aligncenter size-large\"><img data-recalc-dims=\"1\" decoding=\"async\" width=\"1024\" height=\"724\" src=\"https:\/\/i0.wp.com\/cbhcvsm.meioambiente.go.gov.br\/wp-content\/uploads\/2024\/02\/CLASSIFICACAO_2020.png?resize=1024%2C724&#038;ssl=1\" alt=\"\" class=\"wp-image-967\" srcset=\"https:\/\/i0.wp.com\/cbhcvsm.meioambiente.go.gov.br\/wp-content\/uploads\/2024\/02\/CLASSIFICACAO_2020.png?resize=1024%2C724&amp;ssl=1 1024w, https:\/\/i0.wp.com\/cbhcvsm.meioambiente.go.gov.br\/wp-content\/uploads\/2024\/02\/CLASSIFICACAO_2020.png?resize=300%2C212&amp;ssl=1 300w, https:\/\/i0.wp.com\/cbhcvsm.meioambiente.go.gov.br\/wp-content\/uploads\/2024\/02\/CLASSIFICACAO_2020.png?resize=768%2C543&amp;ssl=1 768w, https:\/\/i0.wp.com\/cbhcvsm.meioambiente.go.gov.br\/wp-content\/uploads\/2024\/02\/CLASSIFICACAO_2020.png?resize=1536%2C1086&amp;ssl=1 1536w, https:\/\/i0.wp.com\/cbhcvsm.meioambiente.go.gov.br\/wp-content\/uploads\/2024\/02\/CLASSIFICACAO_2020.png?resize=2048%2C1448&amp;ssl=1 2048w, https:\/\/i0.wp.com\/cbhcvsm.meioambiente.go.gov.br\/wp-content\/uploads\/2024\/02\/CLASSIFICACAO_2020.png?w=3000&amp;ssl=1 3000w\" sizes=\"(max-width: 1000px) 100vw, 1000px\" \/><figcaption class=\"wp-element-caption\"><strong>Figura \u2013<\/strong> Proposta de enquadramento para a condi\u00e7\u00e3o atual da UPGRH dos Rios Corumb\u00e1, Ver\u00edssimo e S\u00e3o Marcos considerando a Proposta do Grupo de Trabalho do Comit\u00ea de Bacias.<\/figcaption><\/figure>\n<\/div>\n\n\n<h2 class=\"wp-block-heading\">Horizonte 2025<\/h2>\n\n\n<div class=\"wp-block-image\">\n<figure class=\"aligncenter size-large\"><img data-recalc-dims=\"1\" loading=\"lazy\" decoding=\"async\" width=\"1024\" height=\"724\" src=\"https:\/\/i0.wp.com\/cbhcvsm.meioambiente.go.gov.br\/wp-content\/uploads\/2024\/02\/ENQUADRAMENTO_2025_.png?resize=1024%2C724&#038;ssl=1\" alt=\"\" class=\"wp-image-968\" srcset=\"https:\/\/i0.wp.com\/cbhcvsm.meioambiente.go.gov.br\/wp-content\/uploads\/2024\/02\/ENQUADRAMENTO_2025_.png?resize=1024%2C724&amp;ssl=1 1024w, https:\/\/i0.wp.com\/cbhcvsm.meioambiente.go.gov.br\/wp-content\/uploads\/2024\/02\/ENQUADRAMENTO_2025_.png?resize=300%2C212&amp;ssl=1 300w, https:\/\/i0.wp.com\/cbhcvsm.meioambiente.go.gov.br\/wp-content\/uploads\/2024\/02\/ENQUADRAMENTO_2025_.png?resize=768%2C543&amp;ssl=1 768w, https:\/\/i0.wp.com\/cbhcvsm.meioambiente.go.gov.br\/wp-content\/uploads\/2024\/02\/ENQUADRAMENTO_2025_.png?resize=1536%2C1086&amp;ssl=1 1536w, https:\/\/i0.wp.com\/cbhcvsm.meioambiente.go.gov.br\/wp-content\/uploads\/2024\/02\/ENQUADRAMENTO_2025_.png?resize=2048%2C1448&amp;ssl=1 2048w, https:\/\/i0.wp.com\/cbhcvsm.meioambiente.go.gov.br\/wp-content\/uploads\/2024\/02\/ENQUADRAMENTO_2025_.png?w=3000&amp;ssl=1 3000w\" sizes=\"(max-width: 1000px) 100vw, 1000px\" \/><figcaption class=\"wp-element-caption\"><strong>Figura \u2013<\/strong> Proposta de enquadramento para o ano de 2025 da UPGRH dos Rios Corumb\u00e1, Ver\u00edssimo e S\u00e3o Marcos considerando a Proposta do Grupo de Trabalho do Comit\u00ea de Bacias.<\/figcaption><\/figure>\n<\/div>\n\n\n<h2 class=\"wp-block-heading\">Horizonte 2030<\/h2>\n\n\n<div class=\"wp-block-image\">\n<figure class=\"aligncenter size-large\"><img data-recalc-dims=\"1\" loading=\"lazy\" decoding=\"async\" width=\"1024\" height=\"724\" src=\"https:\/\/i0.wp.com\/cbhcvsm.meioambiente.go.gov.br\/wp-content\/uploads\/2024\/02\/ENQUADRAMENTO_2030_.png?resize=1024%2C724&#038;ssl=1\" alt=\"\" class=\"wp-image-969\" srcset=\"https:\/\/i0.wp.com\/cbhcvsm.meioambiente.go.gov.br\/wp-content\/uploads\/2024\/02\/ENQUADRAMENTO_2030_.png?resize=1024%2C724&amp;ssl=1 1024w, https:\/\/i0.wp.com\/cbhcvsm.meioambiente.go.gov.br\/wp-content\/uploads\/2024\/02\/ENQUADRAMENTO_2030_.png?resize=300%2C212&amp;ssl=1 300w, https:\/\/i0.wp.com\/cbhcvsm.meioambiente.go.gov.br\/wp-content\/uploads\/2024\/02\/ENQUADRAMENTO_2030_.png?resize=768%2C543&amp;ssl=1 768w, https:\/\/i0.wp.com\/cbhcvsm.meioambiente.go.gov.br\/wp-content\/uploads\/2024\/02\/ENQUADRAMENTO_2030_.png?resize=1536%2C1086&amp;ssl=1 1536w, https:\/\/i0.wp.com\/cbhcvsm.meioambiente.go.gov.br\/wp-content\/uploads\/2024\/02\/ENQUADRAMENTO_2030_.png?resize=2048%2C1448&amp;ssl=1 2048w, https:\/\/i0.wp.com\/cbhcvsm.meioambiente.go.gov.br\/wp-content\/uploads\/2024\/02\/ENQUADRAMENTO_2030_.png?w=3000&amp;ssl=1 3000w\" sizes=\"(max-width: 1000px) 100vw, 1000px\" \/><figcaption class=\"wp-element-caption\"><strong>Figura \u2013<\/strong> Proposta de enquadramento para o ano de 2030 da UPGRH dos Rios Corumb\u00e1, Ver\u00edssimo e S\u00e3o Marcos considerando a Proposta do Grupo de Trabalho do Comit\u00ea de Bacias.<\/figcaption><\/figure>\n<\/div>\n\n\n<h2 class=\"wp-block-heading\">Horizonte 2040<\/h2>\n\n\n<div class=\"wp-block-image\">\n<figure class=\"aligncenter size-large\"><img data-recalc-dims=\"1\" loading=\"lazy\" decoding=\"async\" width=\"1024\" height=\"724\" src=\"https:\/\/i0.wp.com\/cbhcvsm.meioambiente.go.gov.br\/wp-content\/uploads\/2024\/02\/ENQUADRAMENTO_2040_.png?resize=1024%2C724&#038;ssl=1\" alt=\"\" class=\"wp-image-966\" srcset=\"https:\/\/i0.wp.com\/cbhcvsm.meioambiente.go.gov.br\/wp-content\/uploads\/2024\/02\/ENQUADRAMENTO_2040_.png?resize=1024%2C724&amp;ssl=1 1024w, https:\/\/i0.wp.com\/cbhcvsm.meioambiente.go.gov.br\/wp-content\/uploads\/2024\/02\/ENQUADRAMENTO_2040_.png?resize=300%2C212&amp;ssl=1 300w, https:\/\/i0.wp.com\/cbhcvsm.meioambiente.go.gov.br\/wp-content\/uploads\/2024\/02\/ENQUADRAMENTO_2040_.png?resize=768%2C543&amp;ssl=1 768w, https:\/\/i0.wp.com\/cbhcvsm.meioambiente.go.gov.br\/wp-content\/uploads\/2024\/02\/ENQUADRAMENTO_2040_.png?resize=1536%2C1086&amp;ssl=1 1536w, https:\/\/i0.wp.com\/cbhcvsm.meioambiente.go.gov.br\/wp-content\/uploads\/2024\/02\/ENQUADRAMENTO_2040_.png?resize=2048%2C1448&amp;ssl=1 2048w, https:\/\/i0.wp.com\/cbhcvsm.meioambiente.go.gov.br\/wp-content\/uploads\/2024\/02\/ENQUADRAMENTO_2040_.png?w=3000&amp;ssl=1 3000w\" sizes=\"(max-width: 1000px) 100vw, 1000px\" \/><figcaption class=\"wp-element-caption\"><strong>Figura \u2013<\/strong> Proposta de enquadramento para o ano de 2040 da UPGRH dos Rios Corumb\u00e1, Ver\u00edssimo e S\u00e3o Marcos considerando a Proposta do Grupo de Trabalho do Comit\u00ea de Bacias.<\/figcaption><\/figure>\n<\/div>\n\n\n<p>Fa\u00e7a o download da planilha abaixo:<\/p>\n\n\n\n<div class=\"wp-block-buttons is-content-justification-center is-layout-flex wp-container-core-buttons-is-layout-16018d1d wp-block-buttons-is-layout-flex\">\n<div class=\"wp-block-button\"><a class=\"wp-block-button__link wp-element-button\" href=\"https:\/\/cbhcvsm.meioambiente.go.gov.br\/wp-content\/uploads\/2024\/02\/Enquadramento_Trechos_Afluentes_Paranaiba.xlsx\">Planilha Enquadramento Unificado<\/a><\/div>\n<\/div>\n","protected":false},"excerpt":{"rendered":"<p>O enquadramento dos corpos d\u2019\u00e1gua \u00e9 um dos instrumentos de gest\u00e3o dos recursos h\u00eddricos definidos pela&nbsp;Lei 9.433\/97&nbsp;(Lei das \u00c1guas) e estabelece o n\u00edvel de qualidade da \u00e1gua (classe) a ser alcan\u00e7ado ou mantido em um segmento de corpo d\u2019\u00e1gua ao longo do tempo. Este instrumento visa \u201cassegurar \u00e0s \u00e1guas qualidade compat\u00edvel com os usos mais [&hellip;]<\/p>\n","protected":false},"author":2,"featured_media":0,"parent":0,"menu_order":0,"comment_status":"closed","ping_status":"closed","template":"general-template.php","meta":{"footnotes":""},"class_list":["post-72","page","type-page","status-publish","hentry"],"featured_image_src":null,"featured_image_src_square":null,"jetpack_sharing_enabled":true,"_links":{"self":[{"href":"https:\/\/cbhcvsm.meioambiente.go.gov.br\/index.php?rest_route=\/wp\/v2\/pages\/72","targetHints":{"allow":["GET"]}}],"collection":[{"href":"https:\/\/cbhcvsm.meioambiente.go.gov.br\/index.php?rest_route=\/wp\/v2\/pages"}],"about":[{"href":"https:\/\/cbhcvsm.meioambiente.go.gov.br\/index.php?rest_route=\/wp\/v2\/types\/page"}],"author":[{"embeddable":true,"href":"https:\/\/cbhcvsm.meioambiente.go.gov.br\/index.php?rest_route=\/wp\/v2\/users\/2"}],"replies":[{"embeddable":true,"href":"https:\/\/cbhcvsm.meioambiente.go.gov.br\/index.php?rest_route=%2Fwp%2Fv2%2Fcomments&post=72"}],"version-history":[{"count":15,"href":"https:\/\/cbhcvsm.meioambiente.go.gov.br\/index.php?rest_route=\/wp\/v2\/pages\/72\/revisions"}],"predecessor-version":[{"id":977,"href":"https:\/\/cbhcvsm.meioambiente.go.gov.br\/index.php?rest_route=\/wp\/v2\/pages\/72\/revisions\/977"}],"wp:attachment":[{"href":"https:\/\/cbhcvsm.meioambiente.go.gov.br\/index.php?rest_route=%2Fwp%2Fv2%2Fmedia&parent=72"}],"curies":[{"name":"wp","href":"https:\/\/api.w.org\/{rel}","templated":true}]}}