{"id":60,"date":"2021-09-08T15:35:49","date_gmt":"2021-09-08T18:35:49","guid":{"rendered":"https:\/\/cbhcvsm.meioambiente.go.gov.br\/?page_id=60"},"modified":"2026-01-27T23:56:28","modified_gmt":"2026-01-28T02:56:28","slug":"editais","status":"publish","type":"page","link":"https:\/\/cbhcvsm.meioambiente.go.gov.br\/?page_id=60","title":{"rendered":"Editais\/Convoca\u00e7\u00f5es"},"content":{"rendered":"\n<p>Abaixo voc\u00ea poder\u00e1 conferir os editais e convoca\u00e7\u00f5es criados pelo CBH CVSM. As convoca\u00e7\u00f5es s\u00e3o separadas entre ordin\u00e1rias e extraordin\u00e1rias e cada uma delas j\u00e1 vem com as informa\u00e7\u00f5es sobre a pauta a ser debatida na reuni\u00e3o, bem como o link da videochamada em reuni\u00f5es online. A Secretaria Executiva de cada CBH fica a cargo desses tr\u00e2mites. Todas as demandas solicitadas tamb\u00e9m via edital ser\u00e3o designadas nesta p\u00e1gina.<\/p>\n\n\n\n<div class=\"wp-block-atomic-blocks-ab-accordion ab-block-accordion\"><details><summary class=\"ab-accordion-title\">Convoca\u00e7\u00f5es Ordin\u00e1rias<\/summary><div class=\"ab-accordion-text\">\n<div class=\"wp-block-atomic-blocks-ab-accordion ab-block-accordion\"><details><summary class=\"ab-accordion-title\">2025<\/summary><div class=\"ab-accordion-text\">\n<p><a href=\"https:\/\/cbhcvsm.meioambiente.go.gov.br\/wp-content\/uploads\/2026\/01\/Convocacao-para-23a-Reuniao-Ordinaria-do-CBH-CVSM.pdf\" data-type=\"link\" data-id=\"https:\/\/cbhcvsm.meioambiente.go.gov.br\/wp-content\/uploads\/2026\/01\/Convocacao-para-23a-Reuniao-Ordinaria-do-CBH-CVSM.pdf\">23\u00aa Convoca\u00e7\u00e3o ORDIN\u00c1RIA &#8211; Outubro de 2025<\/a><\/p>\n\n\n\n<p><a href=\"https:\/\/cbhcvsm.meioambiente.go.gov.br\/wp-content\/uploads\/2025\/02\/Convocacao-para-22a-Reuniao-Ordinaria-do-CBH-CVSM.pdf\" data-type=\"link\" data-id=\"https:\/\/cbhcvsm.meioambiente.go.gov.br\/wp-content\/uploads\/2025\/02\/Convocacao-para-22a-Reuniao-Ordinaria-do-CBH-CVSM.pdf\">22\u00aa Convoca\u00e7\u00e3o ORDIN\u00c1RIA &#8211; Janeiro de 2025<\/a><\/p>\n\n\n\n<p><\/p>\n\n\n\n<p><\/p>\n<\/div><\/details><\/div>\n\n\n\n<div class=\"wp-block-atomic-blocks-ab-accordion ab-block-accordion\"><details><summary class=\"ab-accordion-title\">2024<\/summary><div class=\"ab-accordion-text\">\n<p><a href=\"https:\/\/cbhcvsm.meioambiente.go.gov.br\/wp-content\/uploads\/2024\/12\/Convocacao-para-21a-Reuniao-Ordinaria-do-CBH-CVSM.pdf\" data-type=\"link\" data-id=\"https:\/\/cbhcvsm.meioambiente.go.gov.br\/wp-content\/uploads\/2024\/12\/Convocacao-para-21a-Reuniao-Ordinaria-do-CBH-CVSM.pdf\">21\u00aa Convoca\u00e7\u00e3o ORDIN\u00c1RIA &#8211; Novembro de 2024<\/a><\/p>\n\n\n\n<p><a href=\"https:\/\/cbhcvsm.meioambiente.go.gov.br\/wp-content\/uploads\/2025\/01\/Convocacao-para-20a-Reuniao-Ordinaria-do-CBH-CVSM.pdf\" data-type=\"link\" data-id=\"https:\/\/cbhcvsm.meioambiente.go.gov.br\/wp-content\/uploads\/2025\/01\/Convocacao-para-20a-Reuniao-Ordinaria-do-CBH-CVSM.pdf\">20\u00aa Convoca\u00e7\u00e3o ORDIN\u00c1RIA &#8211; Abril de 2024<\/a><\/p>\n\n\n\n<p><\/p>\n<\/div><\/details><\/div>\n\n\n\n<div class=\"wp-block-atomic-blocks-ab-accordion ab-block-accordion\"><details><summary class=\"ab-accordion-title\">2023<\/summary><div class=\"ab-accordion-text\">\n<p><a href=\"https:\/\/cbhcvsm.meioambiente.go.gov.br\/wp-content\/uploads\/2023\/02\/Convocac\u0327a\u0303o-da-19a-Reunia\u0303o-Ordina\u0301ria-do-CBH-CVSM.pdf\" data-type=\"URL\" data-id=\"https:\/\/cbhcvsm.meioambiente.go.gov.br\/wp-content\/uploads\/2023\/02\/Convocac\u0327a\u0303o-da-19a-Reunia\u0303o-Ordina\u0301ria-do-CBH-CVSM.pdf\">19\u00aa Convoca\u00e7\u00e3o ORDIN\u00c1RIA &#8211; Fevereiro-2023<\/a><\/p>\n\n\n\n<p><\/p>\n<\/div><\/details><\/div>\n\n\n\n<div class=\"wp-block-atomic-blocks-ab-accordion ab-block-accordion\"><details><summary class=\"ab-accordion-title\">2022<\/summary><div class=\"ab-accordion-text\">\n<p><a rel=\"noreferrer noopener\" href=\"https:\/\/cbhcvsm.meioambiente.go.gov.br\/wp-content\/uploads\/2022\/10\/18a-Convocacao-Reuniao-Ordinaria-do-CBH-CVSM-.pdf\" data-type=\"URL\" data-id=\"https:\/\/cbhcvsm.meioambiente.go.gov.br\/wp-content\/uploads\/2022\/10\/18a-Convocacao-Reuniao-Ordinaria-do-CBH-CVSM-.pdf\" target=\"_blank\">18\u00aa Convoca\u00e7\u00e3o ORDIN\u00c1RIA &#8211; Outubro-2022<\/a><\/p>\n\n\n\n<p><a rel=\"noreferrer noopener\" href=\"https:\/\/cbhcvsm.meioambiente.go.gov.br\/wp-content\/uploads\/2022\/09\/17a-Convocacao-ORDINARIA-Marco-2022.pdf\" data-type=\"URL\" data-id=\"https:\/\/cbhcvsm.meioambiente.go.gov.br\/wp-content\/uploads\/2022\/09\/17a-Convocacao-ORDINARIA-Marco-2022.pdf\" target=\"_blank\">17\u00aa Convoca\u00e7\u00e3o ORDIN\u00c1RIA &#8211; Mar\u00e7o-2022<\/a><\/p>\n<\/div><\/details><\/div>\n\n\n\n<div class=\"wp-block-atomic-blocks-ab-accordion ab-block-accordion\"><details><summary class=\"ab-accordion-title\">2021<\/summary><div class=\"ab-accordion-text\">\n<p><a href=\"https:\/\/cbhcvsm.meioambiente.go.gov.br\/wp-content\/uploads\/2022\/07\/16a-Convocacao-ORDINARIA-Outubro-2021-ASSINADA.pdf\" data-type=\"URL\" data-id=\"https:\/\/cbhcvsm.meioambiente.go.gov.br\/wp-content\/uploads\/2022\/07\/16a-Convocacao-ORDINARIA-Outubro-2021-ASSINADA.pdf\" target=\"_blank\" rel=\"noreferrer noopener\">16\u00aa Convoca\u00e7\u00e3o ORDIN\u00c1RIA &#8211; Outubro-2021<\/a><\/p>\n\n\n\n<p><a href=\"https:\/\/cbhcvsm.meioambiente.go.gov.br\/wp-content\/uploads\/2022\/03\/15a-Convocacao-ORDINARIA-Fevereiro-2021.pdf\" data-type=\"URL\" data-id=\"https:\/\/cbhcvsm.meioambiente.go.gov.br\/wp-content\/uploads\/2022\/03\/15a-Convocacao-ORDINARIA-Fevereiro-2021.pdf\" target=\"_blank\" rel=\"noreferrer noopener\">15\u00aa Convoca\u00e7\u00e3o ORDIN\u00c1RIA &#8211; Fevereiro-2021<\/a><\/p>\n<\/div><\/details><\/div>\n\n\n\n<div class=\"wp-block-atomic-blocks-ab-accordion ab-block-accordion\"><details><summary class=\"ab-accordion-title\">2020<\/summary><div class=\"ab-accordion-text\">\n<p><a href=\"https:\/\/cbhcvsm.meioambiente.go.gov.br\/wp-content\/uploads\/2022\/03\/14a-Convocacao-ORDINARIA-Novembro-2020.pdf\" data-type=\"URL\" data-id=\"https:\/\/cbhcvsm.meioambiente.go.gov.br\/wp-content\/uploads\/2022\/03\/14a-Convocacao-ORDINARIA-Novembro-2020.pdf\" target=\"_blank\" rel=\"noreferrer noopener\">14\u00aa Convoca\u00e7\u00e3o ORDIN\u00c1RIA &#8211; Novembro-2020<\/a><\/p>\n\n\n\n<p><a href=\"https:\/\/cbhcvsm.meioambiente.go.gov.br\/wp-content\/uploads\/2022\/03\/13a-Convocacao-ORDINARIA-Outubro-2020.pdf\" data-type=\"URL\" data-id=\"https:\/\/cbhcvsm.meioambiente.go.gov.br\/wp-content\/uploads\/2022\/03\/13a-Convocacao-ORDINARIA-Outubro-2020.pdf\" target=\"_blank\" rel=\"noreferrer noopener\">13\u00aa Convoca\u00e7\u00e3o ORDIN\u00c1RIA &#8211; Outubro-2020<\/a><\/p>\n\n\n\n<p><a href=\"https:\/\/cbhcvsm.meioambiente.go.gov.br\/wp-content\/uploads\/2022\/03\/12a-Convocacao-ORDINARIA-Setembro-2020.pdf\" data-type=\"URL\" data-id=\"https:\/\/cbhcvsm.meioambiente.go.gov.br\/wp-content\/uploads\/2022\/03\/12a-Convocacao-ORDINARIA-Setembro-2020.pdf\" target=\"_blank\" rel=\"noreferrer noopener\">12\u00aa Convoca\u00e7\u00e3o ORDIN\u00c1RIA &#8211; Setembro-2020<\/a><\/p>\n\n\n\n<p><a href=\"https:\/\/cbhcvsm.meioambiente.go.gov.br\/wp-content\/uploads\/2022\/03\/11a-Convocacao-ORDINARIA-Marco-2020.pdf\" data-type=\"URL\" data-id=\"https:\/\/cbhcvsm.meioambiente.go.gov.br\/wp-content\/uploads\/2022\/03\/11a-Convocacao-ORDINARIA-Marco-2020.pdf\" target=\"_blank\" rel=\"noreferrer noopener\">11\u00aa Convoca\u00e7\u00e3o ORDIN\u00c1RIA &#8211; Mar\u00e7o-2020<\/a><\/p>\n<\/div><\/details><\/div>\n\n\n\n<div class=\"wp-block-atomic-blocks-ab-accordion ab-block-accordion\"><details><summary class=\"ab-accordion-title\">2019<\/summary><div class=\"ab-accordion-text\">\n<p><a href=\"https:\/\/cbhcvsm.meioambiente.go.gov.br\/wp-content\/uploads\/2022\/03\/10a-Convocacao-ORDINARIA-Setembro-2019.pdf\" data-type=\"URL\" data-id=\"https:\/\/cbhcvsm.meioambiente.go.gov.br\/wp-content\/uploads\/2022\/03\/10a-Convocacao-ORDINARIA-Setembro-2019.pdf\" target=\"_blank\" rel=\"noreferrer noopener\">10\u00aa Convoca\u00e7\u00e3o ORDIN\u00c1RIA &#8211; Setembro-2019<\/a><\/p>\n\n\n\n<p><a href=\"https:\/\/cbhcvsm.meioambiente.go.gov.br\/wp-content\/uploads\/2022\/03\/9a-Convocacao-ORDINARIA-Marco-2019.pdf\" data-type=\"URL\" data-id=\"https:\/\/cbhcvsm.meioambiente.go.gov.br\/wp-content\/uploads\/2022\/03\/9a-Convocacao-ORDINARIA-Marco-2019.pdf\" target=\"_blank\" rel=\"noreferrer noopener\">9\u00aa Convoca\u00e7\u00e3o ORDIN\u00c1RIA &#8211; Mar\u00e7o-2019<\/a><\/p>\n\n\n\n<p><a href=\"https:\/\/cbhcvsm.meioambiente.go.gov.br\/wp-content\/uploads\/2022\/03\/1a-Convocacao-ORDINARIA-Edital-001-2019.pdf\" data-type=\"URL\" data-id=\"https:\/\/cbhcvsm.meioambiente.go.gov.br\/wp-content\/uploads\/2022\/03\/1a-Convocacao-ORDINARIA-Edital-001-2019.pdf\" target=\"_blank\" rel=\"noreferrer noopener\">1\u00aa Convoca\u00e7\u00e3o ORDIN\u00c1RIA &#8211; Edital 001-2019<\/a><\/p>\n<\/div><\/details><\/div>\n\n\n\n<div class=\"wp-block-atomic-blocks-ab-accordion ab-block-accordion\"><details><summary class=\"ab-accordion-title\">2018<\/summary><div class=\"ab-accordion-text\">\n<p><a href=\"https:\/\/cbhcvsm.meioambiente.go.gov.br\/wp-content\/uploads\/2022\/03\/8a-Convocacao-ORDINARIA-Novembro-2018.pdf\" data-type=\"URL\" data-id=\"https:\/\/cbhcvsm.meioambiente.go.gov.br\/wp-content\/uploads\/2022\/03\/8a-Convocacao-ORDINARIA-Novembro-2018.pdf\" target=\"_blank\" rel=\"noreferrer noopener\">8\u00aa Convoca\u00e7\u00e3o ORDIN\u00c1RIA &#8211; Novembro-2018<\/a><\/p>\n\n\n\n<p><a href=\"https:\/\/cbhcvsm.meioambiente.go.gov.br\/wp-content\/uploads\/2022\/03\/7a-Convocacao-ORDINARIA-Julho-2018.pdf\" data-type=\"URL\" data-id=\"https:\/\/cbhcvsm.meioambiente.go.gov.br\/wp-content\/uploads\/2022\/03\/7a-Convocacao-ORDINARIA-Julho-2018.pdf\" target=\"_blank\" rel=\"noreferrer noopener\">7\u00aa Convoca\u00e7\u00e3o ORDIN\u00c1RIA &#8211; Julho-2018<\/a><\/p>\n\n\n\n<p><\/p>\n<\/div><\/details><\/div>\n\n\n\n<div class=\"wp-block-atomic-blocks-ab-accordion ab-block-accordion\"><details><summary class=\"ab-accordion-title\">2017<\/summary><div class=\"ab-accordion-text\">\n<p><a href=\"https:\/\/cbhcvsm.meioambiente.go.gov.br\/wp-content\/uploads\/2022\/03\/6a-Convocacao-ORDINARIA-Agosto-2017.pdf\" data-type=\"URL\" data-id=\"https:\/\/cbhcvsm.meioambiente.go.gov.br\/wp-content\/uploads\/2022\/03\/6a-Convocacao-ORDINARIA-Agosto-2017.pdf\" target=\"_blank\" rel=\"noreferrer noopener\">6\u00aa Convoca\u00e7\u00e3o ORDIN\u00c1RIA &#8211; Agosto-2017<\/a><\/p>\n\n\n\n<p><a href=\"https:\/\/cbhcvsm.meioambiente.go.gov.br\/wp-content\/uploads\/2022\/03\/5a-Convocacao-ORDINARIA-Maio-2017.pdf\" data-type=\"URL\" data-id=\"https:\/\/cbhcvsm.meioambiente.go.gov.br\/wp-content\/uploads\/2022\/03\/5a-Convocacao-ORDINARIA-Maio-2017.pdf\" target=\"_blank\" rel=\"noreferrer noopener\">5\u00aa Convoca\u00e7\u00e3o ORDIN\u00c1RIA &#8211; Maio-2017<\/a><\/p>\n<\/div><\/details><\/div>\n\n\n\n<div class=\"wp-block-atomic-blocks-ab-accordion ab-block-accordion\"><details><summary class=\"ab-accordion-title\">2016<\/summary><div class=\"ab-accordion-text\">\n<p><a href=\"https:\/\/cbhcvsm.meioambiente.go.gov.br\/wp-content\/uploads\/2022\/03\/4a-Convocacao-ORDINARIA-Setembro-2016.pdf\" data-type=\"URL\" data-id=\"https:\/\/cbhcvsm.meioambiente.go.gov.br\/wp-content\/uploads\/2022\/03\/4a-Convocacao-ORDINARIA-Setembro-2016.pdf\" target=\"_blank\" rel=\"noreferrer noopener\">4\u00aa Convoca\u00e7\u00e3o ORDIN\u00c1RIA &#8211; Setembro-2016<\/a><\/p>\n<\/div><\/details><\/div>\n<\/div><\/details><\/div>\n\n\n\n<div class=\"wp-block-atomic-blocks-ab-accordion ab-block-accordion\"><details><summary class=\"ab-accordion-title\">Convoca\u00e7\u00f5es Extraordin\u00e1rias<\/summary><div class=\"ab-accordion-text\">\n<div class=\"wp-block-atomic-blocks-ab-accordion ab-block-accordion\"><details><summary class=\"ab-accordion-title\">2025<\/summary><div class=\"ab-accordion-text\">\n<p><a href=\"https:\/\/cbhcvsm.meioambiente.go.gov.br\/wp-content\/uploads\/2025\/09\/Convocacao-para-23a-Reuniao-Extraordinaria-do-CBH-CVSM.pdf\" data-type=\"link\" data-id=\"https:\/\/cbhcvsm.meioambiente.go.gov.br\/wp-content\/uploads\/2025\/09\/Convocacao-para-23a-Reuniao-Extraordinaria-do-CBH-CVSM.pdf\">23\u00aa Convoca\u00e7\u00e3o EXTRAORDIN\u00c1RIA &#8211; Agosto de 2025<\/a><\/p>\n\n\n\n<p><a href=\"https:\/\/cbhcvsm.meioambiente.go.gov.br\/wp-content\/uploads\/2025\/06\/Convocacao_para_22AA_Reuniao_Extraordinaria_do_CBH_CVSM_assinado.pdf\" data-type=\"link\" data-id=\"https:\/\/cbhcvsm.meioambiente.go.gov.br\/wp-content\/uploads\/2025\/06\/Convocacao_para_22AA_Reuniao_Extraordinaria_do_CBH_CVSM_assinado.pdf\">22\u00aa Convoca\u00e7\u00e3o EXTRAORDIN\u00c1RIA &#8211; 2025<\/a><\/p>\n\n\n\n<p><\/p>\n<\/div><\/details><\/div>\n\n\n\n<div class=\"wp-block-atomic-blocks-ab-accordion ab-block-accordion\"><details><summary class=\"ab-accordion-title\">2024<\/summary><div class=\"ab-accordion-text\">\n<p><a href=\"https:\/\/cbhcvsm.meioambiente.go.gov.br\/wp-content\/uploads\/2024\/09\/Convocacao-para-21a-Reuniao-Extraordinaria-do-CBH-CVSM.pdf\" data-type=\"link\" data-id=\"https:\/\/cbhcvsm.meioambiente.go.gov.br\/wp-content\/uploads\/2024\/09\/Convocacao-para-21a-Reuniao-Extraordinaria-do-CBH-CVSM.pdf\" target=\"_blank\" rel=\"noreferrer noopener\">21\u00aa Convoca\u00e7\u00e3o EXTRAORDIN\u00c1RIA &#8211; 2024<\/a><\/p>\n\n\n\n<p><a href=\"https:\/\/cbhcvsm.meioambiente.go.gov.br\/wp-content\/uploads\/2024\/06\/Convocacao-para-20a-Reuniao-Extraordinaria-do-CBH-CVSM.pdf\" data-type=\"link\" data-id=\"https:\/\/cbhcvsm.meioambiente.go.gov.br\/wp-content\/uploads\/2024\/06\/Convocacao-para-20a-Reuniao-Extraordinaria-do-CBH-CVSM.pdf\" target=\"_blank\" rel=\"noreferrer noopener\">20\u00aa Convoca\u00e7\u00e3o EXTRAORDIN\u00c1RIA &#8211; 2024<\/a><\/p>\n\n\n\n<p><\/p>\n<\/div><\/details><\/div>\n\n\n\n<div class=\"wp-block-atomic-blocks-ab-accordion ab-block-accordion\"><details><summary class=\"ab-accordion-title\">2023<\/summary><div class=\"ab-accordion-text\">\n<p><a href=\"https:\/\/cbhcvsm.meioambiente.go.gov.br\/wp-content\/uploads\/2023\/12\/CONV.19.RE_.CVSM-.pdf\" data-type=\"link\" data-id=\"https:\/\/cbhcvsm.meioambiente.go.gov.br\/wp-content\/uploads\/2023\/12\/CONV.19.RE_.CVSM-.pdf\">19\u00aa Convoca\u00e7\u00e3o EXTRAORDIN\u00c1RIA &#8211; 2023<\/a><\/p>\n\n\n\n<p><a href=\"https:\/\/cbhcvsm.meioambiente.go.gov.br\/wp-content\/uploads\/2023\/08\/Convocacao-para-18a-Reuniao-Extraordinaria-do-CBH-dos-Rios-Corumba-Verissimo-e-porcao-Goiana-do-Rio-Sao-Marcos.pdf\" data-type=\"link\" data-id=\"https:\/\/cbhcvsm.meioambiente.go.gov.br\/wp-content\/uploads\/2023\/08\/Convocacao-para-18a-Reuniao-Extraordinaria-do-CBH-dos-Rios-Corumba-Verissimo-e-porcao-Goiana-do-Rio-Sao-Marcos.pdf\">18\u00aa Convoca\u00e7\u00e3o EXTRAORDIN\u00c1RIA &#8211; 2023<\/a><\/p>\n\n\n\n<p><a href=\"https:\/\/cbhcvsm.meioambiente.go.gov.br\/wp-content\/uploads\/2025\/01\/Convocac\u0327a\u0303o-para-17a-Reunia\u0303o-Extraordina\u0301ria-do-CBH-dos-Rios-Corumba\u0301-Veri\u0301ssimo-e-porc\u0327a\u0303o-Goiana-do-Rio-Sa\u0303o-Marcos-ass.pdf\" data-type=\"link\" data-id=\"https:\/\/cbhcvsm.meioambiente.go.gov.br\/wp-content\/uploads\/2025\/01\/Convocac\u0327a\u0303o-para-17a-Reunia\u0303o-Extraordina\u0301ria-do-CBH-dos-Rios-Corumba\u0301-Veri\u0301ssimo-e-porc\u0327a\u0303o-Goiana-do-Rio-Sa\u0303o-Marcos-ass.pdf\">17\u00aa Convoca\u00e7\u00e3o EXTRAORDIN\u00c1RIA &#8211; 2023<\/a><\/p>\n\n\n\n<p><\/p>\n<\/div><\/details><\/div>\n\n\n\n<div class=\"wp-block-atomic-blocks-ab-accordion ab-block-accordion\"><details><summary class=\"ab-accordion-title\">2022<\/summary><div class=\"ab-accordion-text\">\n<p><a href=\"https:\/\/cbhcvsm.meioambiente.go.gov.br\/wp-content\/uploads\/2022\/07\/16a-Convocacao-EXTRAORDINARIA-2022-ASSINADO.pdf\" data-type=\"URL\" data-id=\"https:\/\/cbhcvsm.meioambiente.go.gov.br\/wp-content\/uploads\/2022\/07\/16a-Convocacao-EXTRAORDINARIA-2022-ASSINADO.pdf\" target=\"_blank\" rel=\"noreferrer noopener\">16\u00aa Convoca\u00e7\u00e3o EXTRAORDIN\u00c1RIA &#8211; 2022<\/a><\/p>\n\n\n\n<p><a href=\"https:\/\/cbhcvsm.meioambiente.go.gov.br\/wp-content\/uploads\/2022\/07\/15a-Convocacao-EXTRAORDINARIA-2022-ASSINADO.pdf\" data-type=\"URL\" data-id=\"https:\/\/cbhcvsm.meioambiente.go.gov.br\/wp-content\/uploads\/2022\/07\/15a-Convocacao-EXTRAORDINARIA-2022-ASSINADO.pdf\" target=\"_blank\" rel=\"noreferrer noopener\">15\u00aa Convoca\u00e7\u00e3o EXTRAORDIN\u00c1RIA &#8211; 2022<\/a><\/p>\n<\/div><\/details><\/div>\n\n\n\n<div class=\"wp-block-atomic-blocks-ab-accordion ab-block-accordion\"><details><summary class=\"ab-accordion-title\">2021<\/summary><div class=\"ab-accordion-text\">\n<p><a href=\"https:\/\/cbhcvsm.meioambiente.go.gov.br\/wp-content\/uploads\/2022\/03\/14a-Convocacao-EXTRAORDINARIA-2021.pdf\" data-type=\"URL\" data-id=\"https:\/\/cbhcvsm.meioambiente.go.gov.br\/wp-content\/uploads\/2022\/03\/14a-Convocacao-EXTRAORDINARIA-2021.pdf\" target=\"_blank\" rel=\"noreferrer noopener\">14\u00aa Convoca\u00e7\u00e3o EXTRAORDIN\u00c1RIA &#8211; 2021<\/a><\/p>\n\n\n\n<p><a href=\"https:\/\/cbhcvsm.meioambiente.go.gov.br\/wp-content\/uploads\/2022\/03\/13a-Convocacao-EXTRAORDINARIA-2021.pdf\" data-type=\"URL\" data-id=\"https:\/\/cbhcvsm.meioambiente.go.gov.br\/wp-content\/uploads\/2022\/03\/13a-Convocacao-EXTRAORDINARIA-2021.pdf\" target=\"_blank\" rel=\"noreferrer noopener\">13\u00aa Convoca\u00e7\u00e3o EXTRAORDIN\u00c1RIA &#8211; 2021<\/a><\/p>\n\n\n\n<p><a href=\"https:\/\/cbhcvsm.meioambiente.go.gov.br\/wp-content\/uploads\/2022\/03\/12a-Convocacao-EXTRAORDINARIA-2021.pdf\" data-type=\"URL\" data-id=\"https:\/\/cbhcvsm.meioambiente.go.gov.br\/wp-content\/uploads\/2022\/03\/12a-Convocacao-EXTRAORDINARIA-2021.pdf\" target=\"_blank\" rel=\"noreferrer noopener\">12\u00aa Convoca\u00e7\u00e3o EXTRAORDIN\u00c1RIA &#8211; 2021<\/a><\/p>\n\n\n\n<p><a href=\"https:\/\/cbhcvsm.meioambiente.go.gov.br\/wp-content\/uploads\/2022\/03\/11a-Convocacao-EXTRAORDINARIA-2021.pdf\" data-type=\"URL\" data-id=\"https:\/\/cbhcvsm.meioambiente.go.gov.br\/wp-content\/uploads\/2022\/03\/11a-Convocacao-EXTRAORDINARIA-2021.pdf\" target=\"_blank\" rel=\"noreferrer noopener\">11\u00aa Convoca\u00e7\u00e3o EXTRAORDIN\u00c1RIA &#8211; 2021<\/a><\/p>\n\n\n\n<p><a href=\"https:\/\/cbhcvsm.meioambiente.go.gov.br\/wp-content\/uploads\/2022\/03\/10a-Convocacao-EXTRAORDINARIA-2021.pdf\" data-type=\"URL\" data-id=\"https:\/\/cbhcvsm.meioambiente.go.gov.br\/wp-content\/uploads\/2022\/03\/10a-Convocacao-EXTRAORDINARIA-2021.pdf\" target=\"_blank\" rel=\"noreferrer noopener\">10\u00aa Convoca\u00e7\u00e3o EXTRAORDIN\u00c1RIA &#8211; 2021<\/a><\/p>\n\n\n\n<p><a href=\"https:\/\/cbhcvsm.meioambiente.go.gov.br\/wp-content\/uploads\/2022\/03\/9a-Convocacao-EXTRAORDINARIA-2021.pdf\" data-type=\"URL\" data-id=\"https:\/\/cbhcvsm.meioambiente.go.gov.br\/wp-content\/uploads\/2022\/03\/9a-Convocacao-EXTRAORDINARIA-2021.pdf\" target=\"_blank\" rel=\"noreferrer noopener\">9\u00aa Convoca\u00e7\u00e3o EXTRAORDIN\u00c1RIA &#8211; 2021<\/a><\/p>\n<\/div><\/details><\/div>\n\n\n\n<div class=\"wp-block-atomic-blocks-ab-accordion ab-block-accordion\"><details><summary class=\"ab-accordion-title\">2020<\/summary><div class=\"ab-accordion-text\">\n<p><a href=\"https:\/\/cbhcvsm.meioambiente.go.gov.br\/wp-content\/uploads\/2022\/03\/8a-Convocacao-EXTRAORDINARIA-2020.pdf\" data-type=\"URL\" data-id=\"https:\/\/cbhcvsm.meioambiente.go.gov.br\/wp-content\/uploads\/2022\/03\/8a-Convocacao-EXTRAORDINARIA-2020.pdf\" target=\"_blank\" rel=\"noreferrer noopener\">8\u00aa Convoca\u00e7\u00e3o EXTRAORDIN\u00c1RIA &#8211; 2020<\/a><\/p>\n\n\n\n<p><a href=\"https:\/\/cbhcvsm.meioambiente.go.gov.br\/wp-content\/uploads\/2022\/03\/7a-Convocacao-EXTRAORDINARIA-2020.pdf\" data-type=\"URL\" data-id=\"https:\/\/cbhcvsm.meioambiente.go.gov.br\/wp-content\/uploads\/2022\/03\/7a-Convocacao-EXTRAORDINARIA-2020.pdf\" target=\"_blank\" rel=\"noreferrer noopener\">7\u00aa Convoca\u00e7\u00e3o EXTRAORDIN\u00c1RIA &#8211; 2020<\/a><\/p>\n\n\n\n<p><a href=\"https:\/\/cbhcvsm.meioambiente.go.gov.br\/wp-content\/uploads\/2022\/03\/6a-Convocacao-EXTRAORDINARIA-2020.pdf\" data-type=\"URL\" data-id=\"https:\/\/cbhcvsm.meioambiente.go.gov.br\/wp-content\/uploads\/2022\/03\/6a-Convocacao-EXTRAORDINARIA-2020.pdf\" target=\"_blank\" rel=\"noreferrer noopener\">6\u00aa Convoca\u00e7\u00e3o EXTRAORDIN\u00c1RIA &#8211; 2020<\/a><\/p>\n\n\n\n<p><\/p>\n<\/div><\/details><\/div>\n\n\n\n<div class=\"wp-block-atomic-blocks-ab-accordion ab-block-accordion\"><details><summary class=\"ab-accordion-title\">2019<\/summary><div class=\"ab-accordion-text\">\n<p><a href=\"https:\/\/cbhcvsm.meioambiente.go.gov.br\/wp-content\/uploads\/2022\/03\/5a-Convocacao-EXTRAORDINARIA-2019.pdf\" data-type=\"URL\" data-id=\"https:\/\/cbhcvsm.meioambiente.go.gov.br\/wp-content\/uploads\/2022\/03\/5a-Convocacao-EXTRAORDINARIA-2019.pdf\" target=\"_blank\" rel=\"noreferrer noopener\">5\u00aa Convoca\u00e7\u00e3o EXTRAORDIN\u00c1RIA &#8211; 2019<\/a><\/p>\n<\/div><\/details><\/div>\n\n\n\n<div class=\"wp-block-atomic-blocks-ab-accordion ab-block-accordion\"><details><summary class=\"ab-accordion-title\">2018<\/summary><div class=\"ab-accordion-text\">\n<p><a href=\"https:\/\/cbhcvsm.meioambiente.go.gov.br\/wp-content\/uploads\/2022\/03\/4a-Convocacao-EXTRAORDINARIA-2018.pdf\" data-type=\"URL\" data-id=\"https:\/\/cbhcvsm.meioambiente.go.gov.br\/wp-content\/uploads\/2022\/03\/4a-Convocacao-EXTRAORDINARIA-2018.pdf\" target=\"_blank\" rel=\"noreferrer noopener\">4\u00aa Convoca\u00e7\u00e3o EXTRAORDIN\u00c1RIA &#8211; 2018<\/a><\/p>\n<\/div><\/details><\/div>\n<\/div><\/details><\/div>\n\n\n\n<div class=\"wp-block-atomic-blocks-ab-accordion ab-block-accordion\"><details><summary class=\"ab-accordion-title\">Convoca\u00e7\u00f5es Reuni\u00e3o Conjunta<\/summary><div class=\"ab-accordion-text\">\n<p><a href=\"https:\/\/cbhcvsm.meioambiente.go.gov.br\/wp-content\/uploads\/2024\/06\/1a-Reuniao-Conjunta-dos-CBHs-Goianos.pdf\" data-type=\"link\" data-id=\"https:\/\/cbhcvsm.meioambiente.go.gov.br\/wp-content\/uploads\/2024\/06\/1a-Reuniao-Conjunta-dos-CBHs-Goianos.pdf\" target=\"_blank\" rel=\"noreferrer noopener\">1\u00aa Reuni\u00e3o Extraordin\u00e1ria Conjunta dos CBHs Goianos<\/a><\/p>\n<\/div><\/details><\/div>\n","protected":false},"excerpt":{"rendered":"<p>Abaixo voc\u00ea poder\u00e1 conferir os editais e convoca\u00e7\u00f5es criados pelo CBH CVSM. As convoca\u00e7\u00f5es s\u00e3o separadas entre ordin\u00e1rias e extraordin\u00e1rias e cada uma delas j\u00e1 vem com as informa\u00e7\u00f5es sobre a pauta a ser debatida na reuni\u00e3o, bem como o link da videochamada em reuni\u00f5es online. A Secretaria Executiva de cada CBH fica a cargo [&hellip;]<\/p>\n","protected":false},"author":2,"featured_media":0,"parent":0,"menu_order":0,"comment_status":"closed","ping_status":"closed","template":"general-template.php","meta":{"footnotes":""},"class_list":["post-60","page","type-page","status-publish","hentry"],"featured_image_src":null,"featured_image_src_square":null,"jetpack_sharing_enabled":true,"_links":{"self":[{"href":"https:\/\/cbhcvsm.meioambiente.go.gov.br\/index.php?rest_route=\/wp\/v2\/pages\/60","targetHints":{"allow":["GET"]}}],"collection":[{"href":"https:\/\/cbhcvsm.meioambiente.go.gov.br\/index.php?rest_route=\/wp\/v2\/pages"}],"about":[{"href":"https:\/\/cbhcvsm.meioambiente.go.gov.br\/index.php?rest_route=\/wp\/v2\/types\/page"}],"author":[{"embeddable":true,"href":"https:\/\/cbhcvsm.meioambiente.go.gov.br\/index.php?rest_route=\/wp\/v2\/users\/2"}],"replies":[{"embeddable":true,"href":"https:\/\/cbhcvsm.meioambiente.go.gov.br\/index.php?rest_route=%2Fwp%2Fv2%2Fcomments&post=60"}],"version-history":[{"count":31,"href":"https:\/\/cbhcvsm.meioambiente.go.gov.br\/index.php?rest_route=\/wp\/v2\/pages\/60\/revisions"}],"predecessor-version":[{"id":1164,"href":"https:\/\/cbhcvsm.meioambiente.go.gov.br\/index.php?rest_route=\/wp\/v2\/pages\/60\/revisions\/1164"}],"wp:attachment":[{"href":"https:\/\/cbhcvsm.meioambiente.go.gov.br\/index.php?rest_route=%2Fwp%2Fv2%2Fmedia&parent=60"}],"curies":[{"name":"wp","href":"https:\/\/api.w.org\/{rel}","templated":true}]}}