{"id":56,"date":"2021-09-08T15:35:22","date_gmt":"2021-09-08T18:35:22","guid":{"rendered":"https:\/\/cbhcvsm.meioambiente.go.gov.br\/?page_id=56"},"modified":"2022-03-30T14:37:46","modified_gmt":"2022-03-30T17:37:46","slug":"portarias","status":"publish","type":"page","link":"https:\/\/cbhcvsm.meioambiente.go.gov.br\/?page_id=56","title":{"rendered":"Of\u00edcios e Portarias"},"content":{"rendered":"\n<p>Nesta p\u00e1gina ser\u00e1 poss\u00edvel acompanhar os of\u00edcios e portarias criados pelo Comit\u00ea de Bacia Hidrogr\u00e1fica do Rio Meia Ponte (CBH Meia Ponte). Os documentos s\u00e3o oficiais e elaborados pelo comit\u00ea e direcionados a agentes de ordem p\u00fablica e privada acerca de assuntos referentes \u00e0 bacia do Rio Meia Ponte. Para acessar os arquivos, clique nos links abaixo para as respectivas p\u00e1ginas.<\/p>\n\n\n\n<div class=\"wp-block-atomic-blocks-ab-accordion ab-block-accordion\"><details><summary class=\"ab-accordion-title\">Of\u00edcios<\/summary><div class=\"ab-accordion-text\">\n<p><a href=\"https:\/\/cbhcvsm.meioambiente.go.gov.br\/wp-content\/uploads\/2022\/03\/Oficio-014-2020-CERHi-Pianco.pdf\" data-type=\"URL\" data-id=\"https:\/\/cbhcvsm.meioambiente.go.gov.br\/wp-content\/uploads\/2022\/03\/Oficio-014-2020-CERHi-Pianco.pdf\" target=\"_blank\" rel=\"noreferrer noopener\">Of\u00edcio 014 &#8211; 2020 &#8211; CERHi Pianc\u00f3<\/a><\/p>\n\n\n\n<p><a href=\"https:\/\/cbhcvsm.meioambiente.go.gov.br\/wp-content\/uploads\/2022\/03\/Oficio-012.1-2020-Produto-3.pdf\" data-type=\"URL\" data-id=\"https:\/\/cbhcvsm.meioambiente.go.gov.br\/wp-content\/uploads\/2022\/03\/Oficio-012.1-2020-Produto-3.pdf\" target=\"_blank\" rel=\"noreferrer noopener\">Oficio 012.1 &#8211; 2020 &#8211; Produto 3<\/a><\/p>\n\n\n\n<p><a href=\"https:\/\/cbhcvsm.meioambiente.go.gov.br\/wp-content\/uploads\/2022\/03\/Oficio-012-2020-MDR-Marco-Regulatorio.pdf\" data-type=\"URL\" data-id=\"https:\/\/cbhcvsm.meioambiente.go.gov.br\/wp-content\/uploads\/2022\/03\/Oficio-012-2020-MDR-Marco-Regulatorio.pdf\" target=\"_blank\" rel=\"noreferrer noopener\">Of\u00edcio 012 &#8211; 2020 MDR Marco Regulat\u00f3rio<\/a><\/p>\n\n\n\n<p><a href=\"https:\/\/cbhcvsm.meioambiente.go.gov.br\/wp-content\/uploads\/2022\/03\/Oficio-011-2020-Governador-Ronaldo-Caiado.pdf\" data-type=\"URL\" data-id=\"https:\/\/cbhcvsm.meioambiente.go.gov.br\/wp-content\/uploads\/2022\/03\/Oficio-011-2020-Governador-Ronaldo-Caiado.pdf\" target=\"_blank\" rel=\"noreferrer noopener\">Of\u00edcio 011 &#8211; 2020 &#8211; Governador Ronaldo Caiado<\/a><\/p>\n\n\n\n<p><a href=\"https:\/\/cbhcvsm.meioambiente.go.gov.br\/wp-content\/uploads\/2022\/03\/Oficio-010-2020-CBH-Paranaiba-DF-Marco-Regulatorio.pdf\" data-type=\"URL\" data-id=\"https:\/\/cbhcvsm.meioambiente.go.gov.br\/wp-content\/uploads\/2022\/03\/Oficio-010-2020-CBH-Paranaiba-DF-Marco-Regulatorio.pdf\" target=\"_blank\" rel=\"noreferrer noopener\">Of\u00edcio 010 &#8211; 2020 &#8211; CBH Parana\u00edba DF Marco Regulat\u00f3rio<\/a><\/p>\n\n\n\n<p><a href=\"https:\/\/cbhcvsm.meioambiente.go.gov.br\/wp-content\/uploads\/2022\/03\/Oficio-009-2020-CBH-PN1-Marco-Regulatorio.pdf\" data-type=\"URL\" data-id=\"https:\/\/cbhcvsm.meioambiente.go.gov.br\/wp-content\/uploads\/2022\/03\/Oficio-009-2020-CBH-PN1-Marco-Regulatorio.pdf\" target=\"_blank\" rel=\"noreferrer noopener\">Of\u00edcio 009 &#8211; 2020 &#8211; CBH PN1 Marco Regulat\u00f3rio<\/a><\/p>\n\n\n\n<p><a href=\"https:\/\/cbhcvsm.meioambiente.go.gov.br\/wp-content\/uploads\/2022\/03\/Oficio-008-2020-CBH-Paranaiba-Marco-Regulatorio.pdf\" data-type=\"URL\" data-id=\"https:\/\/cbhcvsm.meioambiente.go.gov.br\/wp-content\/uploads\/2022\/03\/Oficio-008-2020-CBH-Paranaiba-Marco-Regulatorio.pdf\" target=\"_blank\" rel=\"noreferrer noopener\">Of\u00edcio 008 &#8211; 2020 &#8211; CBH Parana\u00edba Marco Regulat\u00f3rio<\/a><\/p>\n\n\n\n<p><a href=\"https:\/\/cbhcvsm.meioambiente.go.gov.br\/wp-content\/uploads\/2022\/03\/Oficio-007-2020-ADASA-Marco-Regulatorio.pdf\" data-type=\"URL\" data-id=\"https:\/\/cbhcvsm.meioambiente.go.gov.br\/wp-content\/uploads\/2022\/03\/Oficio-007-2020-ADASA-Marco-Regulatorio.pdf\" target=\"_blank\" rel=\"noreferrer noopener\">Of\u00edcio 007 &#8211; 2020 &#8211; ADASA Marco Regulat\u00f3rio<\/a><\/p>\n\n\n\n<p><a href=\"https:\/\/cbhcvsm.meioambiente.go.gov.br\/wp-content\/uploads\/2022\/03\/Oficio-006-2020-IGAM-Marco-Regulatorio.pdf\" data-type=\"URL\" data-id=\"https:\/\/cbhcvsm.meioambiente.go.gov.br\/wp-content\/uploads\/2022\/03\/Oficio-006-2020-IGAM-Marco-Regulatorio.pdf\" target=\"_blank\" rel=\"noreferrer noopener\">Of\u00edcio 006 &#8211; 2020 IGAM Marco Regulat\u00f3rio<\/a><\/p>\n\n\n\n<p><a href=\"https:\/\/cbhcvsm.meioambiente.go.gov.br\/wp-content\/uploads\/2022\/03\/Oficio-005-2020-Germano-SEMAD-MG-Marco-Regulatorio.pdf\" data-type=\"URL\" data-id=\"https:\/\/cbhcvsm.meioambiente.go.gov.br\/wp-content\/uploads\/2022\/03\/Oficio-005-2020-Germano-SEMAD-MG-Marco-Regulatorio.pdf\" target=\"_blank\" rel=\"noreferrer noopener\">Of\u00edcio 005 &#8211; 2020 Germano SEMAD MG Marco Regulat\u00f3rio<\/a><\/p>\n\n\n\n<p><a href=\"https:\/\/cbhcvsm.meioambiente.go.gov.br\/wp-content\/uploads\/2022\/03\/Oficio-004-2020-Diretoria-ANA-Marco-Regulatorio.pdf\" data-type=\"URL\" data-id=\"https:\/\/cbhcvsm.meioambiente.go.gov.br\/wp-content\/uploads\/2022\/03\/Oficio-004-2020-Diretoria-ANA-Marco-Regulatorio.pdf\" target=\"_blank\" rel=\"noreferrer noopener\">Of\u00edcio 004 &#8211; 2020 Diretoria ANA Marco Regulat\u00f3rio<\/a><\/p>\n\n\n\n<p><a href=\"https:\/\/cbhcvsm.meioambiente.go.gov.br\/wp-content\/uploads\/2022\/03\/Oficio-003-2020-SEMAD-Marco-Regulatorio.pdf\" data-type=\"URL\" data-id=\"https:\/\/cbhcvsm.meioambiente.go.gov.br\/wp-content\/uploads\/2022\/03\/Oficio-003-2020-SEMAD-Marco-Regulatorio.pdf\" target=\"_blank\" rel=\"noreferrer noopener\">Of\u00edcio 003 &#8211; 2020 &#8211; SEMAD &#8211; Marco Regulat\u00f3rio<\/a><\/p>\n\n\n\n<p><a href=\"https:\/\/cbhcvsm.meioambiente.go.gov.br\/wp-content\/uploads\/2022\/03\/Oficio-002-2020-ANA-Marco-Regulatorio.pdf\" data-type=\"URL\" data-id=\"https:\/\/cbhcvsm.meioambiente.go.gov.br\/wp-content\/uploads\/2022\/03\/Oficio-002-2020-ANA-Marco-Regulatorio.pdf\" target=\"_blank\" rel=\"noreferrer noopener\">Of\u00edcio 002 &#8211; 2020 &#8211; ANA &#8211; Marco Regul\u00e1t\u00f3rio<\/a><\/p>\n<\/div><\/details><\/div>\n\n\n\n<div class=\"wp-block-atomic-blocks-ab-accordion ab-block-accordion\"><details><summary class=\"ab-accordion-title\">Portarias<\/summary><div class=\"ab-accordion-text\"><\/div><\/details><\/div>\n\n\n\n<p><\/p>\n","protected":false},"excerpt":{"rendered":"<p>Nesta p\u00e1gina ser\u00e1 poss\u00edvel acompanhar os of\u00edcios e portarias criados pelo Comit\u00ea de Bacia Hidrogr\u00e1fica do Rio Meia Ponte (CBH Meia Ponte). Os documentos s\u00e3o oficiais e elaborados pelo comit\u00ea e direcionados a agentes de ordem p\u00fablica e privada acerca de assuntos referentes \u00e0 bacia do Rio Meia Ponte. Para acessar os arquivos, clique nos [&hellip;]<\/p>\n","protected":false},"author":2,"featured_media":0,"parent":0,"menu_order":0,"comment_status":"closed","ping_status":"closed","template":"general-template.php","meta":{"footnotes":""},"class_list":["post-56","page","type-page","status-publish","hentry"],"featured_image_src":null,"featured_image_src_square":null,"jetpack_sharing_enabled":true,"_links":{"self":[{"href":"https:\/\/cbhcvsm.meioambiente.go.gov.br\/index.php?rest_route=\/wp\/v2\/pages\/56","targetHints":{"allow":["GET"]}}],"collection":[{"href":"https:\/\/cbhcvsm.meioambiente.go.gov.br\/index.php?rest_route=\/wp\/v2\/pages"}],"about":[{"href":"https:\/\/cbhcvsm.meioambiente.go.gov.br\/index.php?rest_route=\/wp\/v2\/types\/page"}],"author":[{"embeddable":true,"href":"https:\/\/cbhcvsm.meioambiente.go.gov.br\/index.php?rest_route=\/wp\/v2\/users\/2"}],"replies":[{"embeddable":true,"href":"https:\/\/cbhcvsm.meioambiente.go.gov.br\/index.php?rest_route=%2Fwp%2Fv2%2Fcomments&post=56"}],"version-history":[{"count":4,"href":"https:\/\/cbhcvsm.meioambiente.go.gov.br\/index.php?rest_route=\/wp\/v2\/pages\/56\/revisions"}],"predecessor-version":[{"id":366,"href":"https:\/\/cbhcvsm.meioambiente.go.gov.br\/index.php?rest_route=\/wp\/v2\/pages\/56\/revisions\/366"}],"wp:attachment":[{"href":"https:\/\/cbhcvsm.meioambiente.go.gov.br\/index.php?rest_route=%2Fwp%2Fv2%2Fmedia&parent=56"}],"curies":[{"name":"wp","href":"https:\/\/api.w.org\/{rel}","templated":true}]}}