{"id":54,"date":"2021-09-08T15:35:08","date_gmt":"2021-09-08T18:35:08","guid":{"rendered":"https:\/\/cbhcvsm.meioambiente.go.gov.br\/?page_id=54"},"modified":"2025-03-26T18:47:58","modified_gmt":"2025-03-26T21:47:58","slug":"deliberacoes","status":"publish","type":"page","link":"https:\/\/cbhcvsm.meioambiente.go.gov.br\/?page_id=54","title":{"rendered":"Delibera\u00e7\u00f5es"},"content":{"rendered":"\n<p>Um dos objetivos do Comit\u00ea de Bacia Hidrogr\u00e1fica dos Rios Corumb\u00e1, Ver\u00edssimo e por\u00e7\u00e3o goiana do Rio S\u00e3o Marcos (CBH CVSM) \u00e9 o de discutir as condi\u00e7\u00f5es da bacia, bem como a\u00e7\u00f5es de interesse comum. Por meio do comit\u00ea \u00e9 poss\u00edvel o debate para determinar o correto uso da \u00e1gua de cada uma das bacias hidrogr\u00e1ficas. Essas delibera\u00e7\u00f5es tamb\u00e9m ficam registradas em nosso site.<\/p>\n\n\n\n<p>S\u00e3o variados os assuntos de cada delibera\u00e7\u00e3o, que v\u00e3o desde a cria\u00e7\u00e3o de grupos de trabalho at\u00e9 a defini\u00e7\u00e3o de diretrizes para o enfrentamento de crise h\u00eddrica. Abaixo est\u00e3o os links para acessar as delibera\u00e7\u00f5es deste CBH desde o ano de 2013.<\/p>\n\n\n\n<div class=\"wp-block-atomic-blocks-ab-accordion ab-block-accordion\"><details><summary class=\"ab-accordion-title\">2025<\/summary><div class=\"ab-accordion-text\">\n<p><a href=\"https:\/\/cbhcvsm.meioambiente.go.gov.br\/wp-content\/uploads\/2025\/03\/Deliberacao_028_2025_CBH-CVSM_Aprova-PAP_25_02_25_merge.pdf\" data-type=\"link\" data-id=\"https:\/\/cbhcvsm.meioambiente.go.gov.br\/wp-content\/uploads\/2025\/03\/Deliberacao_028_2025_CBH-CVSM_Aprova-PAP_25_02_25_merge.pdf\">Deliberac\u0327a\u0303o 028-2025 &#8211; Aprova o Plano de Aplica\u00e7\u00e3o Plurianual (PAP) dos recursos origin\u00e1rios da cobran\u00e7a pelo uso de recursos h\u00eddricos na Bacia Hidrogr\u00e1fica dos Rios Corumb\u00e1, Ver\u00edssimo e da por\u00e7\u00e3o goiana do Rio S\u00e3o Marcos, para o exerc\u00edcio de 2025 a 2027.<\/a><\/p>\n<\/div><\/details><\/div>\n\n\n\n<div class=\"wp-block-atomic-blocks-ab-accordion ab-block-accordion\"><details><summary class=\"ab-accordion-title\">2024<\/summary><div class=\"ab-accordion-text\">\n<p><a href=\"https:\/\/cbhcvsm.meioambiente.go.gov.br\/wp-content\/uploads\/2024\/10\/Deliberac\u0327a\u0303o-027-Composicao-CTPI-CVSM.pdf\" data-type=\"link\" data-id=\"https:\/\/cbhcvsm.meioambiente.go.gov.br\/wp-content\/uploads\/2024\/10\/Deliberac\u0327a\u0303o-027-Composicao-CTPI-CVSM.pdf\">Deliberac\u0327a\u0303o 027-2024 &#8211; Aprova a composi\u00e7\u00e3o da C\u00e2mara T\u00e9cnica de Planejamento Institucional (CTPI) do CBH CVSM para a gest\u00e3o 2024\/2027.<\/a><\/p>\n\n\n\n<p><a href=\"https:\/\/cbhcvsm.meioambiente.go.gov.br\/wp-content\/uploads\/2024\/10\/Deliberac\u0327a\u0303o-026-Criacao-CTPI-CVSM.pdf\" data-type=\"link\" data-id=\"https:\/\/cbhcvsm.meioambiente.go.gov.br\/wp-content\/uploads\/2024\/10\/Deliberac\u0327a\u0303o-026-Criacao-CTPI-CVSM.pdf\">Deliberac\u0327a\u0303o 026-2024 &#8211; Define as atribui\u00e7\u00f5es, a composi\u00e7\u00e3o e as regras de funcionamento da C\u00e2mara T\u00e9cnica de Planejamento Institucional (CTPI) do Comit\u00ea das Bacias Hidrogr\u00e1ficas dos Rios Corumb\u00e1, Ver\u00edssimo e da por\u00e7\u00e3o goiana do Rio S\u00e3o Marcos.<\/a><\/p>\n\n\n\n<p><a href=\"https:\/\/cbhcvsm.meioambiente.go.gov.br\/wp-content\/uploads\/2024\/07\/Deliberacao-025-CBH-CVSM-Aprova-Proposta-de-Alteracao-nos-Mecanismos-de-Cobranca-pelo-Uso.pdf\" data-type=\"link\" data-id=\"https:\/\/cbhcvsm.meioambiente.go.gov.br\/wp-content\/uploads\/2024\/07\/Deliberacao-025-CBH-CVSM-Aprova-Proposta-de-Alteracao-nos-Mecanismos-de-Cobranca-pelo-Uso.pdf\">Deliberac\u0327a\u0303o 025-2024 &#8211; Aprova a proposta de altera\u00e7\u00e3o dos mecanismos de cobran\u00e7a pelo uso dos recursos h\u00eddricos nas Bacias Hidrogr\u00e1ficas dos Rios Corumb\u00e1, Ver\u00edssimo e da por\u00e7\u00e3o Goiana do Rio S\u00e3o Marcos.<\/a><\/p>\n<\/div><\/details><\/div>\n\n\n\n<div class=\"wp-block-atomic-blocks-ab-accordion ab-block-accordion\"><details><summary class=\"ab-accordion-title\">2023<\/summary><div class=\"ab-accordion-text\">\n<p><a href=\"https:\/\/cbhcvsm.meioambiente.go.gov.br\/wp-content\/uploads\/2023\/09\/Deliberacao-023-2023-CBH-CVSM-Processo-eleitoral-2023-2027.pdf\" data-type=\"link\" data-id=\"https:\/\/cbhcvsm.meioambiente.go.gov.br\/wp-content\/uploads\/2023\/09\/Deliberacao-023-2023-CBH-CVSM-Processo-eleitoral-2023-2027.pdf\">Deliberac\u0327a\u0303o 023-2023 CBH CVSM Processo eleitoral 2023-2027<\/a><\/p>\n\n\n\n<p><a rel=\"noreferrer noopener\" href=\"https:\/\/cbhcvsm.meioambiente.go.gov.br\/wp-content\/uploads\/2023\/08\/Deliberacao-022-2023-GT-Acompanhamento-Paranaiba_CBH-CVSM.pdf\" data-type=\"link\" data-id=\"https:\/\/cbhcvsm.meioambiente.go.gov.br\/wp-content\/uploads\/2023\/08\/Deliberacao-022-2023-GT-Acompanhamento-Paranaiba_CBH-CVSM.pdf\" target=\"_blank\">Delibera\u00e7\u00e3o 022 &#8211; 2023 &#8211; Aprova a cria\u00e7\u00e3o do Grupo de Trabalho de Acompanhamento da Revis\u00e3o do Plano<\/a><\/p>\n<\/div><\/details><\/div>\n\n\n\n<div class=\"wp-block-atomic-blocks-ab-accordion ab-block-accordion\"><details><summary class=\"ab-accordion-title\">2022<\/summary><div class=\"ab-accordion-text\">\n<p><a href=\"https:\/\/cbhcvsm.meioambiente.go.gov.br\/wp-content\/uploads\/2023\/02\/Deliberacao-021-2022-Criacao-GT-Antas-assinado.pdf\" data-type=\"URL\" data-id=\"https:\/\/cbhcvsm.meioambiente.go.gov.br\/wp-content\/uploads\/2023\/02\/Deliberacao-021-2022-Criacao-GT-Antas-assinado.pdf\" target=\"_blank\" rel=\"noreferrer noopener\">Delibera\u00e7\u00e3o 021 &#8211; 2022 &#8211; Cria\u00e7\u00e3o GT Antas<\/a><\/p>\n\n\n\n<p><a href=\"https:\/\/cbhcvsm.meioambiente.go.gov.br\/wp-content\/uploads\/2022\/09\/Deliberacao-020-2022-Aprova-Proposta-de-Enquadramento.pdf\" data-type=\"URL\" data-id=\"https:\/\/cbhcvsm.meioambiente.go.gov.br\/wp-content\/uploads\/2022\/09\/Deliberacao-020-2022-Aprova-Proposta-de-Enquadramento.pdf\" target=\"_blank\" rel=\"noreferrer noopener\">Delibera\u00e7\u00e3o 020 &#8211; 2022 &#8211; Aprova Proposta de Enquadramento<\/a><\/p>\n<\/div><\/details><\/div>\n\n\n\n<div class=\"wp-block-atomic-blocks-ab-accordion ab-block-accordion\"><details><summary class=\"ab-accordion-title\">2021<\/summary><div class=\"ab-accordion-text\">\n<p><a href=\"https:\/\/cbhcvsm.meioambiente.go.gov.br\/wp-content\/uploads\/2022\/03\/Deliberacao-019-2021-Uso-Insignificante-Sao-Marcos.pdf\" data-type=\"URL\" data-id=\"https:\/\/cbhcvsm.meioambiente.go.gov.br\/wp-content\/uploads\/2022\/03\/Deliberacao-019-2021-Uso-Insignificante-Sao-Marcos.pdf\" target=\"_blank\" rel=\"noreferrer noopener\">Delibera\u00e7\u00e3o 019 &#8211; 2021 &#8211; Uso Insignificante S\u00e3o Marcos<\/a><\/p>\n\n\n\n<p><a href=\"https:\/\/cbhcvsm.meioambiente.go.gov.br\/wp-content\/uploads\/2022\/03\/Deliberacao-018-2021-Aprovacao-do-Plano-da-Bacia.pdf\" data-type=\"URL\" data-id=\"https:\/\/cbhcvsm.meioambiente.go.gov.br\/wp-content\/uploads\/2022\/03\/Deliberacao-018-2021-Aprovacao-do-Plano-da-Bacia.pdf\" target=\"_blank\" rel=\"noreferrer noopener\">Delibera\u00e7\u00e3o 018 &#8211; 2021 &#8211; Aprova\u00e7\u00e3o do Plano da Bacia<\/a><\/p>\n\n\n\n<p><a href=\"https:\/\/cbhcvsm.meioambiente.go.gov.br\/wp-content\/uploads\/2022\/03\/Deliberacao-017-2021-Criacao-GT-Corumba.pdf\" data-type=\"URL\" data-id=\"https:\/\/cbhcvsm.meioambiente.go.gov.br\/wp-content\/uploads\/2022\/03\/Deliberacao-017-2021-Criacao-GT-Corumba.pdf\" target=\"_blank\" rel=\"noreferrer noopener\">Delibera\u00e7\u00e3o 017 &#8211; 2021 &#8211; Cria\u00e7\u00e3o GT Corumb\u00e1<\/a><\/p>\n\n\n\n<p><a href=\"https:\/\/cbhcvsm.meioambiente.go.gov.br\/wp-content\/uploads\/2022\/03\/Deliberacao-016-2021-Criacao-GTA-Pianco.pdf\" data-type=\"URL\" data-id=\"https:\/\/cbhcvsm.meioambiente.go.gov.br\/wp-content\/uploads\/2022\/03\/Deliberacao-016-2021-Criacao-GTA-Pianco.pdf\" target=\"_blank\" rel=\"noreferrer noopener\">Delibera\u00e7\u00e3o 016 &#8211; 2021 &#8211; Cria\u00e7\u00e3o GTA Pianc\u00f3<\/a><\/p>\n<\/div><\/details><\/div>\n\n\n\n<div class=\"wp-block-atomic-blocks-ab-accordion ab-block-accordion\"><details><summary class=\"ab-accordion-title\">2020<\/summary><div class=\"ab-accordion-text\">\n<p><a href=\"https:\/\/cbhcvsm.meioambiente.go.gov.br\/wp-content\/uploads\/2022\/03\/Deliberacao-015-2020-Define-diretrizes-para-o-enfrentamento-de-crise-hidrica.pdf\" data-type=\"URL\" data-id=\"https:\/\/cbhcvsm.meioambiente.go.gov.br\/wp-content\/uploads\/2022\/03\/Deliberacao-015-2020-Define-diretrizes-para-o-enfrentamento-de-crise-hidrica.pdf\" target=\"_blank\" rel=\"noreferrer noopener\">Delibera\u00e7\u00e3o 015 &#8211; 2020 &#8211; Define diretrizes para o enfrentamento de crise h\u00eddrica<\/a><\/p>\n\n\n\n<p><a href=\"https:\/\/cbhcvsm.meioambiente.go.gov.br\/wp-content\/uploads\/2022\/03\/Deliberacao-014-2020-Alteracao-da-vazao-outorgavel.pdf\" data-type=\"URL\" data-id=\"https:\/\/cbhcvsm.meioambiente.go.gov.br\/wp-content\/uploads\/2022\/03\/Deliberacao-014-2020-Alteracao-da-vazao-outorgavel.pdf\" target=\"_blank\" rel=\"noreferrer noopener\">Delibera\u00e7\u00e3o 014 &#8211; 2020 &#8211; Altera\u00e7\u00e3o da vaz\u00e3o outorg\u00e1vel<\/a><\/p>\n\n\n\n<p><a href=\"https:\/\/cbhcvsm.meioambiente.go.gov.br\/wp-content\/uploads\/2022\/03\/Deliberacao-013-2020-Aprova-vazoes-especificas.pdf\" data-type=\"URL\" data-id=\"https:\/\/cbhcvsm.meioambiente.go.gov.br\/wp-content\/uploads\/2022\/03\/Deliberacao-013-2020-Aprova-vazoes-especificas.pdf\" target=\"_blank\" rel=\"noreferrer noopener\">Delibera\u00e7\u00e3o 013 &#8211; 2020 &#8211; Aprova vaz\u00f5es especif\u00edcas<\/a><\/p>\n\n\n\n<p><a href=\"https:\/\/cbhcvsm.meioambiente.go.gov.br\/wp-content\/uploads\/2022\/03\/Deliberacao-012-2020-Criacao-GT-Enfrentamento-de-conflitos-Sao-Marcos.pdf\" data-type=\"URL\" data-id=\"https:\/\/cbhcvsm.meioambiente.go.gov.br\/wp-content\/uploads\/2022\/03\/Deliberacao-012-2020-Criacao-GT-Enfrentamento-de-conflitos-Sao-Marcos.pdf\" target=\"_blank\" rel=\"noreferrer noopener\">Delibera\u00e7\u00e3o 012- 2020 &#8211; Cria\u00e7\u00e3o GT Enfrentamento de conflitos S\u00e3o Marcos<\/a><\/p>\n\n\n\n<p><a href=\"https:\/\/cbhcvsm.meioambiente.go.gov.br\/wp-content\/uploads\/2022\/03\/Deliberacao-011-2020-Criacao-de-GT-para-revisao-de-Regimento-Interno.pdf\" data-type=\"URL\" data-id=\"https:\/\/cbhcvsm.meioambiente.go.gov.br\/wp-content\/uploads\/2022\/03\/Deliberacao-011-2020-Criacao-de-GT-para-revisao-de-Regimento-Interno.pdf\" target=\"_blank\" rel=\"noreferrer noopener\">Delibera\u00e7\u00e3o 011- 2020 &#8211; Cria\u00e7\u00e3o de GT para revis\u00e3o de Regimento Interno<\/a><\/p>\n\n\n\n<p><a href=\"https:\/\/cbhcvsm.meioambiente.go.gov.br\/wp-content\/uploads\/2022\/03\/Deliberacao-010-2020-Criacao-do-GT-Cobranca.pdf\" data-type=\"URL\" data-id=\"https:\/\/cbhcvsm.meioambiente.go.gov.br\/wp-content\/uploads\/2022\/03\/Deliberacao-010-2020-Criacao-do-GT-Cobranca.pdf\" target=\"_blank\" rel=\"noreferrer noopener\">Delibera\u00e7\u00e3o 010- 2020 &#8211; Cria\u00e7\u00e3o do GT Cobran\u00e7a<\/a><\/p>\n\n\n\n<p><a href=\"https:\/\/cbhcvsm.meioambiente.go.gov.br\/wp-content\/uploads\/2022\/03\/Deliberacao-009-2020-Criacao-do-GT-Plano.pdf\" data-type=\"URL\" data-id=\"https:\/\/cbhcvsm.meioambiente.go.gov.br\/wp-content\/uploads\/2022\/03\/Deliberacao-009-2020-Criacao-do-GT-Plano.pdf\" target=\"_blank\" rel=\"noreferrer noopener\">Delibera\u00e7\u00e3o 009- 2020 &#8211; Cria\u00e7\u00e3o do GT Plano<\/a><\/p>\n\n\n\n<p><a href=\"https:\/\/cbhcvsm.meioambiente.go.gov.br\/wp-content\/uploads\/2022\/03\/Deliberacao-008-2020-Criacao-do-GT-Pianco.pdf\" data-type=\"URL\" data-id=\"https:\/\/cbhcvsm.meioambiente.go.gov.br\/wp-content\/uploads\/2022\/03\/Deliberacao-008-2020-Criacao-do-GT-Pianco.pdf\" target=\"_blank\" rel=\"noreferrer noopener\">Delibera\u00e7\u00e3o 008- 2020- Cria\u00e7\u00e3o do GT Pianc\u00f3<\/a><\/p>\n<\/div><\/details><\/div>\n\n\n\n<div class=\"wp-block-atomic-blocks-ab-accordion ab-block-accordion\"><details><summary class=\"ab-accordion-title\">2019<\/summary><div class=\"ab-accordion-text\">\n<p><a href=\"https:\/\/cbhcvsm.meioambiente.go.gov.br\/wp-content\/uploads\/2022\/03\/Deliberacao-007-2019-Normas-procedimentos-e-criterios-de-escolha-dos-membros.pdf\" data-type=\"URL\" data-id=\"https:\/\/cbhcvsm.meioambiente.go.gov.br\/wp-content\/uploads\/2022\/03\/Deliberacao-007-2019-Normas-procedimentos-e-criterios-de-escolha-dos-membros.pdf\" target=\"_blank\" rel=\"noreferrer noopener\">Delibera\u00e7\u00e3o 007- 2019 &#8211; Normas, procedimentos e crit\u00e9rios de escolha dos membros<\/a><\/p>\n\n\n\n<p><a href=\"https:\/\/cbhcvsm.meioambiente.go.gov.br\/wp-content\/uploads\/2022\/03\/Deliberacao-006-2019-Demanda-espontanea-Encaminhamento-Publico.pdf\" data-type=\"URL\" data-id=\"https:\/\/cbhcvsm.meioambiente.go.gov.br\/wp-content\/uploads\/2022\/03\/Deliberacao-006-2019-Demanda-espontanea-Encaminhamento-Publico.pdf\" target=\"_blank\" rel=\"noreferrer noopener\">Delibera\u00e7\u00e3o 006 &#8211; 2019 &#8211; Demanda espont\u00e2nea Encaminhamento P\u00fablico<\/a><\/p>\n<\/div><\/details><\/div>\n\n\n\n<div class=\"wp-block-atomic-blocks-ab-accordion ab-block-accordion\"><details><summary class=\"ab-accordion-title\">2017<\/summary><div class=\"ab-accordion-text\">\n<p><a href=\"https:\/\/cbhcvsm.meioambiente.go.gov.br\/wp-content\/uploads\/2022\/03\/Deliberacao-005-2017-Proposta-de-enfrentamento-de-Conflitos-Pianco.pdf\" data-type=\"URL\" data-id=\"https:\/\/cbhcvsm.meioambiente.go.gov.br\/wp-content\/uploads\/2022\/03\/Deliberacao-005-2017-Proposta-de-enfrentamento-de-Conflitos-Pianco.pdf\" target=\"_blank\" rel=\"noreferrer noopener\">Delibera\u00e7\u00e3o 005 &#8211; 2017 &#8211; Proposta de enfrentamento de Conflitos Pianc\u00f3<\/a><\/p>\n\n\n\n<p><a href=\"https:\/\/cbhcvsm.meioambiente.go.gov.br\/wp-content\/uploads\/2022\/03\/Deliberacao-004-2017-Prorroga-mandato-dos-membros.pdf\" data-type=\"URL\" data-id=\"https:\/\/cbhcvsm.meioambiente.go.gov.br\/wp-content\/uploads\/2022\/03\/Deliberacao-004-2017-Prorroga-mandato-dos-membros.pdf\" target=\"_blank\" rel=\"noreferrer noopener\">Delibera\u00e7\u00e3o 004 &#8211; 2017 &#8211; Prorroga mandato dos membros<\/a><\/p>\n<\/div><\/details><\/div>\n\n\n\n<div class=\"wp-block-atomic-blocks-ab-accordion ab-block-accordion\"><details><summary class=\"ab-accordion-title\">2016<\/summary><div class=\"ab-accordion-text\">\n<p><a href=\"https:\/\/cbhcvsm.meioambiente.go.gov.br\/wp-content\/uploads\/2022\/03\/Deliberacao-003-2016-Define-Prioridade-Outorga-UHE-Batalha.pdf\" data-type=\"URL\" data-id=\"https:\/\/cbhcvsm.meioambiente.go.gov.br\/wp-content\/uploads\/2022\/03\/Deliberacao-003-2016-Define-Prioridade-Outorga-UHE-Batalha.pdf\" target=\"_blank\" rel=\"noreferrer noopener\">Delibera\u00e7\u00e3o 003- 2016 &#8211; Define Prioridade Outorga UHE Batalha<\/a><\/p>\n<\/div><\/details><\/div>\n\n\n\n<div class=\"wp-block-atomic-blocks-ab-accordion ab-block-accordion\"><details><summary class=\"ab-accordion-title\">2013<\/summary><div class=\"ab-accordion-text\">\n<p><a href=\"https:\/\/cbhcvsm.meioambiente.go.gov.br\/wp-content\/uploads\/2022\/03\/Deliberacao-002-2013-Normas-procedimentos-e-criterios-de-escolha-dos-membros.pdf\" data-type=\"URL\" data-id=\"https:\/\/cbhcvsm.meioambiente.go.gov.br\/wp-content\/uploads\/2022\/03\/Deliberacao-002-2013-Normas-procedimentos-e-criterios-de-escolha-dos-membros.pdf\" target=\"_blank\" rel=\"noreferrer noopener\">Delibera\u00e7\u00e3o 002- 2013 &#8211; Normas, procedimentos e crit\u00e9rios de escolha dos membros<\/a><\/p>\n\n\n\n<p><a href=\"https:\/\/cbhcvsm.meioambiente.go.gov.br\/wp-content\/uploads\/2022\/03\/Deliberacao-001-2013-Aprovacao-do-Regimento-Interno.pdf\" data-type=\"URL\" data-id=\"https:\/\/cbhcvsm.meioambiente.go.gov.br\/wp-content\/uploads\/2022\/03\/Deliberacao-001-2013-Aprovacao-do-Regimento-Interno.pdf\" target=\"_blank\" rel=\"noreferrer noopener\">Delibera\u00e7\u00e3o 001 &#8211; 2013 &#8211; Aprova\u00e7\u00e3o do Regimento Interno<\/a><\/p>\n<\/div><\/details><\/div>\n","protected":false},"excerpt":{"rendered":"<p>Um dos objetivos do Comit\u00ea de Bacia Hidrogr\u00e1fica dos Rios Corumb\u00e1, Ver\u00edssimo e por\u00e7\u00e3o goiana do Rio S\u00e3o Marcos (CBH CVSM) \u00e9 o de discutir as condi\u00e7\u00f5es da bacia, bem como a\u00e7\u00f5es de interesse comum. Por meio do comit\u00ea \u00e9 poss\u00edvel o debate para determinar o correto uso da \u00e1gua de cada uma das bacias [&hellip;]<\/p>\n","protected":false},"author":2,"featured_media":0,"parent":0,"menu_order":0,"comment_status":"closed","ping_status":"closed","template":"general-template.php","meta":{"footnotes":""},"class_list":["post-54","page","type-page","status-publish","hentry"],"featured_image_src":null,"featured_image_src_square":null,"jetpack_sharing_enabled":true,"_links":{"self":[{"href":"https:\/\/cbhcvsm.meioambiente.go.gov.br\/index.php?rest_route=\/wp\/v2\/pages\/54","targetHints":{"allow":["GET"]}}],"collection":[{"href":"https:\/\/cbhcvsm.meioambiente.go.gov.br\/index.php?rest_route=\/wp\/v2\/pages"}],"about":[{"href":"https:\/\/cbhcvsm.meioambiente.go.gov.br\/index.php?rest_route=\/wp\/v2\/types\/page"}],"author":[{"embeddable":true,"href":"https:\/\/cbhcvsm.meioambiente.go.gov.br\/index.php?rest_route=\/wp\/v2\/users\/2"}],"replies":[{"embeddable":true,"href":"https:\/\/cbhcvsm.meioambiente.go.gov.br\/index.php?rest_route=%2Fwp%2Fv2%2Fcomments&post=54"}],"version-history":[{"count":16,"href":"https:\/\/cbhcvsm.meioambiente.go.gov.br\/index.php?rest_route=\/wp\/v2\/pages\/54\/revisions"}],"predecessor-version":[{"id":1116,"href":"https:\/\/cbhcvsm.meioambiente.go.gov.br\/index.php?rest_route=\/wp\/v2\/pages\/54\/revisions\/1116"}],"wp:attachment":[{"href":"https:\/\/cbhcvsm.meioambiente.go.gov.br\/index.php?rest_route=%2Fwp%2Fv2%2Fmedia&parent=54"}],"curies":[{"name":"wp","href":"https:\/\/api.w.org\/{rel}","templated":true}]}}