{"id":38,"date":"2021-09-08T15:33:16","date_gmt":"2021-09-08T18:33:16","guid":{"rendered":"https:\/\/cbhcvsm.meioambiente.go.gov.br\/?page_id=38"},"modified":"2022-03-11T11:51:46","modified_gmt":"2022-03-11T14:51:46","slug":"relatorios-municipais","status":"publish","type":"page","link":"https:\/\/cbhcvsm.meioambiente.go.gov.br\/?page_id=38","title":{"rendered":"Caracteriza\u00e7\u00e3o Bi\u00f3tica da Bacia"},"content":{"rendered":"\n<h2 class=\"wp-block-heading\">Biomas<\/h2>\n\n\n\n<p>A UPGRH dos Rios Corumb\u00e1, Ver\u00edssimo e por\u00e7\u00e3o goiana do Rio S\u00e3o Marcos \u00e9 dividida nos biomas Cerrado e Mata Atl\u00e2ntica. A \u00e1rea total desta UPGRH \u00e9 de 47.212,36 km\u00b2, sendo que o Cerrado ocupa uma \u00e1rea de 44.650,28 km\u00b2, o que representa aproximadamente 95% da \u00e1rea total e os 5% restantes s\u00e3o a Mata Atl\u00e2ntica com 2.562,077 km\u00b2.<\/p>\n\n\n\n<div class=\"wp-block-image\"><figure class=\"aligncenter size-full\"><img data-recalc-dims=\"1\" fetchpriority=\"high\" decoding=\"async\" width=\"770\" height=\"847\" src=\"https:\/\/i0.wp.com\/cbhcvsm.meioambiente.go.gov.br\/wp-content\/uploads\/2022\/03\/image-8.png?resize=770%2C847&#038;ssl=1\" alt=\"\" class=\"wp-image-194\" srcset=\"https:\/\/i0.wp.com\/cbhcvsm.meioambiente.go.gov.br\/wp-content\/uploads\/2022\/03\/image-8.png?w=770&amp;ssl=1 770w, https:\/\/i0.wp.com\/cbhcvsm.meioambiente.go.gov.br\/wp-content\/uploads\/2022\/03\/image-8.png?resize=273%2C300&amp;ssl=1 273w, https:\/\/i0.wp.com\/cbhcvsm.meioambiente.go.gov.br\/wp-content\/uploads\/2022\/03\/image-8.png?resize=768%2C845&amp;ssl=1 768w\" sizes=\"(max-width: 770px) 100vw, 770px\" \/><figcaption>Fonte: Diagn\u00f3stico da UPGRH Dos Rios Corumb\u00e1, Ver\u00edssimo e S\u00e3o Marcos &#8211; (Produto 2) &#8211; Vers\u00e3o 6.0 \u2013 P\u00e1g. 29<br><a href=\"http:\/\/pbapgo.meioambiente.go.gov.br\/wp-content\/uploads\">http:\/\/pbapgo.meioambiente.go.gov.br\/wp-content\/uploads<\/a><\/figcaption><\/figure><\/div>\n\n\n\n<h2 class=\"wp-block-heading\">Uso e Cobertura do Solo<\/h2>\n\n\n\n<p>Ao analisar o uso e ocupa\u00e7\u00e3o do solo na UPGRH dos Rios Corumb\u00e1, Ver\u00edssimo e por\u00e7\u00e3o goiana do Rio S\u00e3o Marcos observa-se que 33,4% de sua \u00e1rea ainda \u00e9 composta por vegeta\u00e7\u00e3o nativa, os outros 66,6% s\u00e3o divididos em: 40,1% de pastagens; 22,8% de lavouras; 1,8% de corpos h\u00eddricos; 1,2% de silvicultura e 0,7% de \u00e1reas urbanas. A Figura\u00a0 mostra a distribui\u00e7\u00e3o desses dados.<\/p>\n\n\n\n<div class=\"wp-block-image\"><figure class=\"aligncenter size-full\"><img data-recalc-dims=\"1\" decoding=\"async\" width=\"770\" height=\"838\" src=\"https:\/\/i0.wp.com\/cbhcvsm.meioambiente.go.gov.br\/wp-content\/uploads\/2022\/03\/image-9.png?resize=770%2C838&#038;ssl=1\" alt=\"\" class=\"wp-image-195\" srcset=\"https:\/\/i0.wp.com\/cbhcvsm.meioambiente.go.gov.br\/wp-content\/uploads\/2022\/03\/image-9.png?w=770&amp;ssl=1 770w, https:\/\/i0.wp.com\/cbhcvsm.meioambiente.go.gov.br\/wp-content\/uploads\/2022\/03\/image-9.png?resize=276%2C300&amp;ssl=1 276w, https:\/\/i0.wp.com\/cbhcvsm.meioambiente.go.gov.br\/wp-content\/uploads\/2022\/03\/image-9.png?resize=768%2C836&amp;ssl=1 768w\" sizes=\"(max-width: 770px) 100vw, 770px\" \/><figcaption>Fonte: Diagn\u00f3stico da UPGRH Dos Rios Corumb\u00e1, Ver\u00edssimo e S\u00e3o Marcos &#8211; (Produto 2) &#8211; Vers\u00e3o 6.0 \u2013 P\u00e1g. 187<br><a href=\"http:\/\/pbapgo.meioambiente.go.gov.br\/wp-content\/uploads\">http:\/\/pbapgo.meioambiente.go.gov.br\/wp-content\/uploads<\/a><\/figcaption><\/figure><\/div>\n\n\n\n<p>A UPGRH possui a segunda maior \u00e1rea urbana das quatro UPGRH dos Afluentes Goianos do Rio Parana\u00edba, ficando atr\u00e1s apenas para a UPGRH do Meia Ponte, destacando-se nesta, An\u00e1polis, Caldas Novas, Catal\u00e3o e Luzi\u00e2nia. Tamb\u00e9m \u00e9 a UPGRH com maior percentual de vegeta\u00e7\u00e3o remanescente.<\/p>\n\n\n\n<p>De todas as quatro UPGRHs da parte goiana da Bacia do Rio Parana\u00edba, essa \u00e9 a que possui maior \u00e1rea de silvicultura em propor\u00e7\u00e3o, sendo ela \u00e9 quase duas vezes e meia o valor da propor\u00e7\u00e3o da segunda colocada. O destaque vai para os munic\u00edpios de Ipameri, Catal\u00e3o e Campo Alegre de Goi\u00e1s que s\u00e3o grandes produtores de madeira em tora e de lenha.<\/p>\n\n\n\n<p>Os principais mananciais da bacia s\u00e3o os rios: Corumb\u00e1; Ver\u00edssimo; S\u00e3o Marcos e S\u00e3o Bartolomeu. Todos os principais rios dessa UPGRH possuem barragens para a produ\u00e7\u00e3o de energia el\u00e9trica, com exce\u00e7\u00e3o do Rio Ver\u00edssimo. Com esses barramentos, a \u00e1rea ocupada por corpos h\u00eddricos na UPGRH dos Rios Corumb\u00e1, Ver\u00edssimo e por\u00e7\u00e3o goiana do Rio S\u00e3o Marcos \u00e9 a maior das quatro, em propor\u00e7\u00e3o.<\/p>\n\n\n\n<h2 class=\"wp-block-heading\">Unidades de Conserva\u00e7\u00e3o (UCs)<\/h2>\n\n\n\n<p>A UPGRH dos Rios Corumb\u00e1, Ver\u00edssimo e por\u00e7\u00e3o goiana do Rio S\u00e3o Marcos possui seis Unidades de Conserva\u00e7\u00e3o, sendo duas de Uso Sustent\u00e1vel e quatro de Prote\u00e7\u00e3o Integral, al\u00e9m das RPNN\u2019s \u2013 Reservas Particulares do Patrim\u00f4nio Natural. Entre as Unidades de Conserva\u00e7\u00e3o existentes nessa UPGRH se destacam a Floresta Nacional de Silv\u00e2nia (FLONA), o Parque Estadual da Serra dos Pireneus, o Parque Estadual da Serra de Caldas Novas, o Parque Nacional da Bacia do Rio Descoberto, que situa-se em \u00c1guas Lindas e o Parque Estadual da Mata Atl\u00e2ntica. Ainda h\u00e1 mais 16 Reservas Particulares de Patrim\u00f4nio Natural inseridas em diferentes munic\u00edpios.<\/p>\n\n\n\n<p><strong>Reservas Particulares do Patrim\u00f4nio Natural (RPPN\u2019s) existentes na UPGRH<\/strong><\/p>\n\n\n<div class=\"wptb-container-legacy\" data-table-id=\"197\">\n    <table class=\"wptb-preview-table wptb-element-main-table_setting-197 edit-active\" data-wptb-adaptive-table=\"0\" data-wptb-cells-width-auto-count=\"2\" data-wptb-table-tds-sum-max-width=\"378\" style=\"border-style: solid; border-width: 1px; border-color: rgb(214, 214, 214);\" data-table-columns=\"3\" data-reconstraction=\"1\" data-wptb-extra-styles=\"LyogRW50ZXIgeW91ciBjdXN0b20gQ1NTIHJ1bGVzIGhlcmUgKi8=\" role=\"table\" data-wptb-header-background-color=\"#4E6E90FF\" data-wptb-table-alignment=\"center\"><tbody><tr class=\"wptb-row\" style=\"background-color: rgb(78, 110, 144);\"><td class=\"wptb-cell\" data-wptb-css-td-auto-width=\"true\" data-x-index=\"0\" data-y-index=\"0\" style=\"padding: 15px; border-style: solid; border-width: 1px; border-color: rgb(214, 214, 214);\"><div class=\"wptb-text-container wptb-ph-element wptb-element-text-1\" style=\"color: rgb(255, 255, 255); font-size: 15px;\"><div class=\"\" style=\"position: relative;\"><p style=\"text-align: center;\">Nome<\/p><\/div><\/div><\/td><td class=\"wptb-cell\" data-wptb-css-td-auto-width=\"true\" data-x-index=\"1\" data-y-index=\"0\" style=\"padding: 15px; border-style: solid; border-width: 1px; border-color: rgb(214, 214, 214);\"><div class=\"wptb-text-container wptb-ph-element wptb-element-text-2\" style=\"color: rgb(255, 255, 255); font-size: 15px;\"><div class=\"\" style=\"position: relative;\"><p style=\"text-align: center;\">Munic\u00edpio<\/p><\/div><\/div><\/td><td class=\"wptb-cell\" data-x-index=\"2\" data-y-index=\"0\" style=\"padding: 15px; border-style: solid; border-width: 1px; border-color: rgb(214, 214, 214); width: 84px;\"><div class=\"wptb-text-container wptb-ph-element wptb-element-text-3\" style=\"color: rgb(255, 255, 255); font-size: 15px;\"><div class=\"\" style=\"position: relative;\"><p style=\"text-align: center;\">\u00c1rea (km\u00b2)<\/p><\/div><\/div><\/td><\/tr><tr class=\"wptb-row\"><td class=\"wptb-cell\" data-wptb-css-td-auto-width=\"true\" data-x-index=\"0\" data-y-index=\"1\" style=\"padding: 15px; border-style: solid; border-width: 1px; border-color: rgb(214, 214, 214);\"><div class=\"wptb-text-container wptb-ph-element wptb-element-text-4\"><div class=\"\" style=\"position: relative;\"><p>RPPN Santu\u00e1rio Ecol\u00f3gico Olhos D` \u00c1gua<\/p><\/div><\/div><\/td><td class=\"wptb-cell\" data-wptb-css-td-auto-width=\"true\" data-x-index=\"1\" data-y-index=\"1\" style=\"padding: 15px; border-style: solid; border-width: 1px; border-color: rgb(214, 214, 214);\"><div class=\"wptb-text-container wptb-ph-element wptb-element-text-5\"><div class=\"\" style=\"position: relative;\"><p>Alex\u00e2nia - GO<\/p><\/div><\/div><\/td><td class=\"wptb-cell\" data-x-index=\"2\" data-y-index=\"1\" style=\"padding: 15px; border-style: solid; border-width: 1px; border-color: rgb(214, 214, 214); width: 84px;\"><div class=\"wptb-text-container wptb-ph-element wptb-element-text-6\"><div class=\"\" style=\"position: relative;\"><p>11,98<\/p><\/div><\/div><\/td><\/tr><tr class=\"wptb-row\"><td class=\"wptb-cell\" data-wptb-css-td-auto-width=\"true\" data-x-index=\"0\" data-y-index=\"2\" style=\"padding: 15px; border-style: solid; border-width: 1px; border-color: rgb(214, 214, 214);\"><div class=\"wptb-text-container wptb-ph-element wptb-element-text-7\"><div class=\"\" style=\"position: relative;\"><p>RPPN S\u00edtio Estrela Dalva<\/p><\/div><\/div><\/td><td class=\"wptb-cell\" data-wptb-css-td-auto-width=\"true\" data-x-index=\"1\" data-y-index=\"2\" style=\"padding: 15px; border-style: solid; border-width: 1px; border-color: rgb(214, 214, 214);\"><div class=\"wptb-text-container wptb-ph-element wptb-element-text-8\"><div class=\"\" style=\"position: relative;\"><p>Cidade Ocidental - GO<\/p><\/div><\/div><\/td><td class=\"wptb-cell\" data-x-index=\"2\" data-y-index=\"2\" style=\"padding: 15px; border-style: solid; border-width: 1px; border-color: rgb(214, 214, 214); width: 84px;\"><div class=\"wptb-text-container wptb-ph-element wptb-element-text-9\"><div class=\"\" style=\"position: relative;\"><p>5,04<\/p><\/div><\/div><\/td><\/tr><tr class=\"wptb-row\"><td class=\"wptb-cell\" data-wptb-css-td-auto-width=\"true\" data-x-index=\"0\" data-y-index=\"3\" style=\"padding: 15px; border-style: solid; border-width: 1px; border-color: rgb(214, 214, 214);\"><div class=\"wptb-text-container wptb-ph-element wptb-element-text-10\"><div><p>RPPN Reserva Itapu\u00e3<\/p><\/div><\/div><\/td><td class=\"wptb-cell\" data-wptb-css-td-auto-width=\"true\" data-x-index=\"1\" data-y-index=\"3\" style=\"padding: 15px; border-style: solid; border-width: 1px; border-color: rgb(214, 214, 214);\"><div class=\"wptb-text-container wptb-ph-element wptb-element-text-11\"><div class=\"\" style=\"position: relative;\"><p>Cidade Ocidental - GO<\/p><\/div><\/div><\/td><td class=\"wptb-cell\" data-x-index=\"2\" data-y-index=\"3\" style=\"padding: 15px; border-style: solid; border-width: 1px; border-color: rgb(214, 214, 214); width: 84px;\"><div class=\"wptb-text-container wptb-ph-element wptb-element-text-12\"><div class=\"\" style=\"position: relative;\"><p>79,94<\/p><\/div><\/div><\/td><\/tr><tr class=\"wptb-row\"><td class=\"wptb-cell\" data-wptb-css-td-auto-width=\"true\" data-x-index=\"0\" data-y-index=\"4\" style=\"padding: 15px; border-style: solid; border-width: 1px; border-color: rgb(214, 214, 214);\"><div class=\"wptb-text-container wptb-ph-element wptb-element-text-13\"><div class=\"\" style=\"position: relative;\"><p>RPPN Santa Clara<\/p><\/div><\/div><\/td><td class=\"wptb-cell\" data-wptb-css-td-auto-width=\"true\" data-x-index=\"1\" data-y-index=\"4\" style=\"padding: 15px; border-style: solid; border-width: 1px; border-color: rgb(214, 214, 214);\"><div class=\"wptb-text-container wptb-ph-element wptb-element-text-14\"><div class=\"\" style=\"position: relative;\"><p>Cristalina - GO<\/p><\/div><\/div><\/td><td class=\"wptb-cell\" data-x-index=\"2\" data-y-index=\"4\" style=\"padding: 15px; border-style: solid; border-width: 1px; border-color: rgb(214, 214, 214); width: 84px;\"><div class=\"wptb-text-container wptb-ph-element wptb-element-text-15\"><div class=\"\"><p>165,64<\/p><\/div><\/div><\/td><\/tr><tr class=\"wptb-row\"><td class=\"wptb-cell\" data-wptb-css-td-auto-width=\"true\" data-x-index=\"0\" data-y-index=\"5\" style=\"padding: 15px; border-style: solid; border-width: 1px; border-color: rgb(214, 214, 214);\"><div class=\"wptb-text-container wptb-ph-element wptb-element-text-16\"><div class=\"\" style=\"position: relative;\"><p>RPPN Linda Serra dos Top\u00e1zios<\/p><\/div><\/div><\/td><td class=\"wptb-cell\" data-wptb-css-td-auto-width=\"true\" data-x-index=\"1\" data-y-index=\"5\" style=\"padding: 15px; border-style: solid; border-width: 1px; border-color: rgb(214, 214, 214);\"><div class=\"wptb-text-container wptb-ph-element wptb-element-text-17\"><div class=\"\" style=\"position: relative;\"><p>Cristalina - GO<\/p><\/div><\/div><\/td><td class=\"wptb-cell\" data-x-index=\"2\" data-y-index=\"5\" style=\"padding: 15px; border-style: solid; border-width: 1px; border-color: rgb(214, 214, 214); width: 84px;\"><div class=\"wptb-text-container wptb-ph-element wptb-element-text-18\"><div class=\"\" style=\"position: relative;\"><p>469,48<\/p><\/div><\/div><\/td><\/tr><tr class=\"wptb-row\"><td class=\"wptb-cell\" data-wptb-css-td-auto-width=\"true\" data-x-index=\"0\" data-y-index=\"6\" style=\"padding: 15px; border-style: solid; border-width: 1px; border-color: rgb(214, 214, 214);\"><div class=\"wptb-text-container wptb-ph-element wptb-element-text-19\"><div><p>RPPN Fazenda Vereda do Gato<\/p><\/div><\/div><\/td><td class=\"wptb-cell\" data-wptb-css-td-auto-width=\"true\" data-x-index=\"1\" data-y-index=\"6\" style=\"padding: 15px; border-style: solid; border-width: 1px; border-color: rgb(214, 214, 214);\"><div class=\"wptb-text-container wptb-ph-element wptb-element-text-20\"><div><p>Cristalina - GO<\/p><\/div><\/div><\/td><td class=\"wptb-cell\" data-x-index=\"2\" data-y-index=\"6\" style=\"padding: 15px; border-style: solid; border-width: 1px; border-color: rgb(214, 214, 214); width: 84px;\"><div class=\"wptb-text-container wptb-ph-element wptb-element-text-21\"><div class=\"\" style=\"position: relative;\"><p>143<\/p><\/div><\/div><\/td><\/tr><tr class=\"wptb-row\"><td class=\"wptb-cell\" data-wptb-css-td-auto-width=\"true\" data-x-index=\"0\" data-y-index=\"7\" style=\"padding: 15px; border-style: solid; border-width: 1px; border-color: rgb(214, 214, 214);\"><div class=\"wptb-text-container wptb-ph-element wptb-element-text-22\"><div><p>RPPN Fazenda Pindorama<\/p><\/div><\/div><\/td><td class=\"wptb-cell\" data-wptb-css-td-auto-width=\"true\" data-x-index=\"1\" data-y-index=\"7\" style=\"padding: 15px; border-style: solid; border-width: 1px; border-color: rgb(214, 214, 214);\"><div class=\"wptb-text-container wptb-ph-element wptb-element-text-23\"><div class=\"\" style=\"position: relative;\"><p>Cristalina - GO<\/p><\/div><\/div><\/td><td class=\"wptb-cell\" data-x-index=\"2\" data-y-index=\"7\" style=\"padding: 15px; border-style: solid; border-width: 1px; border-color: rgb(214, 214, 214); width: 84px;\"><div class=\"wptb-text-container wptb-ph-element wptb-element-text-24\"><div class=\"\" style=\"position: relative;\"><p>636<\/p><\/div><\/div><\/td><\/tr><tr class=\"wptb-row\"><td class=\"wptb-cell\" data-wptb-css-td-auto-width=\"true\" data-x-index=\"0\" data-y-index=\"8\" style=\"padding: 15px; border-style: solid; border-width: 1px; border-color: rgb(214, 214, 214);\"><div class=\"wptb-text-container wptb-ph-element wptb-element-text-25\"><div><p>RPPN Fazenda Cachoeirinha<\/p><\/div><\/div><\/td><td class=\"wptb-cell\" data-wptb-css-td-auto-width=\"true\" data-x-index=\"1\" data-y-index=\"8\" style=\"padding: 15px; border-style: solid; border-width: 1px; border-color: rgb(214, 214, 214);\"><div class=\"wptb-text-container wptb-ph-element wptb-element-text-26\"><div class=\"\" style=\"position: relative;\"><p>Padre Bernardo - GO<\/p><\/div><\/div><\/td><td class=\"wptb-cell\" data-x-index=\"2\" data-y-index=\"8\" style=\"padding: 15px; border-style: solid; border-width: 1px; border-color: rgb(214, 214, 214); width: 84px;\"><div class=\"wptb-text-container wptb-ph-element wptb-element-text-27\"><div class=\"\" style=\"position: relative;\"><p>80<\/p><\/div><\/div><\/td><\/tr><tr class=\"wptb-row\"><td class=\"wptb-cell\" data-wptb-css-td-auto-width=\"true\" data-x-index=\"0\" data-y-index=\"9\" style=\"padding: 15px; border-style: solid; border-width: 1px; border-color: rgb(214, 214, 214);\"><div class=\"wptb-text-container wptb-ph-element wptb-element-text-28\"><div><p>RPPN Fazenda Arruda<\/p><\/div><\/div><\/td><td class=\"wptb-cell\" data-wptb-css-td-auto-width=\"true\" data-x-index=\"1\" data-y-index=\"9\" style=\"padding: 15px; border-style: solid; border-width: 1px; border-color: rgb(214, 214, 214);\"><div class=\"wptb-text-container wptb-ph-element wptb-element-text-29\"><div><p>Piren\u00f3polis - GO<\/p><\/div><\/div><\/td><td class=\"wptb-cell\" data-x-index=\"2\" data-y-index=\"9\" style=\"padding: 15px; border-style: solid; border-width: 1px; border-color: rgb(214, 214, 214); width: 84px;\"><div class=\"wptb-text-container wptb-ph-element wptb-element-text-30\"><div><p>800\n<\/p><\/div><\/div><\/td><\/tr><tr class=\"wptb-row\"><td class=\"wptb-cell\" data-wptb-css-td-auto-width=\"true\" data-x-index=\"0\" data-y-index=\"10\" style=\"padding: 15px; border-style: solid; border-width: 1px; border-color: rgb(214, 214, 214);\"><div class=\"wptb-text-container wptb-ph-element wptb-element-text-31\"><div><p>RPPN Fazenda Vagafogo Boa Vista<\/p><\/div><\/div><\/td><td class=\"wptb-cell\" data-wptb-css-td-auto-width=\"true\" data-x-index=\"1\" data-y-index=\"10\" style=\"padding: 15px; border-style: solid; border-width: 1px; border-color: rgb(214, 214, 214);\"><div class=\"wptb-text-container wptb-ph-element wptb-element-text-32\"><div><p>Piren\u00f3polis - GO<\/p><\/div><\/div><\/td><td class=\"wptb-cell\" data-x-index=\"2\" data-y-index=\"10\" style=\"padding: 15px; border-style: solid; border-width: 1px; border-color: rgb(214, 214, 214); width: 84px;\"><div class=\"wptb-text-container wptb-ph-element wptb-element-text-33\"><div class=\"\" style=\"position: relative;\"><p>17<\/p><\/div><\/div><\/td><\/tr><tr class=\"wptb-row\"><td class=\"wptb-cell\" data-wptb-css-td-auto-width=\"true\" data-x-index=\"0\" data-y-index=\"11\" style=\"padding: 15px; border-style: solid; border-width: 1px; border-color: rgb(214, 214, 214);\"><div class=\"wptb-text-container wptb-ph-element wptb-element-text-34\"><div><p>RPPN de Vida Silvestre Flor das \u00c1guas<\/p><\/div><\/div><\/td><td class=\"wptb-cell\" data-wptb-css-td-auto-width=\"true\" data-x-index=\"1\" data-y-index=\"11\" style=\"padding: 15px; border-style: solid; border-width: 1px; border-color: rgb(214, 214, 214);\"><div class=\"wptb-text-container wptb-ph-element wptb-element-text-35\"><div><p>Piren\u00f3polis - GO<\/p><\/div><\/div><\/td><td class=\"wptb-cell\" data-x-index=\"2\" data-y-index=\"11\" style=\"padding: 15px; border-style: solid; border-width: 1px; border-color: rgb(214, 214, 214); width: 84px;\"><div class=\"wptb-text-container wptb-ph-element wptb-element-text-36\"><div><p>43,31\n<\/p><\/div><\/div><\/td><\/tr><tr class=\"wptb-row\"><td class=\"wptb-cell\" data-wptb-css-td-auto-width=\"true\" data-x-index=\"0\" data-y-index=\"12\" style=\"padding: 15px; border-style: solid; border-width: 1px; border-color: rgb(214, 214, 214);\"><div class=\"wptb-text-container wptb-ph-element wptb-element-text-37\"><div class=\"\"><p>RPPN Pau Terra<\/p><\/div><\/div><\/td><td class=\"wptb-cell\" data-wptb-css-td-auto-width=\"true\" data-x-index=\"1\" data-y-index=\"12\" style=\"padding: 15px; border-style: solid; border-width: 1px; border-color: rgb(214, 214, 214);\"><div class=\"wptb-text-container wptb-ph-element wptb-element-text-38\"><div class=\"\" style=\"position: relative;\"><p>Piren\u00f3polis - GO<\/p><\/div><\/div><\/td><td class=\"wptb-cell\" data-x-index=\"2\" data-y-index=\"12\" style=\"padding: 15px; border-style: solid; border-width: 1px; border-color: rgb(214, 214, 214); width: 84px;\"><div class=\"wptb-text-container wptb-ph-element wptb-element-text-39\"><div class=\"\" style=\"position: relative;\"><p>6,33<\/p><\/div><\/div><\/td><\/tr><tr class=\"wptb-row\"><td class=\"wptb-cell\" data-wptb-css-td-auto-width=\"true\" data-x-index=\"0\" data-y-index=\"13\" style=\"padding: 15px; border-style: solid; border-width: 1px; border-color: rgb(214, 214, 214);\"><div class=\"wptb-text-container wptb-ph-element wptb-element-text-40\"><div><p>RPPN Fazenda Gleba Vagem Grande I<\/p><\/div><\/div><\/td><td class=\"wptb-cell\" data-wptb-css-td-auto-width=\"true\" data-x-index=\"1\" data-y-index=\"13\" style=\"padding: 15px; border-style: solid; border-width: 1px; border-color: rgb(214, 214, 214);\"><div class=\"wptb-text-container wptb-ph-element wptb-element-text-41\"><div><p>Piren\u00f3polis - GO<\/p><\/div><\/div><\/td><td class=\"wptb-cell\" data-x-index=\"2\" data-y-index=\"13\" style=\"padding: 15px; border-style: solid; border-width: 1px; border-color: rgb(214, 214, 214); width: 84px;\"><div class=\"wptb-text-container wptb-ph-element wptb-element-text-42\"><div><p>390\n<\/p><\/div><\/div><\/td><\/tr><tr class=\"wptb-row\"><td class=\"wptb-cell\" data-wptb-css-td-auto-width=\"true\" data-x-index=\"0\" data-y-index=\"14\" style=\"padding: 15px; border-style: solid; border-width: 1px; border-color: rgb(214, 214, 214);\"><div class=\"wptb-text-container wptb-ph-element wptb-element-text-43\"><div><p>RPPN Reserva Santu\u00e1rio de Gabriel<\/p><\/div><\/div><\/td><td class=\"wptb-cell\" data-wptb-css-td-auto-width=\"true\" data-x-index=\"1\" data-y-index=\"14\" style=\"padding: 15px; border-style: solid; border-width: 1px; border-color: rgb(214, 214, 214);\"><div class=\"wptb-text-container wptb-ph-element wptb-element-text-44\"><div><p>Piren\u00f3polis - GO<\/p><\/div><\/div><\/td><td class=\"wptb-cell\" data-x-index=\"2\" data-y-index=\"14\" style=\"padding: 15px; border-style: solid; border-width: 1px; border-color: rgb(214, 214, 214); width: 84px;\"><div class=\"wptb-text-container wptb-ph-element wptb-element-text-45\"><div><p>65,2\n<\/p><\/div><\/div><\/td><\/tr><tr class=\"wptb-row\"><td class=\"wptb-cell\" data-wptb-css-td-auto-width=\"true\" data-x-index=\"0\" data-y-index=\"15\" style=\"padding: 15px; border-style: solid; border-width: 1px; border-color: rgb(214, 214, 214);\"><div class=\"wptb-text-container wptb-ph-element wptb-element-text-46\"><div><p>RPPN Segredo da Serra dos Pirineus<\/p><\/div><\/div><\/td><td class=\"wptb-cell\" data-wptb-css-td-auto-width=\"true\" data-x-index=\"1\" data-y-index=\"15\" style=\"padding: 15px; border-style: solid; border-width: 1px; border-color: rgb(214, 214, 214);\"><div class=\"wptb-text-container wptb-ph-element wptb-element-text-47\"><div><p>Piren\u00f3polis - GO<\/p><\/div><\/div><\/td><td class=\"wptb-cell\" data-x-index=\"2\" data-y-index=\"15\" style=\"padding: 15px; border-style: solid; border-width: 1px; border-color: rgb(214, 214, 214); width: 84px;\"><div class=\"wptb-text-container wptb-ph-element wptb-element-text-48\"><div><p>3,63\n<\/p><\/div><\/div><\/td><\/tr><tr class=\"wptb-row\"><td class=\"wptb-cell\" data-wptb-css-td-auto-width=\"true\" data-x-index=\"0\" data-y-index=\"16\" style=\"padding: 15px; border-style: solid; border-width: 1px; border-color: rgb(214, 214, 214);\"><div class=\"wptb-text-container wptb-ph-element wptb-element-text-49\"><div><p>RPPN Jo\u00e3o de Barro<\/p><\/div><\/div><\/td><td class=\"wptb-cell\" data-wptb-css-td-auto-width=\"true\" data-x-index=\"1\" data-y-index=\"16\" style=\"padding: 15px; border-style: solid; border-width: 1px; border-color: rgb(214, 214, 214);\"><div class=\"wptb-text-container wptb-ph-element wptb-element-text-50\"><div><p>Santo Ant\u00f4nio do Descoberto - GO<\/p><\/div><\/div><\/td><td class=\"wptb-cell\" data-x-index=\"2\" data-y-index=\"16\" style=\"padding: 15px; border-style: solid; border-width: 1px; border-color: rgb(214, 214, 214); width: 84px;\"><div class=\"wptb-text-container wptb-ph-element wptb-element-text-51\"><div><p>2,9\n<\/p><\/div><\/div><\/td><\/tr><\/tbody><\/table>\n<\/div>\n\n\n\n\n<p>Fonte: Diagn\u00f3stico da UPGRH Dos Rios Corumb\u00e1, Ver\u00edssimo e S\u00e3o Marcos &#8211; (Produto 2) &#8211; Vers\u00e3o 6.0 \u2013 P\u00e1g. 192<\/p>\n\n\n\n<p><a href=\"http:\/\/pbapgo.meioambiente.go.gov.br\/wp-content\/uploads\">http:\/\/pbapgo.meioambiente.go.gov.br\/wp-content\/uploads<\/a><\/p>\n\n\n\n<p>A Floresta Nacional de Silv\u00e2nia (FLONA) foi criada atrav\u00e9s da Portaria n\u00ba 247 de 18 de julho de 2001, possuindo uma \u00e1rea de 486,37 hectares, sendo ela toda inserida no munic\u00edpio de Silv\u00e2nia. A Flona \u00e9 gerida pelo ICMBio.<\/p>\n\n\n\n<p><\/p>\n","protected":false},"excerpt":{"rendered":"<p>Biomas A UPGRH dos Rios Corumb\u00e1, Ver\u00edssimo e por\u00e7\u00e3o goiana do Rio S\u00e3o Marcos \u00e9 dividida nos biomas Cerrado e Mata Atl\u00e2ntica. A \u00e1rea total desta UPGRH \u00e9 de 47.212,36 km\u00b2, sendo que o Cerrado ocupa uma \u00e1rea de 44.650,28 km\u00b2, o que representa aproximadamente 95% da \u00e1rea total e os 5% restantes s\u00e3o a [&hellip;]<\/p>\n","protected":false},"author":2,"featured_media":0,"parent":0,"menu_order":0,"comment_status":"closed","ping_status":"closed","template":"general-template.php","meta":{"footnotes":""},"class_list":["post-38","page","type-page","status-publish","hentry"],"featured_image_src":null,"featured_image_src_square":null,"jetpack_sharing_enabled":true,"_links":{"self":[{"href":"https:\/\/cbhcvsm.meioambiente.go.gov.br\/index.php?rest_route=\/wp\/v2\/pages\/38","targetHints":{"allow":["GET"]}}],"collection":[{"href":"https:\/\/cbhcvsm.meioambiente.go.gov.br\/index.php?rest_route=\/wp\/v2\/pages"}],"about":[{"href":"https:\/\/cbhcvsm.meioambiente.go.gov.br\/index.php?rest_route=\/wp\/v2\/types\/page"}],"author":[{"embeddable":true,"href":"https:\/\/cbhcvsm.meioambiente.go.gov.br\/index.php?rest_route=\/wp\/v2\/users\/2"}],"replies":[{"embeddable":true,"href":"https:\/\/cbhcvsm.meioambiente.go.gov.br\/index.php?rest_route=%2Fwp%2Fv2%2Fcomments&post=38"}],"version-history":[{"count":4,"href":"https:\/\/cbhcvsm.meioambiente.go.gov.br\/index.php?rest_route=\/wp\/v2\/pages\/38\/revisions"}],"predecessor-version":[{"id":198,"href":"https:\/\/cbhcvsm.meioambiente.go.gov.br\/index.php?rest_route=\/wp\/v2\/pages\/38\/revisions\/198"}],"wp:attachment":[{"href":"https:\/\/cbhcvsm.meioambiente.go.gov.br\/index.php?rest_route=%2Fwp%2Fv2%2Fmedia&parent=38"}],"curies":[{"name":"wp","href":"https:\/\/api.w.org\/{rel}","templated":true}]}}