{"id":36,"date":"2021-09-08T15:33:01","date_gmt":"2021-09-08T18:33:01","guid":{"rendered":"https:\/\/cbhcvsm.meioambiente.go.gov.br\/?page_id=36"},"modified":"2022-03-11T11:33:45","modified_gmt":"2022-03-11T14:33:45","slug":"turismo-e-lazer","status":"publish","type":"page","link":"https:\/\/cbhcvsm.meioambiente.go.gov.br\/?page_id=36","title":{"rendered":"Caracteriza\u00e7\u00e3o Fisiogr\u00e1fica da Bacia"},"content":{"rendered":"\n<p>Os estudos da precipita\u00e7\u00e3o na bacia dos Rios Corumb\u00e1, Ver\u00edssimo e por\u00e7\u00e3o goiana do Rio S\u00e3o Marcos, demonstraram a presen\u00e7a evidente de uma demarca\u00e7\u00e3o sazonal indicada pelo per\u00edodo seco durante os meses de maio a agosto, com precipita\u00e7\u00f5es m\u00e9dias mensais pr\u00f3ximas a 0 mm, enquanto no per\u00edodo chuvoso, compreendido entre os meses de setembro a abril, as precipita\u00e7\u00f5es m\u00e9dias mensais variam em torno de 270 mm, como pode ser observado na Figura<\/p>\n\n\n\n<div class=\"wp-block-image\"><figure class=\"aligncenter size-full\"><img data-recalc-dims=\"1\" fetchpriority=\"high\" decoding=\"async\" width=\"855\" height=\"966\" src=\"https:\/\/i0.wp.com\/cbhcvsm.meioambiente.go.gov.br\/wp-content\/uploads\/2022\/03\/image-2.png?resize=855%2C966&#038;ssl=1\" alt=\"\" class=\"wp-image-184\" srcset=\"https:\/\/i0.wp.com\/cbhcvsm.meioambiente.go.gov.br\/wp-content\/uploads\/2022\/03\/image-2.png?w=855&amp;ssl=1 855w, https:\/\/i0.wp.com\/cbhcvsm.meioambiente.go.gov.br\/wp-content\/uploads\/2022\/03\/image-2.png?resize=266%2C300&amp;ssl=1 266w, https:\/\/i0.wp.com\/cbhcvsm.meioambiente.go.gov.br\/wp-content\/uploads\/2022\/03\/image-2.png?resize=768%2C868&amp;ssl=1 768w\" sizes=\"(max-width: 855px) 100vw, 855px\" \/><figcaption>Fonte: Diagn\u00f3stico da UPGRH Dos Rios Corumb\u00e1, Ver\u00edssimo e S\u00e3o Marcos &#8211; (Produto 2) &#8211; Vers\u00e3o 6.0 \u2013 P\u00e1g. 224<br><a href=\"http:\/\/pbapgo.meioambiente.go.gov.br\/wp-content\/uploads\">http:\/\/pbapgo.meioambiente.go.gov.br\/wp-content\/uploads<\/a><\/figcaption><\/figure><\/div>\n\n\n\n<div class=\"wp-block-image\"><figure class=\"aligncenter size-full\"><img data-recalc-dims=\"1\" decoding=\"async\" width=\"814\" height=\"489\" src=\"https:\/\/i0.wp.com\/cbhcvsm.meioambiente.go.gov.br\/wp-content\/uploads\/2022\/03\/image-3.png?resize=814%2C489&#038;ssl=1\" alt=\"\" class=\"wp-image-185\" srcset=\"https:\/\/i0.wp.com\/cbhcvsm.meioambiente.go.gov.br\/wp-content\/uploads\/2022\/03\/image-3.png?w=814&amp;ssl=1 814w, https:\/\/i0.wp.com\/cbhcvsm.meioambiente.go.gov.br\/wp-content\/uploads\/2022\/03\/image-3.png?resize=300%2C180&amp;ssl=1 300w, https:\/\/i0.wp.com\/cbhcvsm.meioambiente.go.gov.br\/wp-content\/uploads\/2022\/03\/image-3.png?resize=768%2C461&amp;ssl=1 768w\" sizes=\"(max-width: 814px) 100vw, 814px\" \/><figcaption>Fonte: Diagn\u00f3stico da UPGRH Dos Rios Corumb\u00e1, Ver\u00edssimo e S\u00e3o Marcos &#8211; (Produto 2) &#8211; Vers\u00e3o 6.0 \u2013 P\u00e1g. 222.<\/figcaption><\/figure><\/div>\n\n\n\n<h2 class=\"wp-block-heading\">Litologia<\/h2>\n\n\n\n<p>A litologia na UPGRH dos Rios Corumb\u00e1, Ver\u00edssimo e por\u00e7\u00e3o goiana do Rio S\u00e3o Marcos \u00e9 composta predominantemente por rochas metam\u00f3rficas, com ocorr\u00eancias expressivas de rochas \u00edgneas e material superficial, principalmente na por\u00e7\u00e3o leste da UPGRH. Na parte central da UPGRH h\u00e1 misturas de rochas metam\u00f3rficas e sedimentares, rochas \u00edgneas e tamb\u00e9m misturas entre essas rochas \u00edgneas e metam\u00f3rficas.<\/p>\n\n\n\n<p>Devido a predomin\u00e2ncia do metamorfismo, tamb\u00e9m h\u00e1 uma expressiva ocorr\u00eancia de falhas geol\u00f3gicas, indicando que a recarga de \u00e1guas subterr\u00e2neas ocorre por meio de falhas e fraturas em rochas metam\u00f3rficas, que geralmente se caracterizam pela alta dureza e baixa permeabilidade. O metamorfismo da UPGRH tamb\u00e9m \u00e9 um indicador de relevos declivosos, onde geralmente ocorrem transforma\u00e7\u00f5es de solos por meio de processos erosivos.<\/p>\n\n\n\n<div class=\"wp-block-image\"><figure class=\"aligncenter size-full\"><img data-recalc-dims=\"1\" decoding=\"async\" width=\"814\" height=\"964\" src=\"https:\/\/i0.wp.com\/cbhcvsm.meioambiente.go.gov.br\/wp-content\/uploads\/2022\/03\/image-4.png?resize=814%2C964&#038;ssl=1\" alt=\"\" class=\"wp-image-186\" srcset=\"https:\/\/i0.wp.com\/cbhcvsm.meioambiente.go.gov.br\/wp-content\/uploads\/2022\/03\/image-4.png?w=814&amp;ssl=1 814w, https:\/\/i0.wp.com\/cbhcvsm.meioambiente.go.gov.br\/wp-content\/uploads\/2022\/03\/image-4.png?resize=253%2C300&amp;ssl=1 253w, https:\/\/i0.wp.com\/cbhcvsm.meioambiente.go.gov.br\/wp-content\/uploads\/2022\/03\/image-4.png?resize=768%2C910&amp;ssl=1 768w\" sizes=\"(max-width: 814px) 100vw, 814px\" \/><figcaption>Fonte: Diagn\u00f3stico da UPGRH Dos Rios Corumb\u00e1, Ver\u00edssimo e S\u00e3o Marcos &#8211; (Produto 2) &#8211; Vers\u00e3o 6.0 \u2013 P\u00e1g. 176<br><a href=\"http:\/\/pbapgo.meioambiente.go.gov.br\/wp-content\/uploads\">http:\/\/pbapgo.meioambiente.go.gov.br\/wp-content\/uploads<\/a><\/figcaption><\/figure><\/div>\n\n\n\n<h2 class=\"wp-block-heading\">Declividade<\/h2>\n\n\n\n<p>A UPGRH dos Rios Corumb\u00e1, Ver\u00edssimo e por\u00e7\u00e3o goiana do Rio S\u00e3o Marcos apresenta uma importante varia\u00e7\u00e3o altim\u00e9trica, de 878 metros, sendo que a sua menor altitude \u00e9 de 477 metros e a maior \u00e9 de 1355 metros com expressiva varia\u00e7\u00e3o do relevo. \u00a0 <\/p>\n\n\n\n<p>Na por\u00e7\u00e3o norte da UPGRH, no entorno do Distrito Federal, est\u00e3o as localidades de maiores altitudes, superiores a 1000 metros, enquanto na foz da UPGRH, na conflu\u00eancia com o rio Parana\u00edba, est\u00e3o as menores altitudes, numa varia\u00e7\u00e3o entre 477 e 600 metros. A UPGRH apresenta uma importante varia\u00e7\u00e3o de declividade de 124,34%. H\u00e1 v\u00e1rias localidades planas, com declividade de 0%, mas h\u00e1 locais onde a declividade chega a 124,34%, com terrenos de inclina\u00e7\u00e3o superior a 51o. O Sistema Brasileiro de Classifica\u00e7\u00e3o de Solos (Santos et al., 2018), categoriza o relevo conforme seis faixas de declividade: relevo plano (0% a 3% de declividade); suave ondulado (3% a 8%); ondulado (8% a 20%); forte ondulado (20% a 45%); montanhoso (45% a 75%) e escarpado (> 75%).<\/p>\n\n\n\n<div class=\"wp-block-image\"><figure class=\"aligncenter size-full\"><img data-recalc-dims=\"1\" loading=\"lazy\" decoding=\"async\" width=\"869\" height=\"991\" src=\"https:\/\/i0.wp.com\/cbhcvsm.meioambiente.go.gov.br\/wp-content\/uploads\/2022\/03\/image-5.png?resize=869%2C991&#038;ssl=1\" alt=\"\" class=\"wp-image-187\" srcset=\"https:\/\/i0.wp.com\/cbhcvsm.meioambiente.go.gov.br\/wp-content\/uploads\/2022\/03\/image-5.png?w=869&amp;ssl=1 869w, https:\/\/i0.wp.com\/cbhcvsm.meioambiente.go.gov.br\/wp-content\/uploads\/2022\/03\/image-5.png?resize=263%2C300&amp;ssl=1 263w, https:\/\/i0.wp.com\/cbhcvsm.meioambiente.go.gov.br\/wp-content\/uploads\/2022\/03\/image-5.png?resize=768%2C876&amp;ssl=1 768w\" sizes=\"(max-width: 869px) 100vw, 869px\" \/><figcaption>Fonte: Diagn\u00f3stico da UPGRH Dos Rios Corumb\u00e1, Ver\u00edssimo e S\u00e3o Marcos &#8211; (Produto 2) &#8211; Vers\u00e3o 6.0 \u2013 P\u00e1g. 180<br><a href=\"http:\/\/pbapgo.meioambiente.go.gov.br\/wp-content\/uploads\">http:\/\/pbapgo.meioambiente.go.gov.br\/wp-content\/uploads<\/a><\/figcaption><\/figure><\/div>\n\n\n\n<h2 class=\"wp-block-heading\">Geomorfologia<\/h2>\n\n\n\n<p>Na UPGRH dos Rios Corumb\u00e1, Ver\u00edssimo e por\u00e7\u00e3o goiana do Rio S\u00e3o Marcos, a predomin\u00e2ncia de litologia metam\u00f3rfica faz com que ocorra expressiva movimenta\u00e7\u00e3o do relevo, sendo assim, nos locais de ocorr\u00eancia de rochas metam\u00f3rficas, onde os terrenos s\u00e3o mais declivosos, a geomorfologia \u00e9 de Disseca\u00e7\u00e3o Estrutural e Pediplano Degradado Inumado. <\/p>\n\n\n\n<p>Nas regi\u00f5es de ocorr\u00eancia de litologia sedimentar, ocorre Disseca\u00e7\u00e3o Homog\u00eanea Tabular, prop\u00edcia para o desenvolvimento de atividades agr\u00edcolas, pois favorecem a ocorr\u00eancia de relevos planos e solos profundos que viabilizem o manejo de agricultura mecanizada, conforme se pode observar na Figura.<\/p>\n\n\n\n<div class=\"wp-block-image\"><figure class=\"aligncenter size-full\"><img data-recalc-dims=\"1\" loading=\"lazy\" decoding=\"async\" width=\"894\" height=\"1009\" src=\"https:\/\/i0.wp.com\/cbhcvsm.meioambiente.go.gov.br\/wp-content\/uploads\/2022\/03\/image-6.png?resize=894%2C1009&#038;ssl=1\" alt=\"\" class=\"wp-image-188\" srcset=\"https:\/\/i0.wp.com\/cbhcvsm.meioambiente.go.gov.br\/wp-content\/uploads\/2022\/03\/image-6.png?w=894&amp;ssl=1 894w, https:\/\/i0.wp.com\/cbhcvsm.meioambiente.go.gov.br\/wp-content\/uploads\/2022\/03\/image-6.png?resize=266%2C300&amp;ssl=1 266w, https:\/\/i0.wp.com\/cbhcvsm.meioambiente.go.gov.br\/wp-content\/uploads\/2022\/03\/image-6.png?resize=768%2C867&amp;ssl=1 768w\" sizes=\"(max-width: 894px) 100vw, 894px\" \/><figcaption>Fonte: Diagn\u00f3stico da UPGRH Dos Rios Corumb\u00e1, Ver\u00edssimo e S\u00e3o Marcos &#8211; (Produto 2) &#8211; Vers\u00e3o 6.0 \u2013 P\u00e1g. 181<br><a href=\"http:\/\/pbapgo.meioambiente.go.gov.br\/wp-content\/uploads\">http:\/\/pbapgo.meioambiente.go.gov.br\/wp-content\/uploads<\/a><\/figcaption><\/figure><\/div>\n\n\n\n<h2 class=\"wp-block-heading\">Susceptibilidade Erosiva<\/h2>\n\n\n\n<p>O c\u00e1lculo da susceptibilidade erosiva \u00e9 feito por meio da integra\u00e7\u00e3o espacial entre dados de precipita\u00e7\u00e3o, solos, relevo e uso do solo, utilizando-se a equa\u00e7\u00e3o universal de perda de solos proposta por (Wischmeier e Smith, 1978), e realizando-se a categoriza\u00e7\u00e3o da perda de solos, conforme proposta por (Perovic et al., 2013), que classifica a susceptibilidade de fraca a muito severa com base na perda de solo em tonelada por hectare por ano (ton\/ha.ano):<\/p>\n\n\n<div class=\"wptb-container-legacy\" data-table-id=\"191\">\n    <table class=\"wptb-preview-table wptb-element-main-table_setting-191\" data-reconstraction=\"1\" style=\"border: 1px solid rgb(209, 209, 209);\" data-wptb-table-tds-sum-max-width=\"422\" data-wptb-extra-styles=\"LyogRW50ZXIgeW91ciBjdXN0b20gQ1NTIHJ1bGVzIGhlcmUgKi8=\" role=\"table\" data-wptb-header-background-color=\"#4E6E90FF\" data-table-columns=\"2\"><tbody><tr class=\"wptb-row\" style=\"background-color: rgb(78, 110, 144);\"><td class=\"wptb-cell\" data-y-index=\"0\" data-x-index=\"0\" style=\"border: 1px solid rgb(209, 209, 209); width: 229px;\"><div class=\"wptb-text-container wptb-ph-element wptb-element-text-1\" style=\"color: rgb(255, 255, 255); font-size: 15px;\"><div class=\"\" style=\"position: relative;\"><p style=\"text-align: center;\">Perda de Solo (ton\/ha ano)<\/p><\/div><\/div><\/td><td class=\"wptb-cell\" data-y-index=\"0\" data-x-index=\"1\" style=\"border: 1px solid rgb(209, 209, 209); width: 130px;\"><div class=\"wptb-text-container wptb-ph-element wptb-element-text-2\" style=\"color: rgb(255, 255, 255); font-size: 15px;\"><div class=\"\" style=\"position: relative;\"><p style=\"text-align: center;\">N&iacute;vel<\/p><\/div><\/div><\/td><\/tr><tr class=\"wptb-row\"><td class=\"wptb-cell\" data-y-index=\"1\" data-x-index=\"0\" style=\"border: 1px solid rgb(209, 209, 209); width: 229px;\"><div class=\"wptb-text-container wptb-ph-element wptb-element-text-3\" style=\"color: rgb(74, 85, 104); font-size: 15px;\"><div class=\"\" style=\"position: relative;\"><p style=\"text-align: center;\">&lt;5<\/p><\/div><\/div><\/td><td class=\"wptb-cell\" data-y-index=\"1\" data-x-index=\"1\" style=\"border: 1px solid rgb(209, 209, 209); width: 130px;\"><div class=\"wptb-text-container wptb-ph-element wptb-element-text-4\" style=\"color: rgb(74, 85, 104); font-size: 15px;\"><div class=\"\" style=\"position: relative;\"><p style=\"text-align: center;\">Fraca<\/p><\/div><\/div><\/td><\/tr><tr class=\"wptb-row\"><td class=\"wptb-cell\" data-y-index=\"2\" data-x-index=\"0\" style=\"border: 1px solid rgb(209, 209, 209); width: 229px;\"><div class=\"wptb-text-container wptb-ph-element wptb-element-text-5\" style=\"color: rgb(74, 85, 104); font-size: 15px;\"><div class=\"\" style=\"position: relative;\"><p style=\"text-align: center;\">Entre 5 e 10<\/p><\/div><\/div><\/td><td class=\"wptb-cell\" data-y-index=\"2\" data-x-index=\"1\" style=\"border: 1px solid rgb(209, 209, 209); width: 130px;\"><div class=\"wptb-text-container wptb-ph-element wptb-element-text-6\" style=\"color: rgb(74, 85, 104); font-size: 15px;\"><div class=\"\" style=\"position: relative;\"><p style=\"text-align: center;\">Moderada<\/p><\/div><\/div><\/td><\/tr><tr class=\"wptb-row\"><td class=\"wptb-cell\" data-y-index=\"3\" data-x-index=\"0\" style=\"border: 1px solid rgb(209, 209, 209); width: 229px;\"><div class=\"wptb-text-container wptb-ph-element wptb-element-text-15\" style=\"color: rgb(74, 85, 104); font-size: 15px;\"><div class=\"\" style=\"position: relative;\"><p style=\"text-align: center;\">Entre 10 e 20<\/p><\/div><\/div><\/td><td class=\"wptb-cell\" data-y-index=\"3\" data-x-index=\"1\" style=\"border: 1px solid rgb(209, 209, 209); width: 130px;\"><div class=\"wptb-text-container wptb-ph-element wptb-element-text-8\" style=\"color: rgb(74, 85, 104); font-size: 15px;\"><div class=\"\" style=\"position: relative;\"><p style=\"text-align: center;\">Alta<\/p><\/div><\/div><\/td><\/tr><tr class=\"wptb-row\"><td class=\"wptb-cell\" data-y-index=\"4\" data-x-index=\"0\" style=\"border: 1px solid rgb(209, 209, 209); width: 229px;\"><div class=\"wptb-text-container wptb-ph-element wptb-element-text-16\" style=\"color: rgb(74, 85, 104); font-size: 15px;\"><div class=\"\" style=\"position: relative;\"><p style=\"text-align: center;\">Entre 20 e 40<\/p><\/div><\/div><\/td><td class=\"wptb-cell\" data-y-index=\"4\" data-x-index=\"1\" style=\"border: 1px solid rgb(209, 209, 209); width: 130px;\"><div class=\"wptb-text-container wptb-ph-element wptb-element-text-10\" style=\"color: rgb(74, 85, 104); font-size: 15px;\"><div class=\"\" style=\"position: relative;\"><p style=\"text-align: center;\">Muito Alta<\/p><\/div><\/div><\/td><\/tr><tr class=\"wptb-row\"><td class=\"wptb-cell\" data-y-index=\"5\" data-x-index=\"0\" style=\"border: 1px solid rgb(209, 209, 209); width: 229px;\"><div class=\"wptb-text-container wptb-ph-element wptb-element-text-17\" style=\"color: rgb(74, 85, 104); font-size: 15px;\"><div class=\"\" style=\"position: relative;\"><p style=\"text-align: center;\">Entre 40 e 80<\/p><\/div><\/div><\/td><td class=\"wptb-cell\" data-y-index=\"5\" data-x-index=\"1\" style=\"border: 1px solid rgb(209, 209, 209); width: 130px;\"><div class=\"wptb-text-container wptb-ph-element wptb-element-text-12\" style=\"color: rgb(74, 85, 104); font-size: 15px;\"><div class=\"\" style=\"position: relative;\"><p style=\"text-align: center;\">Severa<\/p><\/div><\/div><\/td><\/tr><tr class=\"wptb-row\"><td class=\"wptb-cell\" data-y-index=\"6\" data-x-index=\"0\" style=\"border: 1px solid rgb(209, 209, 209); width: 229px;\"><div class=\"wptb-text-container wptb-ph-element wptb-element-text-13\" style=\"color: rgb(74, 85, 104); font-size: 15px;\"><div class=\"\" style=\"position: relative;\"><p style=\"text-align: center;\">&gt;80<\/p><\/div><\/div><\/td><td class=\"wptb-cell\" data-y-index=\"6\" data-x-index=\"1\" style=\"border: 1px solid rgb(209, 209, 209); width: 130px;\"><div class=\"wptb-text-container wptb-ph-element wptb-element-text-14\" style=\"color: rgb(74, 85, 104); font-size: 15px;\"><div class=\"\" style=\"position: relative;\"><p style=\"text-align: center;\">Muito Severa<\/p><\/div><\/div><\/td><\/tr><\/tbody><\/table>\n\n<\/div>\n\n\n\n\n<p>&nbsp;Na UPGRH em estudo, a m\u00e9dia da perda anual de solos \u00e9 de 2,15 ton\/ha.ano, portanto a susceptibilidade erosiva \u00e9 considerada fraca. No entanto, em muitos locais na UPGRH, de declividade do terreno muito acentuada, com solos de alta erodibilidade, onde a perda de solos \u00e9 muito severa, esse valor pode chegar a 225,50 ton\/ha.ano.<\/p>\n\n\n\n<p>A susceptibilidade erosiva possui uma rela\u00e7\u00e3o muito importante com o relevo e com o tipo de solo. Na UPGRH, os locais de maiores susceptibilidades erosivas s\u00e3o as de Neossolos e Cambissolos, em terrenos de maiores declividades. Assim, os locais de susceptibilidade erosivas mais elevadas s\u00e3o aqueles de maiores declividades e que estejam em uso por pastagem ou agricultura. Ent\u00e3o, apesar desta UPGRH apresentar susceptibilidade erosiva fraca, \u00e9 necess\u00e1rio aten\u00e7\u00e3o com a ocupa\u00e7\u00e3o das \u00e1reas com Neossolos e Cambissolos, evitando-se desmatamentos, principalmente em terrenos declivosos e nas proximidades de corpos h\u00eddricos.<\/p>\n\n\n\n<div class=\"wp-block-image\"><figure class=\"aligncenter size-full\"><img data-recalc-dims=\"1\" loading=\"lazy\" decoding=\"async\" width=\"767\" height=\"880\" src=\"https:\/\/i0.wp.com\/cbhcvsm.meioambiente.go.gov.br\/wp-content\/uploads\/2022\/03\/image-7.png?resize=767%2C880&#038;ssl=1\" alt=\"\" class=\"wp-image-189\" srcset=\"https:\/\/i0.wp.com\/cbhcvsm.meioambiente.go.gov.br\/wp-content\/uploads\/2022\/03\/image-7.png?w=767&amp;ssl=1 767w, https:\/\/i0.wp.com\/cbhcvsm.meioambiente.go.gov.br\/wp-content\/uploads\/2022\/03\/image-7.png?resize=261%2C300&amp;ssl=1 261w\" sizes=\"(max-width: 767px) 100vw, 767px\" \/><figcaption>Fonte: Diagn\u00f3stico da UPGRH Dos Rios Corumb\u00e1, Ver\u00edssimo e S\u00e3o Marcos &#8211; (Produto 2) &#8211; Vers\u00e3o 6.0 \u2013 P\u00e1g. 184<br><a href=\"http:\/\/pbapgo.meioambiente.go.gov.br\/wp-content\/uploads\">http:\/\/pbapgo.meioambiente.go.gov.br\/wp-content\/uploads<\/a><\/figcaption><\/figure><\/div>\n","protected":false},"excerpt":{"rendered":"<p>Os estudos da precipita\u00e7\u00e3o na bacia dos Rios Corumb\u00e1, Ver\u00edssimo e por\u00e7\u00e3o goiana do Rio S\u00e3o Marcos, demonstraram a presen\u00e7a evidente de uma demarca\u00e7\u00e3o sazonal indicada pelo per\u00edodo seco durante os meses de maio a agosto, com precipita\u00e7\u00f5es m\u00e9dias mensais pr\u00f3ximas a 0 mm, enquanto no per\u00edodo chuvoso, compreendido entre os meses de setembro a [&hellip;]<\/p>\n","protected":false},"author":2,"featured_media":0,"parent":0,"menu_order":0,"comment_status":"closed","ping_status":"closed","template":"general-template.php","meta":{"footnotes":""},"class_list":["post-36","page","type-page","status-publish","hentry"],"featured_image_src":null,"featured_image_src_square":null,"jetpack_sharing_enabled":true,"_links":{"self":[{"href":"https:\/\/cbhcvsm.meioambiente.go.gov.br\/index.php?rest_route=\/wp\/v2\/pages\/36","targetHints":{"allow":["GET"]}}],"collection":[{"href":"https:\/\/cbhcvsm.meioambiente.go.gov.br\/index.php?rest_route=\/wp\/v2\/pages"}],"about":[{"href":"https:\/\/cbhcvsm.meioambiente.go.gov.br\/index.php?rest_route=\/wp\/v2\/types\/page"}],"author":[{"embeddable":true,"href":"https:\/\/cbhcvsm.meioambiente.go.gov.br\/index.php?rest_route=\/wp\/v2\/users\/2"}],"replies":[{"embeddable":true,"href":"https:\/\/cbhcvsm.meioambiente.go.gov.br\/index.php?rest_route=%2Fwp%2Fv2%2Fcomments&post=36"}],"version-history":[{"count":4,"href":"https:\/\/cbhcvsm.meioambiente.go.gov.br\/index.php?rest_route=\/wp\/v2\/pages\/36\/revisions"}],"predecessor-version":[{"id":192,"href":"https:\/\/cbhcvsm.meioambiente.go.gov.br\/index.php?rest_route=\/wp\/v2\/pages\/36\/revisions\/192"}],"wp:attachment":[{"href":"https:\/\/cbhcvsm.meioambiente.go.gov.br\/index.php?rest_route=%2Fwp%2Fv2%2Fmedia&parent=36"}],"curies":[{"name":"wp","href":"https:\/\/api.w.org\/{rel}","templated":true}]}}