{"id":30,"date":"2021-09-08T15:32:19","date_gmt":"2021-09-08T18:32:19","guid":{"rendered":"https:\/\/cbhcvsm.meioambiente.go.gov.br\/?page_id=30"},"modified":"2022-03-11T10:46:43","modified_gmt":"2022-03-11T13:46:43","slug":"caracteristicas","status":"publish","type":"page","link":"https:\/\/cbhcvsm.meioambiente.go.gov.br\/?page_id=30","title":{"rendered":"Caracter\u00edsticas"},"content":{"rendered":"\n<p>A UPGRH dos Rios Corumb\u00e1, Ver\u00edssimo e Por\u00e7\u00e3o Goiana do Rio S\u00e3o Marcos faz divisa com o estado de Minas Gerais e com o Distrito Federal e possui uma \u00e1rea de 47.212,36 km\u00b2 que \u00e9 dividida em dois biomas importantes, sendo 95% de Cerrado e os outros 5% de Mata Atl\u00e2ntica. Aproximadamente apenas 33,4% ainda possui vegeta\u00e7\u00e3o nativa, sendo os outros 66,6% compostos, em sua maioria, por pastagens e lavouras. A pecu\u00e1ria e a produ\u00e7\u00e3o de gr\u00e3os tais como a soja, s\u00e3o atividades econ\u00f4micas expressivas na bacia configurando-se como um importante fator na avalia\u00e7\u00e3o dos efeitos decorrentes da ocupa\u00e7\u00e3o dos espa\u00e7os produtivos em seu entorno.<\/p>\n\n\n\n<p>Outra atividade que possui destaque na UPGRH \u00e9 o turismo, principalmente na regi\u00e3o dos Munic\u00edpios de Caldas Novas e Rio Quente. O Rio Corumb\u00e1 \u00e9 um dos tr\u00eas principais contribuintes do Rio Parana\u00edba. Suas \u00e1guas abastecem cidades, geram energia com a presen\u00e7a das UHE\u2019s Corumb\u00e1 I, III e IV e ainda t\u00eam utiliza\u00e7\u00e3o na irriga\u00e7\u00e3o de lavouras. Sua nascente fica no sop\u00e9 da Serra dos Pireneus, em Cocalzinho de Goi\u00e1s, dirigindo-se para o sudeste, onde des\u00e1gua no Rio Parana\u00edba.<\/p>\n\n\n\n<div class=\"wp-block-image\"><figure class=\"aligncenter size-full\"><img data-recalc-dims=\"1\" fetchpriority=\"high\" decoding=\"async\" width=\"719\" height=\"655\" src=\"https:\/\/i0.wp.com\/cbhcvsm.meioambiente.go.gov.br\/wp-content\/uploads\/2022\/03\/image.png?resize=719%2C655&#038;ssl=1\" alt=\"\" class=\"wp-image-174\" srcset=\"https:\/\/i0.wp.com\/cbhcvsm.meioambiente.go.gov.br\/wp-content\/uploads\/2022\/03\/image.png?w=719&amp;ssl=1 719w, https:\/\/i0.wp.com\/cbhcvsm.meioambiente.go.gov.br\/wp-content\/uploads\/2022\/03\/image.png?resize=300%2C273&amp;ssl=1 300w\" sizes=\"(max-width: 719px) 100vw, 719px\" \/><figcaption>Fonte: Progn\u00f3stico da UPGRH Dos Rios Corumb\u00e1, Ver\u00edssimo e S\u00e3o Marcos &#8211; (Produto 3) &#8211; Vers\u00e3o 6.0 \u2013 P\u00e1g. 25<br><a href=\"http:\/\/pbapgo.meioambiente.go.gov.br\/wp-content\/uploads\">http:\/\/pbapgo.meioambiente.go.gov.br\/wp-content\/uploads<\/a><\/figcaption><\/figure><\/div>\n\n\n\n<p>A Figura apresenta o recorte para a UPGRH dos Rios Corumb\u00e1, Ver\u00edssimo e Por\u00e7\u00e3o Goiana do Rio S\u00e3o Marcos da Base Hidrogr\u00e1fica Ottocodificada \u2013 BHO, a qual \u00e9 utilizada pela Ag\u00eancia Nacional de \u00c1guas &#8211; ANA na gest\u00e3o de recursos h\u00eddricos. A BHO representa a rede hidrogr\u00e1fica em trechos entre os pontos de conflu\u00eancia dos cursos d&#8217;\u00e1gua de forma unifilar. Cada trecho \u00e9 associado a uma superf\u00edcie de drenagem denominada ottobacia, \u00e0 qual \u00e9 atribu\u00edda a codifica\u00e7\u00e3o de bacias de Otto Pfafstetter. Esta representa\u00e7\u00e3o \u00e9 topologicamente consistente, a qual representa o fluxo hidrol\u00f3gico dos rios, por meio de trechos conectados e com sentido de fluxo. A UPGRH dos Rios Corumb\u00e1, Ver\u00edssimo e Por\u00e7\u00e3o Goiana do Rio S\u00e3o Marcos possui 982 ottobacias dentro do recorte do Estado de Goi\u00e1s.<\/p>\n\n\n\n<div class=\"wp-block-image\"><figure class=\"aligncenter size-full\"><img data-recalc-dims=\"1\" decoding=\"async\" width=\"798\" height=\"704\" src=\"https:\/\/i0.wp.com\/cbhcvsm.meioambiente.go.gov.br\/wp-content\/uploads\/2022\/03\/image-1.png?resize=798%2C704&#038;ssl=1\" alt=\"\" class=\"wp-image-176\" srcset=\"https:\/\/i0.wp.com\/cbhcvsm.meioambiente.go.gov.br\/wp-content\/uploads\/2022\/03\/image-1.png?w=798&amp;ssl=1 798w, https:\/\/i0.wp.com\/cbhcvsm.meioambiente.go.gov.br\/wp-content\/uploads\/2022\/03\/image-1.png?resize=300%2C265&amp;ssl=1 300w, https:\/\/i0.wp.com\/cbhcvsm.meioambiente.go.gov.br\/wp-content\/uploads\/2022\/03\/image-1.png?resize=768%2C678&amp;ssl=1 768w\" sizes=\"(max-width: 798px) 100vw, 798px\" \/><figcaption>Fonte: Progn\u00f3stico da UPGRH Dos Rios Corumb\u00e1, Ver\u00edssimo e S\u00e3o Marcos &#8211; (Produto 3) &#8211; Vers\u00e3o 5.0 \u2013 P\u00e1g. 26<br><a href=\"http:\/\/pbapgo.meioambiente.go.gov.br\/wp-content\/uploads\">http:\/\/pbapgo.meioambiente.go.gov.br\/wp-content\/uploads<\/a><\/figcaption><\/figure><\/div>\n","protected":false},"excerpt":{"rendered":"<p>A UPGRH dos Rios Corumb\u00e1, Ver\u00edssimo e Por\u00e7\u00e3o Goiana do Rio S\u00e3o Marcos faz divisa com o estado de Minas Gerais e com o Distrito Federal e possui uma \u00e1rea de 47.212,36 km\u00b2 que \u00e9 dividida em dois biomas importantes, sendo 95% de Cerrado e os outros 5% de Mata Atl\u00e2ntica. Aproximadamente apenas 33,4% ainda [&hellip;]<\/p>\n","protected":false},"author":2,"featured_media":0,"parent":0,"menu_order":0,"comment_status":"closed","ping_status":"closed","template":"general-template.php","meta":{"footnotes":""},"class_list":["post-30","page","type-page","status-publish","hentry"],"featured_image_src":null,"featured_image_src_square":null,"jetpack_sharing_enabled":true,"_links":{"self":[{"href":"https:\/\/cbhcvsm.meioambiente.go.gov.br\/index.php?rest_route=\/wp\/v2\/pages\/30","targetHints":{"allow":["GET"]}}],"collection":[{"href":"https:\/\/cbhcvsm.meioambiente.go.gov.br\/index.php?rest_route=\/wp\/v2\/pages"}],"about":[{"href":"https:\/\/cbhcvsm.meioambiente.go.gov.br\/index.php?rest_route=\/wp\/v2\/types\/page"}],"author":[{"embeddable":true,"href":"https:\/\/cbhcvsm.meioambiente.go.gov.br\/index.php?rest_route=\/wp\/v2\/users\/2"}],"replies":[{"embeddable":true,"href":"https:\/\/cbhcvsm.meioambiente.go.gov.br\/index.php?rest_route=%2Fwp%2Fv2%2Fcomments&post=30"}],"version-history":[{"count":3,"href":"https:\/\/cbhcvsm.meioambiente.go.gov.br\/index.php?rest_route=\/wp\/v2\/pages\/30\/revisions"}],"predecessor-version":[{"id":177,"href":"https:\/\/cbhcvsm.meioambiente.go.gov.br\/index.php?rest_route=\/wp\/v2\/pages\/30\/revisions\/177"}],"wp:attachment":[{"href":"https:\/\/cbhcvsm.meioambiente.go.gov.br\/index.php?rest_route=%2Fwp%2Fv2%2Fmedia&parent=30"}],"curies":[{"name":"wp","href":"https:\/\/api.w.org\/{rel}","templated":true}]}}