{"id":19,"date":"2021-09-08T15:27:07","date_gmt":"2021-09-08T18:27:07","guid":{"rendered":"https:\/\/cbhcvsm.meioambiente.go.gov.br\/?page_id=19"},"modified":"2022-06-22T10:48:59","modified_gmt":"2022-06-22T13:48:59","slug":"legislacao","status":"publish","type":"page","link":"https:\/\/cbhcvsm.meioambiente.go.gov.br\/?page_id=19","title":{"rendered":"Legisla\u00e7\u00e3o"},"content":{"rendered":"\n<p>LEGISLA\u00c7\u00c3O ESTADUAL &#8211; A n\u00edvel estadual a lei 13.123 de 16 de julho de 1997 estabeleceu normas de orienta\u00e7\u00e3o \u00e0 pol\u00edtica estadual de recursos h\u00eddricos, e tamb\u00e9m ao Sistema Integrado de Gerenciamento de Recursos H\u00eddricos (SigRH) no estado de Goi\u00e1s. A lei estabelece que a pol\u00edtica estadual de recursos h\u00eddricos tem por objetivo assegurar que a \u00e1gua, recurso natural essencial \u00e0 vida, ao desenvolvimento econ\u00f4mico e ao bem estar social, possa ser controlada e utilizada, em quantidade e em padr\u00f5es de qualidade satisfat\u00f3rios, por seus usu\u00e1rios atuais e pelas gera\u00e7\u00f5es futuras, em todo territ\u00f3rio do Estado de Goi\u00e1s.<\/p>\n\n\n\n<p><a rel=\"noreferrer noopener\" href=\"https:\/\/legisla.casacivil.go.gov.br\/pesquisa_legislacao\/82217\/lei-13123\" data-type=\"URL\" data-id=\"https:\/\/legisla.casacivil.go.gov.br\/pesquisa_legislacao\/82217\/lei-13123\" target=\"_blank\">Lei &#8211; 13123_1997<\/a><\/p>\n","protected":false},"excerpt":{"rendered":"<p>LEGISLA\u00c7\u00c3O ESTADUAL &#8211; A n\u00edvel estadual a lei 13.123 de 16 de julho de 1997 estabeleceu normas de orienta\u00e7\u00e3o \u00e0 pol\u00edtica estadual de recursos h\u00eddricos, e tamb\u00e9m ao Sistema Integrado de Gerenciamento de Recursos H\u00eddricos (SigRH) no estado de Goi\u00e1s. A lei estabelece que a pol\u00edtica estadual de recursos h\u00eddricos tem por objetivo assegurar que [&hellip;]<\/p>\n","protected":false},"author":2,"featured_media":0,"parent":0,"menu_order":0,"comment_status":"closed","ping_status":"closed","template":"general-template.php","meta":{"footnotes":""},"class_list":["post-19","page","type-page","status-publish","hentry"],"featured_image_src":null,"featured_image_src_square":null,"jetpack_sharing_enabled":true,"_links":{"self":[{"href":"https:\/\/cbhcvsm.meioambiente.go.gov.br\/index.php?rest_route=\/wp\/v2\/pages\/19","targetHints":{"allow":["GET"]}}],"collection":[{"href":"https:\/\/cbhcvsm.meioambiente.go.gov.br\/index.php?rest_route=\/wp\/v2\/pages"}],"about":[{"href":"https:\/\/cbhcvsm.meioambiente.go.gov.br\/index.php?rest_route=\/wp\/v2\/types\/page"}],"author":[{"embeddable":true,"href":"https:\/\/cbhcvsm.meioambiente.go.gov.br\/index.php?rest_route=\/wp\/v2\/users\/2"}],"replies":[{"embeddable":true,"href":"https:\/\/cbhcvsm.meioambiente.go.gov.br\/index.php?rest_route=%2Fwp%2Fv2%2Fcomments&post=19"}],"version-history":[{"count":2,"href":"https:\/\/cbhcvsm.meioambiente.go.gov.br\/index.php?rest_route=\/wp\/v2\/pages\/19\/revisions"}],"predecessor-version":[{"id":440,"href":"https:\/\/cbhcvsm.meioambiente.go.gov.br\/index.php?rest_route=\/wp\/v2\/pages\/19\/revisions\/440"}],"wp:attachment":[{"href":"https:\/\/cbhcvsm.meioambiente.go.gov.br\/index.php?rest_route=%2Fwp%2Fv2%2Fmedia&parent=19"}],"curies":[{"name":"wp","href":"https:\/\/api.w.org\/{rel}","templated":true}]}}