{"id":17,"date":"2021-09-08T15:26:55","date_gmt":"2021-09-08T18:26:55","guid":{"rendered":"https:\/\/cbhcvsm.meioambiente.go.gov.br\/?page_id=17"},"modified":"2022-05-04T10:50:53","modified_gmt":"2022-05-04T13:50:53","slug":"regimentos","status":"publish","type":"page","link":"https:\/\/cbhcvsm.meioambiente.go.gov.br\/?page_id=17","title":{"rendered":"Regimento"},"content":{"rendered":"\n<p>A delibera\u00e7\u00e3o n\u00ba 01 de 25 de Fevereiro de 2013 aprovou o novo Regimento Interno do Comit\u00ea de Bacia Hidrogr\u00e1fica dos Rios Corumb\u00e1, Ver\u00edssimo e por\u00e7\u00e3o goiana do Rio S\u00e3o Marcos. Com isso, o regimento interno entrou em vigor j\u00e1 na data de aprova\u00e7\u00e3o. Confira abaixo o arquivo do novo Regimento Interno do CBH CVSM.<\/p>\n\n\n\n<p><a href=\"https:\/\/cbhcvsm.meioambiente.go.gov.br\/wp-content\/uploads\/2022\/03\/Deliberacao-001-2013-Aprovacao-do-Regimento-Interno.pdf\" data-type=\"URL\" data-id=\"https:\/\/cbhcvsm.meioambiente.go.gov.br\/wp-content\/uploads\/2022\/03\/Deliberacao-001-2013-Aprovacao-do-Regimento-Interno.pdf\" target=\"_blank\" rel=\"noreferrer noopener\">Visualizar Documento<\/a><\/p>\n","protected":false},"excerpt":{"rendered":"<p>A delibera\u00e7\u00e3o n\u00ba 01 de 25 de Fevereiro de 2013 aprovou o novo Regimento Interno do Comit\u00ea de Bacia Hidrogr\u00e1fica dos Rios Corumb\u00e1, Ver\u00edssimo e por\u00e7\u00e3o goiana do Rio S\u00e3o Marcos. Com isso, o regimento interno entrou em vigor j\u00e1 na data de aprova\u00e7\u00e3o. Confira abaixo o arquivo do novo Regimento Interno do CBH CVSM. [&hellip;]<\/p>\n","protected":false},"author":2,"featured_media":0,"parent":0,"menu_order":0,"comment_status":"closed","ping_status":"closed","template":"general-template.php","meta":{"footnotes":""},"class_list":["post-17","page","type-page","status-publish","hentry"],"featured_image_src":null,"featured_image_src_square":null,"jetpack_sharing_enabled":true,"_links":{"self":[{"href":"https:\/\/cbhcvsm.meioambiente.go.gov.br\/index.php?rest_route=\/wp\/v2\/pages\/17","targetHints":{"allow":["GET"]}}],"collection":[{"href":"https:\/\/cbhcvsm.meioambiente.go.gov.br\/index.php?rest_route=\/wp\/v2\/pages"}],"about":[{"href":"https:\/\/cbhcvsm.meioambiente.go.gov.br\/index.php?rest_route=\/wp\/v2\/types\/page"}],"author":[{"embeddable":true,"href":"https:\/\/cbhcvsm.meioambiente.go.gov.br\/index.php?rest_route=\/wp\/v2\/users\/2"}],"replies":[{"embeddable":true,"href":"https:\/\/cbhcvsm.meioambiente.go.gov.br\/index.php?rest_route=%2Fwp%2Fv2%2Fcomments&post=17"}],"version-history":[{"count":4,"href":"https:\/\/cbhcvsm.meioambiente.go.gov.br\/index.php?rest_route=\/wp\/v2\/pages\/17\/revisions"}],"predecessor-version":[{"id":393,"href":"https:\/\/cbhcvsm.meioambiente.go.gov.br\/index.php?rest_route=\/wp\/v2\/pages\/17\/revisions\/393"}],"wp:attachment":[{"href":"https:\/\/cbhcvsm.meioambiente.go.gov.br\/index.php?rest_route=%2Fwp%2Fv2%2Fmedia&parent=17"}],"curies":[{"name":"wp","href":"https:\/\/api.w.org\/{rel}","templated":true}]}}