{"id":162,"date":"2022-01-17T15:11:39","date_gmt":"2022-01-17T18:11:39","guid":{"rendered":"https:\/\/cbhcvsm.meioambiente.go.gov.br\/?page_id=162"},"modified":"2024-01-16T15:54:32","modified_gmt":"2024-01-16T18:54:32","slug":"processo-eleitoral-eleicoes","status":"publish","type":"page","link":"https:\/\/cbhcvsm.meioambiente.go.gov.br\/?page_id=162","title":{"rendered":"Processo Eleitoral \/ Gest\u00e3o 2023-2027"},"content":{"rendered":"\n<p>Os Comit\u00eas das Bacias Hidrogr\u00e1ficas do Estado de Goi\u00e1s, tendo por base a Lei Federal n\u00ba 9.433, de 08 de janeiro de 1997, a Lei Estadual n\u00ba 13.123, de 16 de julho de 1997, bem como o estabelecido em seus regimentos internos realizam elei\u00e7\u00f5es para escolha de seus integrantes, para um mandato de 04 (quatro) anos. E suas diretorias eleitas cumprem um mandato de 02 (dois) anos, sendo permitida uma reelei\u00e7\u00e3o.<\/p>\n\n\n\n<div class=\"wp-block-buttons is-horizontal is-layout-flex wp-block-buttons-is-layout-flex\">\n<div class=\"wp-block-button has-custom-font-size has-small-font-size\"><a class=\"wp-block-button__link wp-element-button\" href=\"https:\/\/cbhcvsm.meioambiente.go.gov.br\/wp-content\/uploads\/2022\/05\/Decreto-Estadual-7536-Institui-o-CBH-CVSM.pdf\">Decreto de Cria\u00e7\u00e3o<\/a><\/div>\n<\/div>\n\n\n\n<div style=\"height:15px\" aria-hidden=\"true\" class=\"wp-block-spacer\"><\/div>\n\n\n\n<div style=\"height:15px\" aria-hidden=\"true\" class=\"wp-block-spacer\"><\/div>\n\n\n\n<div class=\"wp-block-buttons is-layout-flex wp-block-buttons-is-layout-flex\">\n<div class=\"wp-block-button has-custom-font-size has-small-font-size\"><a class=\"wp-block-button__link wp-element-button\" href=\"https:\/\/cbhcvsm.meioambiente.go.gov.br\/wp-content\/uploads\/2023\/09\/Deliberacao-023-2023-CBH-CVSM-Processo-eleitoral-2023-2027.pdf\">Delibera\u00e7\u00e3o Processo Eleitoral<\/a><\/div>\n<\/div>\n\n\n\n<div style=\"height:15px\" aria-hidden=\"true\" class=\"wp-block-spacer\"><\/div>\n\n\n\n<div class=\"wp-block-buttons is-layout-flex wp-block-buttons-is-layout-flex\">\n<div class=\"wp-block-button has-custom-font-size has-small-font-size\"><a class=\"wp-block-button__link wp-element-button\" href=\"https:\/\/cbhcvsm.meioambiente.go.gov.br\/wp-content\/uploads\/2023\/08\/Anexo-I-Documentos-Exigidos-CVSM.pdf\">Anexo 1 &#8211; Documentos exigidos<\/a><\/div>\n\n\n\n<div class=\"wp-block-button has-custom-font-size has-small-font-size\"><a class=\"wp-block-button__link wp-element-button\" href=\"https:\/\/cbhcvsm.meioambiente.go.gov.br\/wp-content\/uploads\/2023\/08\/Anexo-II-DECLARACAO-CVSM.pdf\">Anexo 2 &#8211; Declara\u00e7\u00e3o<\/a><\/div>\n\n\n\n<div class=\"wp-block-button has-custom-font-size has-small-font-size\"><a class=\"wp-block-button__link wp-element-button\" href=\"https:\/\/cbhcvsm.meioambiente.go.gov.br\/wp-content\/uploads\/2023\/08\/ANEXO-III-Modelo-de-Oficio-para-Solicitacao-de-Inscricao-do-Poder-Publico-Municipal-no-processo-Eleitoral-CVSM.pdf\">Anexo 3 &#8211; Oficio de solicita\u00e7\u00e3o de inscri\u00e7\u00e3o para os Munic\u00edpios<\/a><\/div>\n<\/div>\n\n\n\n<div style=\"height:12px\" aria-hidden=\"true\" class=\"wp-block-spacer\"><\/div>\n\n\n\n<div class=\"wp-block-buttons is-layout-flex wp-block-buttons-is-layout-flex\">\n<div class=\"wp-block-button has-custom-font-size has-small-font-size\"><a class=\"wp-block-button__link wp-element-button\" href=\"https:\/\/forms.gle\/cpxSxgYYqrsdpMpc9\">Formul\u00e1rio de Inscri\u00e7\u00e3o<\/a><\/div>\n<\/div>\n\n\n\n<div style=\"height:12px\" aria-hidden=\"true\" class=\"wp-block-spacer\"><\/div>\n\n\n\n<div class=\"wp-block-atomic-blocks-ab-accordion ab-block-accordion\"><details><summary class=\"ab-accordion-title\">Editais<\/summary><div class=\"ab-accordion-text\">\n<p><a href=\"https:\/\/cbhcvsm.meioambiente.go.gov.br\/wp-content\/uploads\/2023\/11\/Edital-CBH-CVSM-No-004_2023_Divulgac\u0327a\u0303o-Eleitos-e-convocac\u0327a\u0303o-Posse.pdf\" data-type=\"link\" data-id=\"https:\/\/cbhcvsm.meioambiente.go.gov.br\/wp-content\/uploads\/2023\/11\/Edital-CBH-CVSM-No-004_2023_Divulgac\u0327a\u0303o-Eleitos-e-convocac\u0327a\u0303o-Posse.pdf\">Edital N\u00ba 004\/2023 &#8211; Divulga\u00e7\u00e3o dos Eleitos e convoca\u00e7\u00e3o da Posse<\/a><\/p>\n\n\n\n<p><a href=\"https:\/\/cbhcvsm.meioambiente.go.gov.br\/wp-content\/uploads\/2023\/10\/Edital-CBH-CVSM-No-003_2023_Homologac\u0327a\u0303o-Habilitados-e-convocac\u0327a\u0303o-plena\u0301rias.pdf\" data-type=\"link\" data-id=\"https:\/\/cbhcvsm.meioambiente.go.gov.br\/wp-content\/uploads\/2023\/10\/Edital-CBH-CVSM-No-003_2023_Homologac\u0327a\u0303o-Habilitados-e-convocac\u0327a\u0303o-plena\u0301rias.pdf\">Edital N\u00ba 003\/2023 \u2013 Divulga\u00e7\u00e3o do resultado final da an\u00e1lise das inscri\u00e7\u00f5es habilitadas e convoca\u00e7\u00e3o para as plenarias setoriais.<\/a><\/p>\n\n\n\n<p><a href=\"https:\/\/cbhcvsm.meioambiente.go.gov.br\/wp-content\/uploads\/2023\/10\/Edital-CBH-CVSM-No-002_2023_Divulgac\u0327a\u0303o-Habilitados-Inabilitados-e-Pendentes.pdf\" data-type=\"link\" data-id=\"https:\/\/cbhcvsm.meioambiente.go.gov.br\/wp-content\/uploads\/2023\/10\/Edital-CBH-CVSM-No-002_2023_Divulgac\u0327a\u0303o-Habilitados-Inabilitados-e-Pendentes.pdf\">Edital N\u00ba 002\/2023 &#8211; Divulga\u00e7\u00e3o Habilitados, inabilitados e pendentes<\/a><\/p>\n\n\n\n<p><a href=\"https:\/\/cbhcvsm.meioambiente.go.gov.br\/wp-content\/uploads\/2023\/08\/Edital-CBH-CVSM-No-001_2023_Convocac\u0327a\u0303o-Processo-Eleitoral.pdf\" data-type=\"link\" data-id=\"https:\/\/cbhcvsm.meioambiente.go.gov.br\/wp-content\/uploads\/2023\/08\/Edital-CBH-CVSM-No-001_2023_Convocac\u0327a\u0303o-Processo-Eleitoral.pdf\">Edital N\u00ba 001\/2023 &#8211; Convocac\u0327a\u0303o Processo Eleitoral<\/a><\/p>\n<\/div><\/details><\/div>\n\n\n\n<div class=\"wp-block-atomic-blocks-ab-accordion ab-block-accordion\"><details><summary class=\"ab-accordion-title\">Atas &#8211; Plenarias Setoriais<\/summary><div class=\"ab-accordion-text\">\n<p class=\"has-small-font-size\"><a href=\"https:\/\/cbhcvsm.meioambiente.go.gov.br\/wp-content\/uploads\/2024\/01\/Ata_Poder-Publico-Municipal_CVSM_corrigida.pdf\" data-type=\"link\" data-id=\"https:\/\/cbhcvsm.meioambiente.go.gov.br\/wp-content\/uploads\/2024\/01\/Ata_Poder-Publico-Municipal_CVSM_corrigida.pdf\">ATA REUNI\u00c3O PLEN\u00c1RIA PARA A ELEI\u00c7\u00c3O DOS MEMBROS, TITULARES E SUPLENTES, REPRESENTANTES DO PODER P\u00daBLICO MUNICIPAL, PARA A RENOVA\u00c7\u00c3O DO COMIT\u00ca DA BACIA HIDROGR\u00c1FICA DOS RIOS CORUMB\u00c1, VER\u00cdSSIMO E DA POR\u00c7\u00c3O GOIANA DO RIO S\u00c3O MARCOS GEST\u00c3O 2023\/2027<\/a><\/p>\n\n\n\n<p class=\"has-small-font-size\"><a href=\"https:\/\/cbhcvsm.meioambiente.go.gov.br\/wp-content\/uploads\/2023\/11\/Ata_Sociedade-Civil_ONGs_CVSM.pdf\" data-type=\"link\" data-id=\"https:\/\/cbhcvsm.meioambiente.go.gov.br\/wp-content\/uploads\/2023\/11\/Ata_Sociedade-Civil_ONGs_CVSM.pdf\">ATA REUNI\u00c3O PLEN\u00c1RIA PARA A ELEI\u00c7\u00c3O DOS MEMBROS, TITULARES E SUPLENTES, REPRESENTANTES DA SOCIEDADE CIVIL, SETOR DE ORGANIZA\u00c7\u00d5ES N\u00c3O GOVERNAMENTAIS, PARA A RENOVA\u00c7\u00c3O DO COMIT\u00ca DA BACIA HIDROGR\u00c1FICA DOS RIOS CORUMB\u00c1, VER\u00cdSSIMO E DA POR\u00c7\u00c3O GOIANA DO RIO S\u00c3O MARCOS GEST\u00c3O 2023\/2027<\/a><\/p>\n\n\n\n<p class=\"has-small-font-size\"><a href=\"https:\/\/cbhcvsm.meioambiente.go.gov.br\/wp-content\/uploads\/2024\/01\/Ata_Sociedade-Civil_OTEPs_CVSM_corrigida.pdf\" data-type=\"link\" data-id=\"https:\/\/cbhcvsm.meioambiente.go.gov.br\/wp-content\/uploads\/2024\/01\/Ata_Sociedade-Civil_OTEPs_CVSM_corrigida.pdf\">ATA REUNI\u00c3O PLEN\u00c1RIA PARA A ELEI\u00c7\u00c3O DOS MEMBROS, TITULARES E SUPLENTES, REPRESENTANTES DA SOCIEDADE CIVIL, SETOR DE ORGANIZA\u00c7\u00d5ES T\u00c9CNICAS E DE ENSINO E PESQUISA, PARA A RENOVA\u00c7\u00c3O DO COMIT\u00ca DA BACIA HIDROGR\u00c1FICA DOS RIOS CORUMB\u00c1, VER\u00cdSSIMO E DA POR\u00c7\u00c3O GOIANA DO RIO S\u00c3O MARCOS GEST\u00c3O 2023\/2027<\/a><\/p>\n\n\n\n<p class=\"has-small-font-size\"><a href=\"https:\/\/cbhcvsm.meioambiente.go.gov.br\/wp-content\/uploads\/2023\/11\/Ata_Usua\u0301rios_Abastecimento_CVSM.pdf\" data-type=\"link\" data-id=\"https:\/\/cbhcvsm.meioambiente.go.gov.br\/wp-content\/uploads\/2023\/11\/Ata_Usua\u0301rios_Abastecimento_CVSM.pdf\">ATA REUNI\u00c3O PLEN\u00c1RIA PARA A ELEI\u00c7\u00c3O DOS MEMBROS, TITULARES E SUPLENTES, REPRESENTANTES DOS USU\u00c1RIOS DE RECURSOS H\u00cdDRICOS, SETOR DE ABASTECIMENTO URBANO E DILUI\u00c7\u00c3O DE EFLUENTES, PARA A RENOVA\u00c7\u00c3O DO COMIT\u00ca DA BACIA HIDROGR\u00c1FICA DOS RIOS CORUMB\u00c1, VER\u00cdSSIMO E DA POR\u00c7\u00c3O GOIANA DO RIO S\u00c3O MARCOS GEST\u00c3O 2023\/2027<\/a><\/p>\n\n\n\n<p class=\"has-small-font-size\"><a href=\"https:\/\/cbhcvsm.meioambiente.go.gov.br\/wp-content\/uploads\/2023\/11\/Ata_Usua\u0301rios_Indu\u0301stria_CVSM.pdf\" data-type=\"link\" data-id=\"https:\/\/cbhcvsm.meioambiente.go.gov.br\/wp-content\/uploads\/2023\/11\/Ata_Usua\u0301rios_Indu\u0301stria_CVSM.pdf\">ATA REUNI\u00c3O PLEN\u00c1RIA PARA A ELEI\u00c7\u00c3O DOS MEMBROS, TITULARES E SUPLENTES, REPRESENTANTES DOS USU\u00c1RIOS DE RECURSOS H\u00cdDRICOS, SETOR DE IND\u00daSTRIA E MINERA\u00c7\u00c3O, PARA A RENOVA\u00c7\u00c3O DO COMIT\u00ca DA BACIA HIDROGR\u00c1FICA DOS RIOS CORUMB\u00c1, VER\u00cdSSIMO E DA POR\u00c7\u00c3O GOIANA DO RIO S\u00c3O MARCOS GEST\u00c3O 2023\/2027<\/a><\/p>\n\n\n\n<p class=\"has-small-font-size\"><a href=\"https:\/\/cbhcvsm.meioambiente.go.gov.br\/wp-content\/uploads\/2023\/11\/Ata_Usua\u0301rios_Irrigac\u0327a\u0303o_CVSM.pdf\" data-type=\"link\" data-id=\"https:\/\/cbhcvsm.meioambiente.go.gov.br\/wp-content\/uploads\/2023\/11\/Ata_Usua\u0301rios_Irrigac\u0327a\u0303o_CVSM.pdf\">ATA REUNI\u00c3O PLEN\u00c1RIA PARA A ELEI\u00c7\u00c3O DOS MEMBROS, TITULARES E SUPLENTES, REPRESENTANTES DOS USU\u00c1RIOS DE RECURSOS H\u00cdDRICOS, SETOR DE IRRIGA\u00c7\u00c3O E USO AGROPECU\u00c1RIO, PARA A RENOVA\u00c7\u00c3O DO COMIT\u00ca DA BACIA HIDROGR\u00c1FICA DOS RIOS CORUMB\u00c1, VER\u00cdSSIMO E DA POR\u00c7\u00c3O GOIANA DO RIO S\u00c3O MARCOS GEST\u00c3O 2023\/2027<\/a><\/p>\n\n\n\n<p class=\"has-small-font-size\"><a href=\"https:\/\/cbhcvsm.meioambiente.go.gov.br\/wp-content\/uploads\/2023\/11\/Ata_Usua\u0301rios_Pesca-turismo-lazer_CVSM.pdf\" data-type=\"link\" data-id=\"https:\/\/cbhcvsm.meioambiente.go.gov.br\/wp-content\/uploads\/2023\/11\/Ata_Usua\u0301rios_Pesca-turismo-lazer_CVSM.pdf\">ATA REUNI\u00c3O PLEN\u00c1RIA PARA A ELEI\u00c7\u00c3O DOS MEMBROS, TITULARES E SUPLENTES, REPRESENTANTES DOS USU\u00c1RIOS DE RECURSOS H\u00cdDRICOS, SETOR DE PESCA, TURISMO, LAZER E OUTROS USOS N\u00c3O CONSUNTIVOS, PARA A RENOVA\u00c7\u00c3O DO COMIT\u00ca DA BACIA HIDROGR\u00c1FICA DOS RIOS CORUMB\u00c1, VER\u00cdSSIMO E DA POR\u00c7\u00c3O GOIANA DO RIO S\u00c3O MARCOS GEST\u00c3O 2023\/2027<\/a><\/p>\n<\/div><\/details><\/div>\n\n\n\n<div class=\"wp-block-atomic-blocks-ab-accordion ab-block-accordion\"><details><summary class=\"ab-accordion-title\">Ata &#8211; Assembleia de Posse<\/summary><div class=\"ab-accordion-text\">\n<p class=\"has-small-font-size\"><a href=\"https:\/\/cbhcvsm.meioambiente.go.gov.br\/wp-content\/uploads\/2024\/01\/ATA-Assembleia-de-Posse-CBH-CVSM.pdf\" data-type=\"link\" data-id=\"https:\/\/cbhcvsm.meioambiente.go.gov.br\/wp-content\/uploads\/2024\/01\/ATA-Assembleia-de-Posse-CBH-CVSM.pdf\">ATA DA ASSEMBLEIA DE POSSE E ELEI\u00c7\u00c3O DA DIRETORIA DO COMIT\u00ca DAS BACIAS HIDROGR\u00c1FICAS DOS RIOS CORUMB\u00c1, VER\u00cdSSIMO E POR\u00c7\u00c3O GOIANA DO RIO S\u00c3O MARCOS &#8211; CBH CVSM PARA O MANDATO 2023 A 2027<\/a><\/p>\n\n\n\n<p class=\"has-small-font-size\"><\/p>\n<\/div><\/details><\/div>\n\n\n\n<div class=\"wp-block-atomic-blocks-ab-accordion ab-block-accordion\"><details><summary class=\"ab-accordion-title\">Listas de Presen\u00e7a &#8211; Plenarias Setorias<\/summary><div class=\"ab-accordion-text\">\n<p><a href=\"https:\/\/cbhcvsm.meioambiente.go.gov.br\/wp-content\/uploads\/2023\/11\/Lista-Plenaria-31-de-Outubro.pdf\" data-type=\"link\" data-id=\"https:\/\/cbhcvsm.meioambiente.go.gov.br\/wp-content\/uploads\/2023\/11\/Lista-Plenaria-31-de-Outubro.pdf\">Plenaria Setorial &#8211; 31 de Outubro de 2023<\/a><\/p>\n<\/div><\/details><\/div>\n\n\n\n<div class=\"wp-block-atomic-blocks-ab-accordion ab-block-accordion\"><details><summary class=\"ab-accordion-title\">Lista de Presen\u00e7a &#8211; Assembleia de Posse<\/summary><div class=\"ab-accordion-text\">\n<p><a href=\"https:\/\/cbhcvsm.meioambiente.go.gov.br\/wp-content\/uploads\/2024\/01\/Lista-de-Presenca-Assembleia-de-posse-CVSM-14_Nov.pdf\" data-type=\"link\" data-id=\"https:\/\/cbhcvsm.meioambiente.go.gov.br\/wp-content\/uploads\/2024\/01\/Lista-de-Presenca-Assembleia-de-posse-CVSM-14_Nov.pdf\">Assembleia de posse e elei\u00e7\u00e3o da diretoria \u2013 14 de Novembro de 2023<\/a><\/p>\n<\/div><\/details><\/div>\n\n\n\n<p><\/p>\n","protected":false},"excerpt":{"rendered":"<p>Os Comit\u00eas das Bacias Hidrogr\u00e1ficas do Estado de Goi\u00e1s, tendo por base a Lei Federal n\u00ba 9.433, de 08 de janeiro de 1997, a Lei Estadual n\u00ba 13.123, de 16 de julho de 1997, bem como o estabelecido em seus regimentos internos realizam elei\u00e7\u00f5es para escolha de seus integrantes, para um mandato de 04 (quatro) [&hellip;]<\/p>\n","protected":false},"author":2,"featured_media":0,"parent":0,"menu_order":0,"comment_status":"closed","ping_status":"closed","template":"general-template.php","meta":{"footnotes":""},"class_list":["post-162","page","type-page","status-publish","hentry"],"featured_image_src":null,"featured_image_src_square":null,"jetpack_sharing_enabled":true,"_links":{"self":[{"href":"https:\/\/cbhcvsm.meioambiente.go.gov.br\/index.php?rest_route=\/wp\/v2\/pages\/162","targetHints":{"allow":["GET"]}}],"collection":[{"href":"https:\/\/cbhcvsm.meioambiente.go.gov.br\/index.php?rest_route=\/wp\/v2\/pages"}],"about":[{"href":"https:\/\/cbhcvsm.meioambiente.go.gov.br\/index.php?rest_route=\/wp\/v2\/types\/page"}],"author":[{"embeddable":true,"href":"https:\/\/cbhcvsm.meioambiente.go.gov.br\/index.php?rest_route=\/wp\/v2\/users\/2"}],"replies":[{"embeddable":true,"href":"https:\/\/cbhcvsm.meioambiente.go.gov.br\/index.php?rest_route=%2Fwp%2Fv2%2Fcomments&post=162"}],"version-history":[{"count":40,"href":"https:\/\/cbhcvsm.meioambiente.go.gov.br\/index.php?rest_route=\/wp\/v2\/pages\/162\/revisions"}],"predecessor-version":[{"id":959,"href":"https:\/\/cbhcvsm.meioambiente.go.gov.br\/index.php?rest_route=\/wp\/v2\/pages\/162\/revisions\/959"}],"wp:attachment":[{"href":"https:\/\/cbhcvsm.meioambiente.go.gov.br\/index.php?rest_route=%2Fwp%2Fv2%2Fmedia&parent=162"}],"curies":[{"name":"wp","href":"https:\/\/api.w.org\/{rel}","templated":true}]}}