{"id":160,"date":"2022-01-17T15:11:05","date_gmt":"2022-01-17T18:11:05","guid":{"rendered":"https:\/\/cbhcvsm.meioambiente.go.gov.br\/?page_id=160"},"modified":"2025-12-10T17:28:08","modified_gmt":"2025-12-10T20:28:08","slug":"diretoria","status":"publish","type":"page","link":"https:\/\/cbhcvsm.meioambiente.go.gov.br\/?page_id=160","title":{"rendered":"Diretoria"},"content":{"rendered":"\t\t<div data-elementor-type=\"wp-page\" data-elementor-id=\"160\" class=\"elementor elementor-160\" data-elementor-post-type=\"page\">\n\t\t\t\t<div class=\"elementor-element elementor-element-5aa3e0e e-flex e-con-boxed e-con e-parent\" data-id=\"5aa3e0e\" data-element_type=\"container\" data-e-type=\"container\">\n\t\t\t\t\t<div class=\"e-con-inner\">\n\t\t<div class=\"elementor-element elementor-element-8868c98 e-con-full e-flex e-con e-child\" data-id=\"8868c98\" data-element_type=\"container\" data-e-type=\"container\">\n\t\t\t\t<div class=\"elementor-element elementor-element-f23b549 elementor-position-top elementor-widget elementor-widget-image-box\" data-id=\"f23b549\" data-element_type=\"widget\" data-e-type=\"widget\" data-widget_type=\"image-box.default\">\n\t\t\t\t<div class=\"elementor-widget-container\">\n\t\t\t\t\t<div class=\"elementor-image-box-wrapper\"><figure class=\"elementor-image-box-img\"><img decoding=\"async\" width=\"177\" height=\"177\" src=\"https:\/\/i0.wp.com\/cbhcvsm.meioambiente.go.gov.br\/wp-content\/uploads\/2024\/05\/Fabio.png?fit=177%2C177&amp;ssl=1\" class=\"attachment-full size-full wp-image-995\" alt=\"\" srcset=\"https:\/\/i0.wp.com\/cbhcvsm.meioambiente.go.gov.br\/wp-content\/uploads\/2024\/05\/Fabio.png?w=177&amp;ssl=1 177w, https:\/\/i0.wp.com\/cbhcvsm.meioambiente.go.gov.br\/wp-content\/uploads\/2024\/05\/Fabio.png?resize=150%2C150&amp;ssl=1 150w\" sizes=\"(max-width: 177px) 100vw, 177px\" \/><\/figure><div class=\"elementor-image-box-content\"><h3 class=\"elementor-image-box-title\">F\u00e1bio Floriano Haesbaert<\/h3><p class=\"elementor-image-box-description\">Associa\u00e7\u00e3o Nacional das Mineradoras de \u00c1guas Termais - AMAT<br><strong>Presidente<\/strong><\/p><\/div><\/div>\t\t\t\t<\/div>\n\t\t\t\t<\/div>\n\t\t\t\t<\/div>\n\t\t<div class=\"elementor-element elementor-element-dcea521 e-con-full e-flex e-con e-child\" data-id=\"dcea521\" data-element_type=\"container\" data-e-type=\"container\">\n\t\t\t\t<div class=\"elementor-element elementor-element-a2c3c8e elementor-position-top elementor-widget elementor-widget-image-box\" data-id=\"a2c3c8e\" data-element_type=\"widget\" data-e-type=\"widget\" data-widget_type=\"image-box.default\">\n\t\t\t\t<div class=\"elementor-widget-container\">\n\t\t\t\t\t<div class=\"elementor-image-box-wrapper\"><figure class=\"elementor-image-box-img\"><img decoding=\"async\" width=\"177\" height=\"177\" src=\"https:\/\/i0.wp.com\/cbhcvsm.meioambiente.go.gov.br\/wp-content\/uploads\/2025\/12\/Diogo-Lourenco-Segatti.png?fit=177%2C177&amp;ssl=1\" class=\"attachment-full size-full wp-image-1147\" alt=\"\" srcset=\"https:\/\/i0.wp.com\/cbhcvsm.meioambiente.go.gov.br\/wp-content\/uploads\/2025\/12\/Diogo-Lourenco-Segatti.png?w=177&amp;ssl=1 177w, https:\/\/i0.wp.com\/cbhcvsm.meioambiente.go.gov.br\/wp-content\/uploads\/2025\/12\/Diogo-Lourenco-Segatti.png?resize=150%2C150&amp;ssl=1 150w\" sizes=\"(max-width: 177px) 100vw, 177px\" \/><\/figure><div class=\"elementor-image-box-content\"><h3 class=\"elementor-image-box-title\">Diogo Louren\u00e7o Segatti<\/h3><p class=\"elementor-image-box-description\">Secretaria de Estado de Meio Ambiente e Desenvolvimento Sustent\u00e1vel - SEMAD<br><strong>1\u00ba Vice-Presidente<\/strong><\/p><\/div><\/div>\t\t\t\t<\/div>\n\t\t\t\t<\/div>\n\t\t\t\t<\/div>\n\t\t\t\t\t<\/div>\n\t\t\t\t<\/div>\n\t\t<div class=\"elementor-element elementor-element-1cba884 e-flex e-con-boxed e-con e-parent\" data-id=\"1cba884\" data-element_type=\"container\" data-e-type=\"container\">\n\t\t\t\t\t<div class=\"e-con-inner\">\n\t\t<div class=\"elementor-element elementor-element-ce898f5 e-con-full e-flex e-con e-child\" data-id=\"ce898f5\" data-element_type=\"container\" data-e-type=\"container\">\n\t\t\t\t<div class=\"elementor-element elementor-element-e981047 elementor-position-top elementor-widget elementor-widget-image-box\" data-id=\"e981047\" data-element_type=\"widget\" data-e-type=\"widget\" data-widget_type=\"image-box.default\">\n\t\t\t\t<div class=\"elementor-widget-container\">\n\t\t\t\t\t<div class=\"elementor-image-box-wrapper\"><figure class=\"elementor-image-box-img\"><img decoding=\"async\" width=\"177\" height=\"177\" src=\"https:\/\/i0.wp.com\/cbhcvsm.meioambiente.go.gov.br\/wp-content\/uploads\/2025\/12\/Thiago-Castro.png?fit=177%2C177&amp;ssl=1\" class=\"attachment-full size-full wp-image-1149\" alt=\"\" srcset=\"https:\/\/i0.wp.com\/cbhcvsm.meioambiente.go.gov.br\/wp-content\/uploads\/2025\/12\/Thiago-Castro.png?w=177&amp;ssl=1 177w, https:\/\/i0.wp.com\/cbhcvsm.meioambiente.go.gov.br\/wp-content\/uploads\/2025\/12\/Thiago-Castro.png?resize=150%2C150&amp;ssl=1 150w\" sizes=\"(max-width: 177px) 100vw, 177px\" \/><\/figure><div class=\"elementor-image-box-content\"><h3 class=\"elementor-image-box-title\">Thiago Castro de Oliveira<\/h3><p class=\"elementor-image-box-description\">Federa\u00e7\u00e3o da Agricultura e Pecu\u00e1ria do Estado de Goi\u00e1s - FAEG<br><strong>2\u00ba Vice-Presidente<\/strong><\/p><\/div><\/div>\t\t\t\t<\/div>\n\t\t\t\t<\/div>\n\t\t\t\t<\/div>\n\t\t<div class=\"elementor-element elementor-element-49bf26d e-con-full e-flex e-con e-child\" data-id=\"49bf26d\" data-element_type=\"container\" data-e-type=\"container\">\n\t\t\t\t<div class=\"elementor-element elementor-element-75896ba elementor-position-top elementor-widget elementor-widget-image-box\" data-id=\"75896ba\" data-element_type=\"widget\" data-e-type=\"widget\" data-widget_type=\"image-box.default\">\n\t\t\t\t<div class=\"elementor-widget-container\">\n\t\t\t\t\t<div class=\"elementor-image-box-wrapper\"><figure class=\"elementor-image-box-img\"><img loading=\"lazy\" decoding=\"async\" width=\"177\" height=\"177\" src=\"https:\/\/i0.wp.com\/cbhcvsm.meioambiente.go.gov.br\/wp-content\/uploads\/2025\/12\/Alvaro-Henrique-Candido-de-Souza.png?fit=177%2C177&amp;ssl=1\" class=\"attachment-full size-full wp-image-1148\" alt=\"\" srcset=\"https:\/\/i0.wp.com\/cbhcvsm.meioambiente.go.gov.br\/wp-content\/uploads\/2025\/12\/Alvaro-Henrique-Candido-de-Souza.png?w=177&amp;ssl=1 177w, https:\/\/i0.wp.com\/cbhcvsm.meioambiente.go.gov.br\/wp-content\/uploads\/2025\/12\/Alvaro-Henrique-Candido-de-Souza.png?resize=150%2C150&amp;ssl=1 150w\" sizes=\"(max-width: 177px) 100vw, 177px\" \/><\/figure><div class=\"elementor-image-box-content\"><h3 class=\"elementor-image-box-title\">\u00c1lvaro Henrique C\u00e2ndido de Souza<\/h3><p class=\"elementor-image-box-description\">Instituto Federal Goiano \u2013 Campus Cristalina\t<br><strong>Secret\u00e1rio Executivo<\/strong><\/p><\/div><\/div>\t\t\t\t<\/div>\n\t\t\t\t<\/div>\n\t\t\t\t<\/div>\n\t\t\t\t\t<\/div>\n\t\t\t\t<\/div>\n\t\t\t\t<\/div>\n\t\t","protected":false},"excerpt":{"rendered":"<p>F\u00e1bio Floriano Haesbaert Associa\u00e7\u00e3o Nacional das Mineradoras de \u00c1guas Termais &#8211; AMATPresidente Diogo Louren\u00e7o Segatti Secretaria de Estado de Meio Ambiente e Desenvolvimento Sustent\u00e1vel &#8211; SEMAD1\u00ba Vice-Presidente Thiago Castro de Oliveira Federa\u00e7\u00e3o da Agricultura e Pecu\u00e1ria do Estado de Goi\u00e1s &#8211; FAEG2\u00ba Vice-Presidente \u00c1lvaro Henrique C\u00e2ndido de Souza Instituto Federal Goiano \u2013 Campus Cristalina Secret\u00e1rio [&hellip;]<\/p>\n","protected":false},"author":2,"featured_media":0,"parent":0,"menu_order":0,"comment_status":"closed","ping_status":"closed","template":"general-template.php","meta":{"footnotes":""},"class_list":["post-160","page","type-page","status-publish","hentry"],"featured_image_src":null,"featured_image_src_square":null,"jetpack_sharing_enabled":true,"_links":{"self":[{"href":"https:\/\/cbhcvsm.meioambiente.go.gov.br\/index.php?rest_route=\/wp\/v2\/pages\/160","targetHints":{"allow":["GET"]}}],"collection":[{"href":"https:\/\/cbhcvsm.meioambiente.go.gov.br\/index.php?rest_route=\/wp\/v2\/pages"}],"about":[{"href":"https:\/\/cbhcvsm.meioambiente.go.gov.br\/index.php?rest_route=\/wp\/v2\/types\/page"}],"author":[{"embeddable":true,"href":"https:\/\/cbhcvsm.meioambiente.go.gov.br\/index.php?rest_route=\/wp\/v2\/users\/2"}],"replies":[{"embeddable":true,"href":"https:\/\/cbhcvsm.meioambiente.go.gov.br\/index.php?rest_route=%2Fwp%2Fv2%2Fcomments&post=160"}],"version-history":[{"count":30,"href":"https:\/\/cbhcvsm.meioambiente.go.gov.br\/index.php?rest_route=\/wp\/v2\/pages\/160\/revisions"}],"predecessor-version":[{"id":1152,"href":"https:\/\/cbhcvsm.meioambiente.go.gov.br\/index.php?rest_route=\/wp\/v2\/pages\/160\/revisions\/1152"}],"wp:attachment":[{"href":"https:\/\/cbhcvsm.meioambiente.go.gov.br\/index.php?rest_route=%2Fwp%2Fv2%2Fmedia&parent=160"}],"curies":[{"name":"wp","href":"https:\/\/api.w.org\/{rel}","templated":true}]}}