{"id":1129,"date":"2025-07-17T17:08:24","date_gmt":"2025-07-17T20:08:24","guid":{"rendered":"https:\/\/cbhcvsm.meioambiente.go.gov.br\/?page_id=1129"},"modified":"2025-07-17T17:09:09","modified_gmt":"2025-07-17T20:09:09","slug":"pap-plano-de-aplicacao-plurianual","status":"publish","type":"page","link":"https:\/\/cbhcvsm.meioambiente.go.gov.br\/?page_id=1129","title":{"rendered":"PAP &#8211; Plano de Aplica\u00e7\u00e3o Plurianual"},"content":{"rendered":"\n<p>O Plano de Aplica\u00e7\u00e3o Plurianual (PAP) \u00e9 uma ferramenta estrat\u00e9gica de planejamento que orienta a destina\u00e7\u00e3o dos recursos financeiros arrecadados com a cobran\u00e7a pelo uso dos recursos h\u00eddricos. Esses recursos s\u00e3o aplicados em a\u00e7\u00f5es alinhadas ao Plano da Bacia Hidrogr\u00e1fica, promovendo uma gest\u00e3o eficiente, transparente e participativa.<\/p>\n\n\n\n<p>O PAP apoia a implementa\u00e7\u00e3o do Plano de Bacia ao articular, de forma integrada, estrat\u00e9gias, diretrizes e metas para o m\u00e9dio prazo (3 anos), assegurando o uso sustent\u00e1vel da \u00e1gua e a melhoria da qualidade ambiental.<\/p>\n\n\n\n<div class=\"wp-block-atomic-blocks-ab-accordion ab-block-accordion ab-font-size-22\"><details><summary class=\"ab-accordion-title\">2025 \u00e0 2027<\/summary><div class=\"ab-accordion-text\">\n<p><a href=\"https:\/\/cbhcvsm.meioambiente.go.gov.br\/wp-content\/uploads\/2025\/07\/PAP_CVSM_Abril_2025_Revisado.pdf\">CBH CVSM \u2013 PAP 2025 a 2027<\/a><\/p>\n<\/div><\/details><\/div>\n","protected":false},"excerpt":{"rendered":"<p>O Plano de Aplica\u00e7\u00e3o Plurianual (PAP) \u00e9 uma ferramenta estrat\u00e9gica de planejamento que orienta a destina\u00e7\u00e3o dos recursos financeiros arrecadados com a cobran\u00e7a pelo uso dos recursos h\u00eddricos. Esses recursos s\u00e3o aplicados em a\u00e7\u00f5es alinhadas ao Plano da Bacia Hidrogr\u00e1fica, promovendo uma gest\u00e3o eficiente, transparente e participativa. O PAP apoia a implementa\u00e7\u00e3o do Plano de [&hellip;]<\/p>\n","protected":false},"author":2,"featured_media":0,"parent":0,"menu_order":0,"comment_status":"closed","ping_status":"closed","template":"general-template.php","meta":{"footnotes":""},"class_list":["post-1129","page","type-page","status-publish","hentry"],"featured_image_src":null,"featured_image_src_square":null,"jetpack_sharing_enabled":true,"_links":{"self":[{"href":"https:\/\/cbhcvsm.meioambiente.go.gov.br\/index.php?rest_route=\/wp\/v2\/pages\/1129","targetHints":{"allow":["GET"]}}],"collection":[{"href":"https:\/\/cbhcvsm.meioambiente.go.gov.br\/index.php?rest_route=\/wp\/v2\/pages"}],"about":[{"href":"https:\/\/cbhcvsm.meioambiente.go.gov.br\/index.php?rest_route=\/wp\/v2\/types\/page"}],"author":[{"embeddable":true,"href":"https:\/\/cbhcvsm.meioambiente.go.gov.br\/index.php?rest_route=\/wp\/v2\/users\/2"}],"replies":[{"embeddable":true,"href":"https:\/\/cbhcvsm.meioambiente.go.gov.br\/index.php?rest_route=%2Fwp%2Fv2%2Fcomments&post=1129"}],"version-history":[{"count":1,"href":"https:\/\/cbhcvsm.meioambiente.go.gov.br\/index.php?rest_route=\/wp\/v2\/pages\/1129\/revisions"}],"predecessor-version":[{"id":1130,"href":"https:\/\/cbhcvsm.meioambiente.go.gov.br\/index.php?rest_route=\/wp\/v2\/pages\/1129\/revisions\/1130"}],"wp:attachment":[{"href":"https:\/\/cbhcvsm.meioambiente.go.gov.br\/index.php?rest_route=%2Fwp%2Fv2%2Fmedia&parent=1129"}],"curies":[{"name":"wp","href":"https:\/\/api.w.org\/{rel}","templated":true}]}}