{"id":11,"date":"2021-09-08T15:26:17","date_gmt":"2021-09-08T18:26:17","guid":{"rendered":"https:\/\/cbhcvsm.meioambiente.go.gov.br\/?page_id=11"},"modified":"2023-01-31T16:16:34","modified_gmt":"2023-01-31T19:16:34","slug":"sobre-o-cbh-cvsm","status":"publish","type":"page","link":"https:\/\/cbhcvsm.meioambiente.go.gov.br\/?page_id=11","title":{"rendered":"Sobre o CBH CVSM"},"content":{"rendered":"\n<p class=\"has-medium-font-size\">O CBH CVSM foi institu\u00eddo em 29 de dezembro de 2011, por meio do decreto n\u00ba 7.536. Ele \u00e9 um \u00f3rg\u00e3o colegiado, com atribui\u00e7\u00f5es deliberativas e consultivas, de n\u00edvel regional e estrat\u00e9gico, do Sistema Estadual de Gerenciamento de Recursos H\u00eddricos. Pelo decreto, a \u00e1rea de atua\u00e7\u00e3o do CBH CVSM s\u00e3o as bacias hidrogr\u00e1ficas dos afluentes do Rio Parana\u00edba, delimitadas a Oeste pela bacia do Rio Meia Ponte e a Leste pela divisa com o Estado de Minas Gerais, compreendendo, principalmente, de Oeste para Leste, as bacias dos Rios Corumb\u00e1, Ver\u00edssimo e a por\u00e7\u00e3o goiana da bacia do Rio S\u00e3o Marcos.<\/p>\n\n\n\n<p class=\"has-medium-font-size\">O comit\u00ea dever\u00e1 se reunir periodicamente para tratar de assuntos da bacia, focando no uso da \u00e1gua. Al\u00e9m disso, trabalhar em parceria com a sociedade para a sustentabilidade das Bacias Hidrogr\u00e1ficas da sua \u00e1rea de atua\u00e7\u00e3o.<\/p>\n\n\n\n<p class=\"has-medium-font-size\">O rio Corumb\u00e1 \u00e9 um dos tr\u00eas principais contribuintes do rio Parana\u00edba e suas \u00e1guas servem ao abastecimento de cidades, \u00e0 gera\u00e7\u00e3o de energia e \u00e0 irriga\u00e7\u00e3o de lavouras. Sua nascente est\u00e1 localizada na Serra dos Pirineus, a uma altitude de 1.100m.<\/p>\n\n\n\n<p class=\"has-medium-font-size\">A divisa entre os estados de Goi\u00e1s e Minas Gerais \u00e9 feita pelo rio S\u00e3o Marcos. Nesta bacia, pratica-se a agricultura irrigada de maneira intensa, por conta das condi\u00e7\u00f5es do solo em determinadas regi\u00f5es, como no caso do munic\u00edpio de Cristalina.<\/p>\n\n\n\n<p class=\"has-medium-font-size\">O turismo na regi\u00e3o dos munic\u00edpios de Caldas Novas e Rio Quente, que fazem parte da UPGRH, \u00e9 not\u00e1vel. A \u00e1rea tamb\u00e9m conta com a presen\u00e7a das UHEs Corumb\u00e1 I, III e IV. Outro fator importante para essa UPGRH \u00e9 a infraestrutura de saneamento b\u00e1sico que, devido ao o crescimento acelerado, sofre com problemas de descarte de esgoto in natura em muitos afluentes. Al\u00e9m da ocupa\u00e7\u00e3o urbana, \u00e9 v\u00e1lido destacar as Unidades de Conserva\u00e7\u00e3o e a agricultura.<\/p>\n\n\n\n<p class=\"has-medium-font-size\">Essa UPGRH possui uma \u00e1rea de 47.212,36 km\u00b2, que \u00e9 dividida em dois biomas importantes, sendo 95% de Cerrado e os outros 5% de Mata Atl\u00e2ntica. Aproximadamente apenas 33,4% ainda possui vegeta\u00e7\u00e3o nativa, sendo os outros 66,6% compostos, em sua maioria, por pastagens e lavouras. Por fim, A UPGRH dos Rios Corumb\u00e1, Ver\u00edssimo e Por\u00e7\u00e3o Goiana do Rio S\u00e3o Marcos possui 982 ottobacias (\u00e1reas de contribui\u00e7\u00e3o dos trechos da rede hidrogr\u00e1fica codificadas segundo o m\u00e9todo de Otto Pfafstetter para classifica\u00e7\u00e3o de bacias) dentro do recorte do Estado&nbsp;de&nbsp;Goi\u00e1s.<\/p>\n","protected":false},"excerpt":{"rendered":"<p>O CBH CVSM foi institu\u00eddo em 29 de dezembro de 2011, por meio do decreto n\u00ba 7.536. Ele \u00e9 um \u00f3rg\u00e3o colegiado, com atribui\u00e7\u00f5es deliberativas e consultivas, de n\u00edvel regional e estrat\u00e9gico, do Sistema Estadual de Gerenciamento de Recursos H\u00eddricos. Pelo decreto, a \u00e1rea de atua\u00e7\u00e3o do CBH CVSM s\u00e3o as bacias hidrogr\u00e1ficas dos afluentes [&hellip;]<\/p>\n","protected":false},"author":2,"featured_media":0,"parent":0,"menu_order":0,"comment_status":"closed","ping_status":"closed","template":"general-template.php","meta":{"footnotes":""},"class_list":["post-11","page","type-page","status-publish","hentry"],"featured_image_src":null,"featured_image_src_square":null,"jetpack_sharing_enabled":true,"_links":{"self":[{"href":"https:\/\/cbhcvsm.meioambiente.go.gov.br\/index.php?rest_route=\/wp\/v2\/pages\/11","targetHints":{"allow":["GET"]}}],"collection":[{"href":"https:\/\/cbhcvsm.meioambiente.go.gov.br\/index.php?rest_route=\/wp\/v2\/pages"}],"about":[{"href":"https:\/\/cbhcvsm.meioambiente.go.gov.br\/index.php?rest_route=\/wp\/v2\/types\/page"}],"author":[{"embeddable":true,"href":"https:\/\/cbhcvsm.meioambiente.go.gov.br\/index.php?rest_route=\/wp\/v2\/users\/2"}],"replies":[{"embeddable":true,"href":"https:\/\/cbhcvsm.meioambiente.go.gov.br\/index.php?rest_route=%2Fwp%2Fv2%2Fcomments&post=11"}],"version-history":[{"count":3,"href":"https:\/\/cbhcvsm.meioambiente.go.gov.br\/index.php?rest_route=\/wp\/v2\/pages\/11\/revisions"}],"predecessor-version":[{"id":574,"href":"https:\/\/cbhcvsm.meioambiente.go.gov.br\/index.php?rest_route=\/wp\/v2\/pages\/11\/revisions\/574"}],"wp:attachment":[{"href":"https:\/\/cbhcvsm.meioambiente.go.gov.br\/index.php?rest_route=%2Fwp%2Fv2%2Fmedia&parent=11"}],"curies":[{"name":"wp","href":"https:\/\/api.w.org\/{rel}","templated":true}]}}